{"id":21038,"date":"2025-10-23T14:30:04","date_gmt":"2025-10-23T13:30:04","guid":{"rendered":"https:\/\/staging.fujifilmprint.eu\/?page_id=21038"},"modified":"2025-11-13T12:32:01","modified_gmt":"2025-11-13T11:32:01","slug":"collection-services","status":"publish","type":"page","link":"https:\/\/fujifilmprint.eu\/pl\/collection-services\/","title":{"rendered":"Us\u0142ugi windykacyjne"},"content":{"rendered":"<section id=\"black-header\">\n\t<div class=\"container-fluid black-pt\" style=\"background-image: url('https:\/\/fujifilmprint.eu\/wp-content\/uploads\/2025\/10\/Flower-sustainabilityAdobeStock_585179623-e1755096172888.jpg');background-size: cover;padding: 0;\">\n\t<div class=\"overlay\" style=\"padding: 200px 0;\">\t\t<div class=\"container\">\n\t\t\t<h2 style=\"line-height: 80px;\">\n\t\t\t\tUs\u0142ugi windykacyjne\t\t\t<\/h2>\n\t\t\t<h3>\n\t\t\t\tZbieraj, u\u017cywaj ponownie i poddawaj recyklingowi: Okr\u0105g\u0142e podej\u015bcie Fujifilm\t\t\t<\/h3>\n\t\t<\/div>\n\t<\/div>\t<\/div>\n<\/section>\n\n<div style=\"height:50px;\">\n<\/div>\n\n<section id=\"txt-header\">\n\t<div class=\"container block-text-header\">\n\t\t<h3><\/h3>\n\t\t<h2>Promowanie obiegu zasob\u00f3w<\/h2>\n\t\t<p><p>Firma Fujifilm wdro\u017cy\u0142a polityk\u0119 recyklingu, maj\u0105c\u0105 na celu \u2018zero odpad\u00f3w\u2019 i promowanie obiegu zasob\u00f3w, kt\u00f3ra obejmuje zbieranie, ponowne wykorzystywanie i recykling zu\u017cytego sprz\u0119tu i produkt\u00f3w od klient\u00f3w od 1995 roku. Polityka ta koncentruje si\u0119 na zmniejszeniu zu\u017cycia nowych zasob\u00f3w i promowaniu obiegu zasob\u00f3w poprzez ponowne wykorzystanie cz\u0119\u015bci pobranych z zebranych zu\u017cytych produkt\u00f3w.<\/p>\n<p><img loading=\"lazy\" decoding=\"async\" class=\"alignright\" src=\"https:\/\/office-staging.fujifilmprint.eu\/wp-content\/uploads\/2025\/09\/Circular-Manufacturing-Center-building-1024x731.jpg\" alt=\"\" width=\"585\" height=\"418\" \/><\/p>\n<p>W 2024 r. firma Fujifilm og\u0142osi\u0142a utworzenie Circular Manufacturing Center z siedzib\u0105 w zak\u0142adzie FUJIFILM Manufacturing Europe B.V. w Holandii w celu promowania obiegu zasob\u00f3w w Europie. W pierwszej kolejno\u015bci nowe centrum produkcyjne koncentruje si\u0119 na zbieraniu zu\u017cytych kaset z tonerem, kt\u00f3re po zebraniu s\u0105 demontowane, czyszczone i sprawdzane, a nast\u0119pnie regenerowane jako nowe kasety z tonerem do wysy\u0142ki w regionie europejskim. W przysz\u0142o\u015bci Fujifilm planuje rozszerzy\u0107 te procesy regeneracji na inne produkty, takie jak regenerowane drukarki wielofunkcyjne i cz\u0119\u015bci zamienne do drukarek produkcyjnych.<\/p>\n<h6 class=\"s8\"><\/h6>\n<\/p>\n\t<\/div>\n<\/section>\n\n<div style=\"height:20px;\">\n<\/div>\n\n<section id=\"txt-header\">\n\t<div class=\"container block-text-header\">\n\t\t<h3><\/h3>\n\t\t<h2><\/h2>\n\t\t<p><p><img loading=\"lazy\" decoding=\"async\" class=\"alignleft wp-image-21437\" style=\"font-family: Poppins, sans-serif; font-size: 18px;\" src=\"https:\/\/office-staging.fujifilmprint.eu\/wp-content\/uploads\/2025\/09\/Circular-Manufacturing-Center-toner-731x1024.jpg\" alt=\"\" width=\"351\" height=\"491\" \/><\/p>\n<p>Co wi\u0119cej, FUJIFILM Manufacturing Europe B.V. dostarcza ca\u0142\u0105 swoj\u0105 energi\u0119 elektryczn\u0105 z w\u0142asnej elektrowni wiatrowej i od zakupionej firmy wytwarzaj\u0105cej energi\u0119 wiatrow\u0105. W zwi\u0105zku z tym nowo utworzone Circular Manufacturing Center mo\u017ce r\u00f3wnie\u017c osi\u0105gn\u0105\u0107 praktycznie zerow\u0105 emisj\u0119 CO2 z wykorzystywanej energii elektrycznej. FUJIFILM Manufacturing Europe B.V. ma ponad 40-letni\u0105 histori\u0119 produkcji r\u00f3\u017cnych produkt\u00f3w Fujifilm, a jej lokalizacja w Holandii sprawia, \u017ce jest dobrze przygotowana do efektywnej wysy\u0142ki produkt\u00f3w na ca\u0142y kontynent europejski.<\/p>\n<p>Wraz z otwarciem Circular Manufacturing Center w Europie, Fujifilm zamierza wzmocni\u0107 swoje dzia\u0142ania w zakresie obiegu zasob\u00f3w, aby przyczyni\u0107 si\u0119 do promowania gospodarki o obiegu zamkni\u0119tym.<\/p>\n<h6 class=\"s8\"><span class=\"s7\">Urz\u0105dzenia MFP s\u0105 regenerowane z u\u017cywanych produkt\u00f3w, kt\u00f3re s\u0105 odbierane od klient\u00f3w. Produkty s\u0105 demontowane, czyszczone i sprawdzane, a wszelkie cz\u0119\u015bci, kt\u00f3re nie spe\u0142niaj\u0105 okre\u015blonych standard\u00f3w jako\u015bci, s\u0105 wymieniane.<\/span><\/h6>\n<\/p>\n\t<\/div>\n<\/section>\n\n<div style=\"height:100px;\">\n<\/div>\n\n\n\n\n<div style=\"height:80px;\">\n<\/div>\n\n<section id=\"dark-form\">\n\t<div id=\"footer-form\" class=\"container\">\n\t\t<h2>Jakie\u015b pytania? Prosimy o kontakt z nami poni\u017cej:<\/h2>\n\n\t\t \r\n\r\n  \r\n\r\n \r\n\r\n  \r\n\r\n \r\n\r\n  \r\n\r\n \r\n\r\n  \r\n\r\n \r\n\r\n<script src=\"\/\/info.fujifilm.eu\/js\/forms2\/js\/forms2.min.js\"><\/script> <form id=\"mktoForm_5285\" action=\"\"><input type=\"hidden\" name=\"trp-form-language\" value=\"pl\"\/><\/form> <script>MktoForms2.loadForm(\"\/\/info.fujifilm.eu\", \"060-MIY-956\", 5285);<\/script> \r\n\r\n \r\n\r\n  \r\n\r\n \r\n\r\n  \r\n\r\n \r\n\r\n  \r\n\r\n \r\n\r\n  \r\n\r\n \n\t\t<div id=\"confirmform\" style=\"visibility:hidden;\">\n                            <p><strong>\n\t\t\t\t\tDzi\u0119kujemy za zapytanie, wkr\u00f3tce kto\u015b si\u0119 z Tob\u0105 skontaktuje.\t\t\t\t\t<\/strong><\/p>\n              \n        <\/div>\n\t<\/div>\n<\/section>","protected":false},"excerpt":{"rendered":"","protected":false},"author":12,"featured_media":0,"parent":0,"menu_order":0,"comment_status":"closed","ping_status":"closed","template":"","meta":{"inline_featured_image":false,"footnotes":""},"class_list":["post-21038","page","type-page","status-publish","hentry"],"acf":[],"yoast_head":"<!-- This site is optimized with the Yoast SEO plugin v22.0 - https:\/\/yoast.com\/wordpress\/plugins\/seo\/ -->\n<title>Collection Services - Fujifilm Print EMEA<\/title>\n<meta name=\"robots\" content=\"index, follow, max-snippet:-1, max-image-preview:large, max-video-preview:-1\" \/>\n<link rel=\"canonical\" href=\"https:\/\/fujifilmprint.eu\/pl\/collection-services\/\" \/>\n<meta property=\"og:locale\" content=\"pl_PL\" \/>\n<meta property=\"og:type\" content=\"article\" \/>\n<meta property=\"og:title\" content=\"Collection Services - Fujifilm Print EMEA\" \/>\n<meta property=\"og:url\" content=\"https:\/\/fujifilmprint.eu\/pl\/collection-services\/\" \/>\n<meta property=\"og:site_name\" content=\"Fujifilm Print EMEA\" \/>\n<meta property=\"article:modified_time\" content=\"2025-11-13T11:32:01+00:00\" \/>\n<meta name=\"twitter:card\" content=\"summary_large_image\" \/>\n<meta name=\"twitter:label1\" content=\"Szacowany czas czytania\" \/>\n\t<meta name=\"twitter:data1\" content=\"1 minuta\" \/>\n<script type=\"application\/ld+json\" class=\"yoast-schema-graph\">{\"@context\":\"https:\/\/schema.org\",\"@graph\":[{\"@type\":\"WebPage\",\"@id\":\"https:\/\/fujifilmprint.eu\/collection-services\/\",\"url\":\"https:\/\/fujifilmprint.eu\/collection-services\/\",\"name\":\"Collection Services - Fujifilm Print EMEA\",\"isPartOf\":{\"@id\":\"https:\/\/fujifilmprint.eu\/#website\"},\"datePublished\":\"2025-10-23T13:30:04+00:00\",\"dateModified\":\"2025-11-13T11:32:01+00:00\",\"breadcrumb\":{\"@id\":\"https:\/\/fujifilmprint.eu\/collection-services\/#breadcrumb\"},\"inLanguage\":\"pl-PL\",\"potentialAction\":[{\"@type\":\"ReadAction\",\"target\":[\"https:\/\/fujifilmprint.eu\/collection-services\/\"]}]},{\"@type\":\"BreadcrumbList\",\"@id\":\"https:\/\/fujifilmprint.eu\/collection-services\/#breadcrumb\",\"itemListElement\":[{\"@type\":\"ListItem\",\"position\":1,\"name\":\"Home\",\"item\":\"https:\/\/fujifilmprint.eu\/\"},{\"@type\":\"ListItem\",\"position\":2,\"name\":\"Collection Services\"}]},{\"@type\":\"WebSite\",\"@id\":\"https:\/\/fujifilmprint.eu\/#website\",\"url\":\"https:\/\/fujifilmprint.eu\/\",\"name\":\"Fujifilm Print EMEA\",\"description\":\"\",\"publisher\":{\"@id\":\"https:\/\/fujifilmprint.eu\/#organization\"},\"potentialAction\":[{\"@type\":\"SearchAction\",\"target\":{\"@type\":\"EntryPoint\",\"urlTemplate\":\"https:\/\/fujifilmprint.eu\/?s={search_term_string}\"},\"query-input\":\"required name=search_term_string\"}],\"inLanguage\":\"pl-PL\"},{\"@type\":\"Organization\",\"@id\":\"https:\/\/fujifilmprint.eu\/#organization\",\"name\":\"Fujifilm Print EMEA\",\"url\":\"https:\/\/fujifilmprint.eu\/\",\"logo\":{\"@type\":\"ImageObject\",\"inLanguage\":\"pl-PL\",\"@id\":\"https:\/\/fujifilmprint.eu\/#\/schema\/logo\/image\/\",\"url\":\"https:\/\/fujifilmprint.eu\/wp-content\/uploads\/2022\/07\/fujifilm-1.png\",\"contentUrl\":\"https:\/\/fujifilmprint.eu\/wp-content\/uploads\/2022\/07\/fujifilm-1.png\",\"width\":416,\"height\":70,\"caption\":\"Fujifilm Print EMEA\"},\"image\":{\"@id\":\"https:\/\/fujifilmprint.eu\/#\/schema\/logo\/image\/\"}}]}<\/script>\n<!-- \/ Yoast SEO plugin. -->","yoast_head_json":{"title":"Us\u0142ugi windykacyjne - Fujifilm Print EMEA","robots":{"index":"index","follow":"follow","max-snippet":"max-snippet:-1","max-image-preview":"max-image-preview:large","max-video-preview":"max-video-preview:-1"},"canonical":"https:\/\/fujifilmprint.eu\/pl\/collection-services\/","og_locale":"pl_PL","og_type":"article","og_title":"Collection Services - Fujifilm Print EMEA","og_url":"https:\/\/fujifilmprint.eu\/pl\/collection-services\/","og_site_name":"Fujifilm Print EMEA","article_modified_time":"2025-11-13T11:32:01+00:00","twitter_card":"summary_large_image","twitter_misc":{"Szacowany czas czytania":"1 minuta"},"schema":{"@context":"https:\/\/schema.org","@graph":[{"@type":"WebPage","@id":"https:\/\/fujifilmprint.eu\/collection-services\/","url":"https:\/\/fujifilmprint.eu\/collection-services\/","name":"Us\u0142ugi windykacyjne - Fujifilm Print EMEA","isPartOf":{"@id":"https:\/\/fujifilmprint.eu\/#website"},"datePublished":"2025-10-23T13:30:04+00:00","dateModified":"2025-11-13T11:32:01+00:00","breadcrumb":{"@id":"https:\/\/fujifilmprint.eu\/collection-services\/#breadcrumb"},"inLanguage":"pl-PL","potentialAction":[{"@type":"ReadAction","target":["https:\/\/fujifilmprint.eu\/collection-services\/"]}]},{"@type":"BreadcrumbList","@id":"https:\/\/fujifilmprint.eu\/collection-services\/#breadcrumb","itemListElement":[{"@type":"ListItem","position":1,"name":"Home","item":"https:\/\/fujifilmprint.eu\/"},{"@type":"ListItem","position":2,"name":"Collection Services"}]},{"@type":"WebSite","@id":"https:\/\/fujifilmprint.eu\/#website","url":"https:\/\/fujifilmprint.eu\/","name":"Fujifilm Print EMEA","description":"","publisher":{"@id":"https:\/\/fujifilmprint.eu\/#organization"},"potentialAction":[{"@type":"SearchAction","target":{"@type":"EntryPoint","urlTemplate":"https:\/\/fujifilmprint.eu\/?s={search_term_string}"},"query-input":"required name=search_term_string"}],"inLanguage":"pl-PL"},{"@type":"Organization","@id":"https:\/\/fujifilmprint.eu\/#organization","name":"Fujifilm Print EMEA","url":"https:\/\/fujifilmprint.eu\/","logo":{"@type":"ImageObject","inLanguage":"pl-PL","@id":"https:\/\/fujifilmprint.eu\/#\/schema\/logo\/image\/","url":"https:\/\/fujifilmprint.eu\/wp-content\/uploads\/2022\/07\/fujifilm-1.png","contentUrl":"https:\/\/fujifilmprint.eu\/wp-content\/uploads\/2022\/07\/fujifilm-1.png","width":416,"height":70,"caption":"Fujifilm Print EMEA"},"image":{"@id":"https:\/\/fujifilmprint.eu\/#\/schema\/logo\/image\/"}}]}},"_links":{"self":[{"href":"https:\/\/fujifilmprint.eu\/pl\/wp-json\/wp\/v2\/pages\/21038","targetHints":{"allow":["GET"]}}],"collection":[{"href":"https:\/\/fujifilmprint.eu\/pl\/wp-json\/wp\/v2\/pages"}],"about":[{"href":"https:\/\/fujifilmprint.eu\/pl\/wp-json\/wp\/v2\/types\/page"}],"author":[{"embeddable":true,"href":"https:\/\/fujifilmprint.eu\/pl\/wp-json\/wp\/v2\/users\/12"}],"replies":[{"embeddable":true,"href":"https:\/\/fujifilmprint.eu\/pl\/wp-json\/wp\/v2\/comments?post=21038"}],"version-history":[{"count":21,"href":"https:\/\/fujifilmprint.eu\/pl\/wp-json\/wp\/v2\/pages\/21038\/revisions"}],"predecessor-version":[{"id":21131,"href":"https:\/\/fujifilmprint.eu\/pl\/wp-json\/wp\/v2\/pages\/21038\/revisions\/21131"}],"wp:attachment":[{"href":"https:\/\/fujifilmprint.eu\/pl\/wp-json\/wp\/v2\/media?parent=21038"}],"curies":[{"name":"wp","href":"https:\/\/api.w.org\/{rel}","templated":true}]}}