{"id":2036,"date":"2022-09-15T12:57:26","date_gmt":"2022-09-15T12:57:26","guid":{"rendered":"https:\/\/fujifilmprint.eu\/?page_id=2036"},"modified":"2025-09-30T11:18:39","modified_gmt":"2025-09-30T10:18:39","slug":"label-packaging-sector","status":"publish","type":"page","link":"https:\/\/fujifilmprint.eu\/pl\/label-packaging-sector\/","title":{"rendered":"Rozwi\u0105zania do etykiet i opakowa\u0144"},"content":{"rendered":"<style>\r\n.sector-banner{\r\nbackground-image: url(https:\/\/fujifilmprint.eu\/wp-content\/uploads\/2025\/07\/ADS2025_Landing-page-header-e1753865504748.jpg);\r\n}\r\n\r\n\r\n<\/style>\r\n\r\n<div class=\"sector-banner\">\r\n\r\n   \r\n    <div class=\"banner-content\">\r\n        <h4>Analog. Cyfrowy. Zr\u00f3wnowa\u017cony.<\/h4>\r\n        <h1>Etykieta i opakowanie <br>Rozwi\u0105zania<\/h1>\r\n    <\/div>\r\n\r\n    <div class=\"sector-carousel owl-carousel owl-theme\">\r\n                                    <a href=\"https:\/\/fujifilmprint.eu\/pl\/product\/jet-press-fp790\/\">\r\n                    <div class=\"center\">\r\n                                                    <img decoding=\"async\" src=\"https:\/\/fujifilmprint.eu\/wp-content\/uploads\/2024\/02\/jetpressfp790-carouselheaderimage-1000x339-1.png\" \/>\r\n                                                <h3 style=\"margin-top: px !important;\">Jet Press FP790<\/h3>\r\n                    <\/div>\r\n                <\/a>\r\n                            <a href=\"https:\/\/fujifilmprint.eu\/pl\/product\/flenex\/\">\r\n                    <div class=\"center\">\r\n                                                    <img decoding=\"async\" src=\"https:\/\/fujifilmprint.eu\/wp-content\/uploads\/2024\/02\/flenex-sectorheader-1000x339-2.png\" \/>\r\n                                                <h3 style=\"margin-top: px !important;\">Flenex FW<\/h3>\r\n                    <\/div>\r\n                <\/a>\r\n                            <a href=\"https:\/\/fujifilmprint.eu\/pl\/product\/luxtreme-led-uv-curing-system\/\">\r\n                    <div class=\"center\">\r\n                                                    <img decoding=\"async\" src=\"https:\/\/fujifilmprint.eu\/wp-content\/uploads\/2025\/02\/FUJ13829-LuXtreme-LED-1000x339-1.png\" \/>\r\n                                                <h3 style=\"margin-top: px !important;\">System utwardzania LuXtreme LED UV<\/h3>\r\n                    <\/div>\r\n                <\/a>\r\n                            <a href=\"https:\/\/fujifilmprint.eu\/pl\/product\/jet-press-750s-high-speed-model-packaging\/\">\r\n                    <div class=\"center\">\r\n                                                    <img decoding=\"async\" src=\"https:\/\/fujifilmprint.eu\/wp-content\/uploads\/2023\/09\/jetpress750S-sectorheadershot-1000x339-1.png\" \/>\r\n                                                <h3 style=\"margin-top: px !important;\">Jet Press 750S HSM<\/h3>\r\n                    <\/div>\r\n                <\/a>\r\n                            <a href=\"https:\/\/fujifilmprint.eu\/pl\/product\/imprinting-systems\/\">\r\n                    <div class=\"center\">\r\n                                                    <img decoding=\"async\" src=\"https:\/\/fujifilmprint.eu\/wp-content\/uploads\/2025\/02\/FUJ13829-Printbar_System-1000x339-1.png\" \/>\r\n                                                <h3 style=\"margin-top: px !important;\">Imprinting Systems<\/h3>\r\n                    <\/div>\r\n                <\/a>\r\n                        <\/div>\r\n<\/div>\n\n<section id=\"txt-header\">\n\t<div class=\"container block-text-header\">\n\t\t<h3>Tw\u00f3j partner w druku opakowa\u0144<\/h3>\n\t\t<h2>Odkryj nasz\u0105 ofert\u0119 etykiet i opakowa\u0144<\/h2>\n\t\t<p><\/p>\n\t<\/div>\n<\/section>\n\n<div id=\"brochure\"><\/div>\n\n\n<section id=\"txt-media\">\n\t<div class=\"container\">\n\t\t<div class=\"row\">\n\t\t\t<div class=\"col-md-6 my-auto order-md-2\">\n\n\t\t\t\t\n\t\t\t\t<div >\n\t\t\t\t\t<p>Odkryj nasze wyj\u0105tkowe rozwi\u0105zania w zakresie etykiet i opakowa\u0144 w naszym nowym przewodniku po ofercie. Zebrali\u015bmy kompleksowe informacje na temat wszystkich naszych rozwi\u0105za\u0144 analogowych i cyfrowych, kt\u00f3re na nowo definiuj\u0105 opakowania i poprawiaj\u0105 zr\u00f3wnowa\u017cony rozw\u00f3j. Dost\u0119pne do pobrania ju\u017c teraz.<\/p>\n\t\t\t\t\t\t\t\t\t<\/div>\n\n\t\t\t<\/div>\n\t\t\t\t\t\t\t<div class=\"col-md-6 my-auto order-md-1\">\n\t\t\t\t\t<img decoding=\"async\" src=\"https:\/\/fujifilmprint.eu\/wp-content\/uploads\/2023\/07\/labelpackagingrangeguideimage-800x565-1.jpg\" style=\"width: 100%\" \/>\n\t\t\t\t<\/div>\n\t\t\t\t\t<\/div>\n\t<\/div>\n<\/section>\n\n<div style=\"height:20px;\">\n<\/div>\n\n<section id=\"form-bg\" style=\"background-color: #5fe0c3;\">\n\t<div class=\"container-fluid block-short-cta-form\" style=\"background-color: #5fe0c3; background-image: url(https:\/\/fujifilmprint.eu\/wp-content\/uploads\/2025\/07\/Mandala-flenex-Luxtreme-RGB-Master-AW-No-Stalk-HR-e1753882934617.png); ; position: relative;\">\n\t\t\t\t<div class=\"container\" style=\"position: relative; z-index: 1;\">\n\t\t\t<div class=\"row\">\n\t\t\t\t<div class=\"col-md-8\">\n\t\t\t\t\t\t\t\t\t\t\t<h3>Analog. Cyfrowy. Zr\u00f3wnowa\u017cony.<\/h3>\n\t\t\t\t\t\t<p class=\"frm-h\">Jeste\u015bmy wyj\u0105tkowi, poniewa\u017c mo\u017cemy zapewni\u0107 zar\u00f3wno analogowe, jak i cyfrowe rozwi\u0105zania w celu przekszta\u0142cenia produkcji opakowa\u0144, wsparcia przej\u015bcia na technologi\u0119 cyfrow\u0105 i zwi\u0119kszenia zr\u00f3wnowa\u017conego rozwoju.<\/p>\n\t\t\t\t\t\t\t\t\t\t\t\t\t\t\t\t\t\t\t\t\t\t\t\t\t<\/div>\n\t\t\t\t<div class=\"col-md-4\"><\/div>\n\t\t\t<\/div>\n\n\t\t<\/div>\n\t<\/div>\n\t<\/section>\n\n<div style=\"height:50px;\">\n<\/div>\n\n<section id=\"cs-grid\">\n    <div class=\"container-fluid\">\n        <div class=\"container\">\n            <h2>Case Studies<\/h2>\n\n            <div class=\"row\">\n                            <div class=\"col-md-6\">\n                    <a href=\"https:\/\/fujifilmprint.eu\/pl\/resource\/fastsigns-scotland-acuity-triton-aquafuze-ink\/\">\n                                                    <img decoding=\"async\" src=\"https:\/\/fujifilmprint.eu\/wp-content\/uploads\/2026\/01\/Rob-Lambie-close.jpg\" alt=\"FastSigns Scotland: Acuity Triton &amp; AQUAFUZE ink\" \/>\n                                            <\/a>\n                    <a href=\"https:\/\/fujifilmprint.eu\/pl\/resource\/fastsigns-scotland-acuity-triton-aquafuze-ink\/\">\n                        <p class=\"cs-head\">FastSigns Scotland: Acuity Triton i atrament AQUAFUZE<\/p>\n                    <\/a>\n                                    <\/div>\n                            <div class=\"col-md-6\">\n                    <a href=\"https:\/\/fujifilmprint.eu\/pl\/resource\/druk-24h-revoria-pc1120-xmf-pressready\/\">\n                                                    <img decoding=\"async\" src=\"https:\/\/fujifilmprint.eu\/wp-content\/uploads\/2026\/02\/Fujifilm_GG_Owner-scaled.jpeg\" alt=\"Druk 24h: Revoria PC1120 &amp; XMF PressReady\" \/>\n                                            <\/a>\n                    <a href=\"https:\/\/fujifilmprint.eu\/pl\/resource\/druk-24h-revoria-pc1120-xmf-pressready\/\">\n                        <p class=\"cs-head\">Druk 24h: Revoria PC1120 &amp; XMF PressReady<\/p>\n                    <\/a>\n                                    <\/div>\n                        <\/div>\n        <\/div>\n    <\/div>\n<\/section>\n\n<div style=\"height:50px;\">\n<\/div>\n\n\n<section id=\"articles-block\">\n\t<div class=\"container\">\n\t\t<div class=\"center\">\n\t\t\t<h3>Articles<\/h3>\n\t\t\t<h2>Zaufany partner<\/h2>\n\t\t\t<p>Odkryj co nas wyr\u00f3\u017cnia.<\/p>\n\t\t<\/div>\n\t\t<div class=\"row\">\n\t\t\n\t\t<div class=\"col-md-4 d-flex flex-column\">\n\t\t\t<img decoding=\"async\" class=\"img-004\" src=\"https:\/\/fujifilmprint.eu\/wp-content\/uploads\/2025\/01\/Pipi_Print_Image1-1-350x180.jpg\" \/>\n\t\t\t<a href=\"https:\/\/fujifilmprint.eu\/pl\/resource\/pipi-print-packaging\/\" class=\"flex-grow-1\" style=\"text-decoration: none;color: black;\">\n                <div class=\"btn-inner\" style=\"height: 100%\">\n                    <h4>Pipi Print &amp; Packaging<\/h4>\n                    <img decoding=\"async\" src=\"https:\/\/fujifilmprint.eu\/wp-content\/themes\/poi\/media\/chev.svg\"\/>\n\t\t\t    <\/div>\n            <\/a>\n\t\t<\/div>\n\t\t\n\t\t<div class=\"col-md-4 d-flex flex-column\">\n\t\t\t<img decoding=\"async\" class=\"img-004\" src=\"https:\/\/fujifilmprint.eu\/wp-content\/uploads\/2023\/10\/flexiblepackagingarticle-featuredimage-1000x563-2-350x180.jpg\" \/>\n\t\t\t<a href=\"https:\/\/fujifilmprint.eu\/pl\/resource\/the-future-of-flexible-packaging-is-digital\/\" class=\"flex-grow-1\" style=\"text-decoration: none;color: black;\">\n                <div class=\"btn-inner\" style=\"height: 100%\">\n                    <h4>Przysz\u0142o\u015b\u0107 opakowa\u0144 elastycznych jest cyfrowa<\/h4>\n                    <img decoding=\"async\" src=\"https:\/\/fujifilmprint.eu\/wp-content\/themes\/poi\/media\/chev.svg\"\/>\n\t\t\t    <\/div>\n            <\/a>\n\t\t<\/div>\n\t\t\n\t\t<div class=\"col-md-4 d-flex flex-column\">\n\t\t\t<img decoding=\"async\" class=\"img-004\" src=\"https:\/\/fujifilmprint.eu\/wp-content\/uploads\/2023\/05\/potwasharticle-featured-1000x563-1-350x180.jpg\" \/>\n\t\t\t<a href=\"https:\/\/fujifilmprint.eu\/pl\/resource\/first-potwash-at-broadstairs-site\/\" class=\"flex-grow-1\" style=\"text-decoration: none;color: black;\">\n                <div class=\"btn-inner\" style=\"height: 100%\">\n                    <h4>Pierwsze na \u015bwiecie: zr\u00f3wnowa\u017cone rozwi\u0105zanie w zakresie czyszczenia<\/h4>\n                    <img decoding=\"async\" src=\"https:\/\/fujifilmprint.eu\/wp-content\/themes\/poi\/media\/chev.svg\"\/>\n\t\t\t    <\/div>\n            <\/a>\n\t\t<\/div>\n\t\t\t\t<\/div>\n\t\t<div class=\"center\"><a href=\"\/pl\/zasoby\/\" class=\"btn btn-purple\">More articles<\/a><\/div>\n\t<\/div>\n<\/section>\n\n<div style=\"height:50px;\">\n<\/div>\n\n<section id=\"product-grid\">\r\n<div class=\"container\">\r\n    <h1 class=\"product-gtitle\" style=\"margin: 30px 0 0 0;\">\r\n        Produkty    <\/h1>\r\n    <h3 style=\"margin-bottom: 60px;\">\r\n        Odkryj nasze rozwi\u0105zania w zakresie drukowania etykiet i opakowa\u0144    <\/h3>\r\n<\/div>\r\n\r\n<div class=\"container-fluid\">\r\n<div class=\"row\">\r\n<div class=\"col-md-6 Labels and Packaging\">\r\n\t<div class=\"pgrid-inner\">\r\n\t\t<h3>Flenex FW<\/h3>\r\n\t\t<p>Wysokiej jako\u015bci zmywalne wod\u0105 p\u0142yty fleksograficzne zapewniaj\u0105ce wiele korzy\u015bci produkcyjnych<\/p>\r\n\t\t<a href=\"https:\/\/fujifilmprint.eu\/pl\/product\/flenex\/\"   class=\"btn btn-outline\">Odkryj wi\u0119cej<\/a>\r\n\t\t<img decoding=\"async\" src=\"https:\/\/fujifilmprint.eu\/wp-content\/uploads\/2022\/08\/Flenex-3-QTRS-1300px-for-Black-Bgnd.png\" \/>\r\n\t<\/div>\r\n<\/div>\r\n<div class=\"col-md-6 Labels and Packaging\">\r\n\t<div class=\"pgrid-inner\">\r\n\t\t<h3>LuXtreme LED UV System<\/h3>\r\n\t\t<p>Wyposa\u017c swoj\u0105 maszyn\u0119 fleksograficzn\u0105 UV w szereg zalet utrwalania LED UV<\/p>\r\n\t\t<a href=\"https:\/\/fujifilmprint.eu\/pl\/product\/luxtreme-led-uv-curing-system\/\"   class=\"btn btn-outline\">Odkryj wi\u0119cej<\/a>\r\n\t\t<img decoding=\"async\" src=\"https:\/\/fujifilmprint.eu\/wp-content\/uploads\/2022\/10\/luxtreme-featuredimage-1300x712-1.png\" \/>\r\n\t<\/div>\r\n<\/div>\r\n<div class=\"col-md-6 Labels and Packaging\">\r\n\t<div class=\"pgrid-inner\">\r\n\t\t<h3>Jet Press 750S HSM<\/h3>\r\n\t\t<p>Cyfrowa maszyna atramentowa arkuszowa B2 idealna do sk\u0142adania opakowa\u0144 kartonowych<\/p>\r\n\t\t<a href=\"https:\/\/fujifilmprint.eu\/pl\/product\/jet-press-750s-high-speed-model-packaging\/\"   class=\"btn btn-outline\">Odkryj wi\u0119cej<\/a>\r\n\t\t<img decoding=\"async\" src=\"https:\/\/fujifilmprint.eu\/wp-content\/uploads\/2022\/10\/Jet-Press-750s-1300px-Floater-2.png\" \/>\r\n\t<\/div>\r\n<\/div>\r\n<div class=\"col-md-6 Commercial Printing Labels and Packaging\">\r\n\t<div class=\"pgrid-inner\">\r\n\t\t<h3>Imprinting Systems<\/h3>\r\n\t\t<p>Skalowalny zestaw rozwi\u0105za\u0144 do nadruku oparty na wiod\u0105cych w bran\u017cy listwach drukuj\u0105cych Samba<\/p>\r\n\t\t<a href=\"https:\/\/fujifilmprint.eu\/pl\/product\/imprinting-systems\/\"   class=\"btn btn-outline\">Odkryj wi\u0119cej<\/a>\r\n\t\t<img decoding=\"async\" src=\"https:\/\/fujifilmprint.eu\/wp-content\/uploads\/2022\/10\/FUJIFILM_42K_Printbar_System_cut_out-1.png\" \/>\r\n\t<\/div>\r\n<\/div>\r\n<div class=\"col-md-6 Labels and Packaging\">\r\n\t<div class=\"pgrid-inner\">\r\n\t\t<h3>Atrament Sericol o w\u0105skiej wst\u0119dze<\/h3>\r\n\t\t<p>Kompleksowa gama atrament\u00f3w i powi\u0105zanych produkt\u00f3w do zastosowa\u0144 w w\u0105skiej wst\u0119dze<\/p>\r\n\t\t<a href=\"https:\/\/www.fujifilm.com\/uk\/en\/business\/graphic\/label-package-printing\/narrowwebinks\"   target=\"_blank\"  class=\"btn btn-outline\">Odkryj wi\u0119cej<\/a>\r\n\t\t<img decoding=\"async\" src=\"https:\/\/fujifilmprint.eu\/wp-content\/uploads\/2022\/10\/Sericol_tins_cutout.png\" \/>\r\n\t<\/div>\r\n<\/div>\r\n<div class=\"col-md-6 Labels and Packaging\">\r\n\t<div class=\"pgrid-inner\">\r\n\t\t<h3>Jet Press FP790<\/h3>\r\n\t\t<p>Najlepsza w swojej klasie jako\u015b\u0107 przy najwy\u017cszej wydajno\u015bci na szerokiej gamie sztywnych i elastycznych no\u015bnik\u00f3w<\/p>\r\n\t\t<a href=\"https:\/\/fujifilmprint.eu\/pl\/product\/jet-press-fp790\/\"   class=\"btn btn-outline\">Odkryj wi\u0119cej<\/a>\r\n\t\t<img decoding=\"async\" src=\"https:\/\/fujifilmprint.eu\/wp-content\/uploads\/2023\/09\/fp790-featuredimage-1000x548-1.png\" \/>\r\n\t<\/div>\r\n<\/div>\r\n\t\t<\/div>\r\n\t<\/div>\r\n<\/sector>\n\n<section id=\"dark-form\">\n\t<div id=\"footer-form\" class=\"container\">\n\t\t<h2>Jakie\u015b pytania? Prosimy o kontakt z nami poni\u017cej:<\/h2>\n\n\t\t \r\n\r\n  \r\n\r\n \r\n\r\n  \r\n\r\n \r\n\r\n  \r\n\r\n \r\n\r\n  \r\n\r\n \r\n\r\n<script src=\"\/\/info.fujifilm.eu\/js\/forms2\/js\/forms2.min.js\"><\/script> <form id=\"mktoForm_5285\" action=\"\"><input type=\"hidden\" name=\"trp-form-language\" value=\"pl\"\/><\/form> <script>MktoForms2.loadForm(\"\/\/info.fujifilm.eu\", \"060-MIY-956\", 5285);<\/script> \r\n\r\n \r\n\r\n  \r\n\r\n \r\n\r\n  \r\n\r\n \r\n\r\n  \r\n\r\n \r\n\r\n  \r\n\r\n \n\t\t<div id=\"confirmform\" style=\"visibility:hidden;\">\n                            <p><strong>\n\t\t\t\t\tDzi\u0119kujemy za zapytanie, wkr\u00f3tce kto\u015b si\u0119 z Tob\u0105 skontaktuje.\t\t\t\t\t<\/strong><\/p>\n              \n        <\/div>\n\t<\/div>\n<\/section>","protected":false},"excerpt":{"rendered":"","protected":false},"author":1,"featured_media":0,"parent":0,"menu_order":0,"comment_status":"closed","ping_status":"closed","template":"","meta":{"inline_featured_image":false,"footnotes":""},"class_list":["post-2036","page","type-page","status-publish","hentry"],"acf":[],"yoast_head":"<!-- This site is optimized with the Yoast SEO plugin v22.0 - https:\/\/yoast.com\/wordpress\/plugins\/seo\/ -->\n<title>Label &amp; Packaging Solutions | Fujifilm Print EMEA<\/title>\n<meta name=\"description\" content=\"Click here to learn more about Fujifilm&#039;s label &amp; packaging printing solutions.\" \/>\n<meta name=\"robots\" content=\"index, follow, max-snippet:-1, max-image-preview:large, max-video-preview:-1\" \/>\n<link rel=\"canonical\" href=\"https:\/\/fujifilmprint.eu\/pl\/label-packaging-sector\/\" \/>\n<meta property=\"og:locale\" content=\"pl_PL\" \/>\n<meta property=\"og:type\" content=\"article\" \/>\n<meta property=\"og:title\" content=\"Label &amp; Packaging Solutions | Fujifilm Print EMEA\" \/>\n<meta property=\"og:description\" content=\"Click here to learn more about Fujifilm&#039;s label &amp; packaging printing solutions.\" \/>\n<meta property=\"og:url\" content=\"https:\/\/fujifilmprint.eu\/pl\/label-packaging-sector\/\" \/>\n<meta property=\"og:site_name\" content=\"Fujifilm Print EMEA\" \/>\n<meta property=\"article:modified_time\" content=\"2025-09-30T10:18:39+00:00\" \/>\n<meta name=\"twitter:card\" content=\"summary_large_image\" \/>\n<script type=\"application\/ld+json\" class=\"yoast-schema-graph\">{\"@context\":\"https:\/\/schema.org\",\"@graph\":[{\"@type\":\"WebPage\",\"@id\":\"https:\/\/fujifilmprint.eu\/label-packaging-sector\/\",\"url\":\"https:\/\/fujifilmprint.eu\/label-packaging-sector\/\",\"name\":\"Label & Packaging Solutions | Fujifilm Print EMEA\",\"isPartOf\":{\"@id\":\"https:\/\/fujifilmprint.eu\/#website\"},\"datePublished\":\"2022-09-15T12:57:26+00:00\",\"dateModified\":\"2025-09-30T10:18:39+00:00\",\"description\":\"Click here to learn more about Fujifilm's label & packaging printing solutions.\",\"breadcrumb\":{\"@id\":\"https:\/\/fujifilmprint.eu\/label-packaging-sector\/#breadcrumb\"},\"inLanguage\":\"pl-PL\",\"potentialAction\":[{\"@type\":\"ReadAction\",\"target\":[\"https:\/\/fujifilmprint.eu\/label-packaging-sector\/\"]}]},{\"@type\":\"BreadcrumbList\",\"@id\":\"https:\/\/fujifilmprint.eu\/label-packaging-sector\/#breadcrumb\",\"itemListElement\":[{\"@type\":\"ListItem\",\"position\":1,\"name\":\"Home\",\"item\":\"https:\/\/fujifilmprint.eu\/\"},{\"@type\":\"ListItem\",\"position\":2,\"name\":\"Label &#038; Packaging Solutions\"}]},{\"@type\":\"WebSite\",\"@id\":\"https:\/\/fujifilmprint.eu\/#website\",\"url\":\"https:\/\/fujifilmprint.eu\/\",\"name\":\"Fujifilm Print EMEA\",\"description\":\"\",\"publisher\":{\"@id\":\"https:\/\/fujifilmprint.eu\/#organization\"},\"potentialAction\":[{\"@type\":\"SearchAction\",\"target\":{\"@type\":\"EntryPoint\",\"urlTemplate\":\"https:\/\/fujifilmprint.eu\/?s={search_term_string}\"},\"query-input\":\"required name=search_term_string\"}],\"inLanguage\":\"pl-PL\"},{\"@type\":\"Organization\",\"@id\":\"https:\/\/fujifilmprint.eu\/#organization\",\"name\":\"Fujifilm Print EMEA\",\"url\":\"https:\/\/fujifilmprint.eu\/\",\"logo\":{\"@type\":\"ImageObject\",\"inLanguage\":\"pl-PL\",\"@id\":\"https:\/\/fujifilmprint.eu\/#\/schema\/logo\/image\/\",\"url\":\"https:\/\/fujifilmprint.eu\/wp-content\/uploads\/2022\/07\/fujifilm-1.png\",\"contentUrl\":\"https:\/\/fujifilmprint.eu\/wp-content\/uploads\/2022\/07\/fujifilm-1.png\",\"width\":416,\"height\":70,\"caption\":\"Fujifilm Print EMEA\"},\"image\":{\"@id\":\"https:\/\/fujifilmprint.eu\/#\/schema\/logo\/image\/\"}}]}<\/script>\n<!-- \/ Yoast SEO plugin. -->","yoast_head_json":{"title":"Rozwi\u0105zania w zakresie etykiet i opakowa\u0144 | Fujifilm Print EMEA","description":"Kliknij tutaj, aby dowiedzie\u0107 si\u0119 wi\u0119cej o rozwi\u0105zaniach Fujifilm do drukowania etykiet i opakowa\u0144.","robots":{"index":"index","follow":"follow","max-snippet":"max-snippet:-1","max-image-preview":"max-image-preview:large","max-video-preview":"max-video-preview:-1"},"canonical":"https:\/\/fujifilmprint.eu\/pl\/label-packaging-sector\/","og_locale":"pl_PL","og_type":"article","og_title":"Label & Packaging Solutions | Fujifilm Print EMEA","og_description":"Click here to learn more about Fujifilm's label & packaging printing solutions.","og_url":"https:\/\/fujifilmprint.eu\/pl\/label-packaging-sector\/","og_site_name":"Fujifilm Print EMEA","article_modified_time":"2025-09-30T10:18:39+00:00","twitter_card":"summary_large_image","schema":{"@context":"https:\/\/schema.org","@graph":[{"@type":"WebPage","@id":"https:\/\/fujifilmprint.eu\/label-packaging-sector\/","url":"https:\/\/fujifilmprint.eu\/label-packaging-sector\/","name":"Rozwi\u0105zania w zakresie etykiet i opakowa\u0144 | Fujifilm Print EMEA","isPartOf":{"@id":"https:\/\/fujifilmprint.eu\/#website"},"datePublished":"2022-09-15T12:57:26+00:00","dateModified":"2025-09-30T10:18:39+00:00","description":"Kliknij tutaj, aby dowiedzie\u0107 si\u0119 wi\u0119cej o rozwi\u0105zaniach Fujifilm do drukowania etykiet i opakowa\u0144.","breadcrumb":{"@id":"https:\/\/fujifilmprint.eu\/label-packaging-sector\/#breadcrumb"},"inLanguage":"pl-PL","potentialAction":[{"@type":"ReadAction","target":["https:\/\/fujifilmprint.eu\/label-packaging-sector\/"]}]},{"@type":"BreadcrumbList","@id":"https:\/\/fujifilmprint.eu\/label-packaging-sector\/#breadcrumb","itemListElement":[{"@type":"ListItem","position":1,"name":"Home","item":"https:\/\/fujifilmprint.eu\/"},{"@type":"ListItem","position":2,"name":"Label &#038; Packaging Solutions"}]},{"@type":"WebSite","@id":"https:\/\/fujifilmprint.eu\/#website","url":"https:\/\/fujifilmprint.eu\/","name":"Fujifilm Print EMEA","description":"","publisher":{"@id":"https:\/\/fujifilmprint.eu\/#organization"},"potentialAction":[{"@type":"SearchAction","target":{"@type":"EntryPoint","urlTemplate":"https:\/\/fujifilmprint.eu\/?s={search_term_string}"},"query-input":"required name=search_term_string"}],"inLanguage":"pl-PL"},{"@type":"Organization","@id":"https:\/\/fujifilmprint.eu\/#organization","name":"Fujifilm Print EMEA","url":"https:\/\/fujifilmprint.eu\/","logo":{"@type":"ImageObject","inLanguage":"pl-PL","@id":"https:\/\/fujifilmprint.eu\/#\/schema\/logo\/image\/","url":"https:\/\/fujifilmprint.eu\/wp-content\/uploads\/2022\/07\/fujifilm-1.png","contentUrl":"https:\/\/fujifilmprint.eu\/wp-content\/uploads\/2022\/07\/fujifilm-1.png","width":416,"height":70,"caption":"Fujifilm Print EMEA"},"image":{"@id":"https:\/\/fujifilmprint.eu\/#\/schema\/logo\/image\/"}}]}},"_links":{"self":[{"href":"https:\/\/fujifilmprint.eu\/pl\/wp-json\/wp\/v2\/pages\/2036","targetHints":{"allow":["GET"]}}],"collection":[{"href":"https:\/\/fujifilmprint.eu\/pl\/wp-json\/wp\/v2\/pages"}],"about":[{"href":"https:\/\/fujifilmprint.eu\/pl\/wp-json\/wp\/v2\/types\/page"}],"author":[{"embeddable":true,"href":"https:\/\/fujifilmprint.eu\/pl\/wp-json\/wp\/v2\/users\/1"}],"replies":[{"embeddable":true,"href":"https:\/\/fujifilmprint.eu\/pl\/wp-json\/wp\/v2\/comments?post=2036"}],"version-history":[{"count":148,"href":"https:\/\/fujifilmprint.eu\/pl\/wp-json\/wp\/v2\/pages\/2036\/revisions"}],"predecessor-version":[{"id":20844,"href":"https:\/\/fujifilmprint.eu\/pl\/wp-json\/wp\/v2\/pages\/2036\/revisions\/20844"}],"wp:attachment":[{"href":"https:\/\/fujifilmprint.eu\/pl\/wp-json\/wp\/v2\/media?parent=2036"}],"curies":[{"name":"wp","href":"https:\/\/api.w.org\/{rel}","templated":true}]}}