{"id":14412,"date":"2023-06-27T12:38:55","date_gmt":"2023-06-27T12:38:55","guid":{"rendered":"https:\/\/fujifilmprint.eu\/?page_id=14412"},"modified":"2023-07-06T08:47:10","modified_gmt":"2023-07-06T08:47:10","slug":"interpack2023","status":"publish","type":"page","link":"https:\/\/fujifilmprint.eu\/pl\/interpack2023\/","title":{"rendered":"Interpak 2023"},"content":{"rendered":"<section id=\"study-header\">\r\n\t<div class=\"container-fluid black-pt\" style=\"background-image: url('https:\/\/fujifilmprint.eu\/wp-content\/uploads\/2023\/03\/Fujifilm-and-Interpack-banner.jpg');background-size: cover;padding: 0;\">\r\n\t<div class=\"overlay\" style=\"padding: 200px 0;\">\t\t<div class=\"container\">\r\n\t\t\t<h3>\r\n\t\t\t\tFujifilm na\t\t\t<\/h3>\r\n\t\t\t<h2>\r\n\t\t\t\tInterpak 2023\t\t\t<\/h2>\r\n\t\t<\/div>\r\n\t<\/div>\t<\/div>\r\n<\/section>\n\n<section id=\"txt-header\">\n\t<div class=\"container block-text-header\">\n\t\t<h3>Targi<\/h3>\n\t\t<h2>Fujifilm zaprezentowa\u0142 na targach Interpack 2023 rosn\u0105c\u0105 gam\u0119 unikalnych analogowych i cyfrowych rozwi\u0105za\u0144 opakowaniowych.<\/h2>\n\t\t<p><\/p>\n\t<\/div>\n<\/section>\n\n<div style=\"height:50px;\">\n<\/div>\n\n<section id=\"txt-vid\" style=\"background: linear-gradient(to bottom,,);\">\n\t<div class=\"container-fluid\" style=\"background-image: url(); background-position: ; padding: 50px;\">\n\t\t<div class=\"container\">\n\t\t\t<h2 style=\"margin-bottom: 20px;\">Obejrzyj wideo<\/h2>\n\t\t\t<div class=\"dash-1\" style=\"display: none;\"><\/div>\n\t\t\t<p><\/p>\n\t\t\t<div class=\"center\">\n\t\t\t\t<video controls preload=\"none\" poster=\"https:\/\/fujifilmprint.eu\/wp-content\/uploads\/2023\/06\/interpack23landingpage-videothumbnail.jpg\" width=\"680\">\n\t\t\t\t<source src=\"\t\t\t\t\t\t\t\t\" type=\"video\/mp4\">\n\t\t\t\t<\/video>\n\t\t\t\t\t\t\t<\/div>\n\t\t<\/div>\n\t<\/div>\n<\/section>\n\n\n<div style=\"height:50px;\">\n<\/div>\n\n<section id=\"small-cta\">\n\n<!-- Two Background Images -->\n    <div class=\"container small-ctav2\">\n        <div class=\"row\">\n          \t\t\t  \t\t\t\t  <div class=\"col-md-6 img-bg\">\n\t\t\t\t\t<div class=\"small-cta-inner\" style=\"background-image: url(https:\/\/fujifilmprint.eu\/wp-content\/uploads\/2023\/02\/analoguedigitalsustainable-featured-900x506-1.jpg);\">\n\t\t\t\t\t  <div class=\"overlay\">\n\t\t\t\t\t\t  <h3>Analog. Cyfrowy. Zr\u00f3wnowa\u017cony.<\/h3>\n\t\t\t\t\t\t  <p>Dowiedz si\u0119 wi\u0119cej, czytaj\u0105c artyku\u0142<\/p>\n\t\t\t\t\t\t  \t\t\t\t\t\t\t  <a href=\"https:\/\/fujifilmprint.eu\/pl\/resource\/article-analoguedigitalsustainable\/\" id=\"btnOpenForm\" class=\"btn btn-purple\" style=\"margin: 0\">Odkryj wi\u0119cej<\/a>\n\t\t\t\t\t\t  \t\t\t\t\t  <\/div>\n\t\t\t\t\t<\/div>\n\t\t\t\t  <\/div>\n\t\t\t  \t\t\t\t  <div class=\"col-md-6 img-bg\">\n\t\t\t\t\t<div class=\"small-cta-inner\" style=\"background-image: url(https:\/\/fujifilmprint.eu\/wp-content\/uploads\/2023\/03\/LabelsPack-CTA.jpg);\">\n\t\t\t\t\t  <div class=\"overlay\">\n\t\t\t\t\t\t  <h3>Rozwi\u0105zania do etykiet i opakowa\u0144<\/h3>\n\t\t\t\t\t\t  <p>Dowiedz si\u0119 wi\u0119cej o naszej ofercie etykiet i opakowa\u0144<\/p>\n\t\t\t\t\t\t  \t\t\t\t\t\t\t  <a href=\"https:\/\/fujifilmprint.eu\/pl\/label-packaging-sector\/\" id=\"btnOpenForm\" class=\"btn btn-purple\" style=\"margin: 0\">Odwied\u017a sektor<\/a>\n\t\t\t\t\t\t  \t\t\t\t\t  <\/div>\n\t\t\t\t\t<\/div>\n\t\t\t\t  <\/div>\n\t\t\t                    <\/div>\n    <\/div>\n\n<\/section>\n\n\n\n\t<!-- Multiple Pop-ups -->\n\t\n\t\t<div id=\"popup-\" class=\"popup\">\n\t\t\t<div class=\"popup-content dark-form\" id=\"dark-form\">\n\t\t\t\t<div class=\"event-header\">\n\t\t\t\t\t<h2>\n\t\t\t\t\t\t\t\t\t\t\t<\/h2>\n\t\t\t\t<\/div>\n\t\t\t\t\n\t\t\t\t\t\t\t\t<div id=\"confirmform\" style=\"visibility:hidden;\"><p><strong>Dzi\u0119kujemy za zapytanie, wkr\u00f3tce kto\u015b si\u0119 z Tob\u0105 skontaktuje.<\/strong><\/p><\/div>\n\t\t\t\t<span class=\"fade-out main-btn-circle\">\u2573<\/span>\n\t\t\t<\/div>\n\t\t<\/div>\n\n\t\n\t\t<div id=\"popup-\" class=\"popup\">\n\t\t\t<div class=\"popup-content dark-form\" id=\"dark-form\">\n\t\t\t\t<div class=\"event-header\">\n\t\t\t\t\t<h2>\n\t\t\t\t\t\t\t\t\t\t\t<\/h2>\n\t\t\t\t<\/div>\n\t\t\t\t\n\t\t\t\t\t\t\t\t<div id=\"confirmform\" style=\"visibility:hidden;\"><p><strong>Dzi\u0119kujemy za zapytanie, wkr\u00f3tce kto\u015b si\u0119 z Tob\u0105 skontaktuje.<\/strong><\/p><\/div>\n\t\t\t\t<span class=\"fade-out main-btn-circle\">\u2573<\/span>\n\t\t\t<\/div>\n\t\t<\/div>\n\n\t\t\n\n\n<div style=\"height:50px;\">\n<\/div>","protected":false},"excerpt":{"rendered":"","protected":false},"author":7,"featured_media":0,"parent":0,"menu_order":0,"comment_status":"closed","ping_status":"closed","template":"","meta":{"inline_featured_image":false,"footnotes":""},"class_list":["post-14412","page","type-page","status-publish","hentry"],"acf":[],"yoast_head":"<!-- This site is optimized with the Yoast SEO plugin v22.0 - https:\/\/yoast.com\/wordpress\/plugins\/seo\/ -->\n<title>Interpack 2023 - Fujifilm Print EMEA<\/title>\n<meta name=\"robots\" content=\"index, follow, max-snippet:-1, max-image-preview:large, max-video-preview:-1\" \/>\n<link rel=\"canonical\" href=\"https:\/\/fujifilmprint.eu\/pl\/interpack2023\/\" \/>\n<meta property=\"og:locale\" content=\"pl_PL\" \/>\n<meta property=\"og:type\" content=\"article\" \/>\n<meta property=\"og:title\" content=\"Interpack 2023 - Fujifilm Print EMEA\" \/>\n<meta property=\"og:url\" content=\"https:\/\/fujifilmprint.eu\/pl\/interpack2023\/\" \/>\n<meta property=\"og:site_name\" content=\"Fujifilm Print EMEA\" \/>\n<meta property=\"article:modified_time\" content=\"2023-07-06T08:47:10+00:00\" \/>\n<meta name=\"twitter:card\" content=\"summary_large_image\" \/>\n<script type=\"application\/ld+json\" class=\"yoast-schema-graph\">{\"@context\":\"https:\/\/schema.org\",\"@graph\":[{\"@type\":\"WebPage\",\"@id\":\"https:\/\/fujifilmprint.eu\/interpack2023\/\",\"url\":\"https:\/\/fujifilmprint.eu\/interpack2023\/\",\"name\":\"Interpack 2023 - Fujifilm Print EMEA\",\"isPartOf\":{\"@id\":\"https:\/\/fujifilmprint.eu\/#website\"},\"datePublished\":\"2023-06-27T12:38:55+00:00\",\"dateModified\":\"2023-07-06T08:47:10+00:00\",\"breadcrumb\":{\"@id\":\"https:\/\/fujifilmprint.eu\/interpack2023\/#breadcrumb\"},\"inLanguage\":\"pl-PL\",\"potentialAction\":[{\"@type\":\"ReadAction\",\"target\":[\"https:\/\/fujifilmprint.eu\/interpack2023\/\"]}]},{\"@type\":\"BreadcrumbList\",\"@id\":\"https:\/\/fujifilmprint.eu\/interpack2023\/#breadcrumb\",\"itemListElement\":[{\"@type\":\"ListItem\",\"position\":1,\"name\":\"Home\",\"item\":\"https:\/\/fujifilmprint.eu\/\"},{\"@type\":\"ListItem\",\"position\":2,\"name\":\"Interpack 2023\"}]},{\"@type\":\"WebSite\",\"@id\":\"https:\/\/fujifilmprint.eu\/#website\",\"url\":\"https:\/\/fujifilmprint.eu\/\",\"name\":\"Fujifilm Print EMEA\",\"description\":\"\",\"publisher\":{\"@id\":\"https:\/\/fujifilmprint.eu\/#organization\"},\"potentialAction\":[{\"@type\":\"SearchAction\",\"target\":{\"@type\":\"EntryPoint\",\"urlTemplate\":\"https:\/\/fujifilmprint.eu\/?s={search_term_string}\"},\"query-input\":\"required name=search_term_string\"}],\"inLanguage\":\"pl-PL\"},{\"@type\":\"Organization\",\"@id\":\"https:\/\/fujifilmprint.eu\/#organization\",\"name\":\"Fujifilm Print EMEA\",\"url\":\"https:\/\/fujifilmprint.eu\/\",\"logo\":{\"@type\":\"ImageObject\",\"inLanguage\":\"pl-PL\",\"@id\":\"https:\/\/fujifilmprint.eu\/#\/schema\/logo\/image\/\",\"url\":\"https:\/\/fujifilmprint.eu\/wp-content\/uploads\/2022\/07\/fujifilm-1.png\",\"contentUrl\":\"https:\/\/fujifilmprint.eu\/wp-content\/uploads\/2022\/07\/fujifilm-1.png\",\"width\":416,\"height\":70,\"caption\":\"Fujifilm Print EMEA\"},\"image\":{\"@id\":\"https:\/\/fujifilmprint.eu\/#\/schema\/logo\/image\/\"}}]}<\/script>\n<!-- \/ Yoast SEO plugin. -->","yoast_head_json":{"title":"Interpack 2023 - Fujifilm Print EMEA","robots":{"index":"index","follow":"follow","max-snippet":"max-snippet:-1","max-image-preview":"max-image-preview:large","max-video-preview":"max-video-preview:-1"},"canonical":"https:\/\/fujifilmprint.eu\/pl\/interpack2023\/","og_locale":"pl_PL","og_type":"article","og_title":"Interpack 2023 - Fujifilm Print EMEA","og_url":"https:\/\/fujifilmprint.eu\/pl\/interpack2023\/","og_site_name":"Fujifilm Print EMEA","article_modified_time":"2023-07-06T08:47:10+00:00","twitter_card":"summary_large_image","schema":{"@context":"https:\/\/schema.org","@graph":[{"@type":"WebPage","@id":"https:\/\/fujifilmprint.eu\/interpack2023\/","url":"https:\/\/fujifilmprint.eu\/interpack2023\/","name":"Interpack 2023 - Fujifilm Print EMEA","isPartOf":{"@id":"https:\/\/fujifilmprint.eu\/#website"},"datePublished":"2023-06-27T12:38:55+00:00","dateModified":"2023-07-06T08:47:10+00:00","breadcrumb":{"@id":"https:\/\/fujifilmprint.eu\/interpack2023\/#breadcrumb"},"inLanguage":"pl-PL","potentialAction":[{"@type":"ReadAction","target":["https:\/\/fujifilmprint.eu\/interpack2023\/"]}]},{"@type":"BreadcrumbList","@id":"https:\/\/fujifilmprint.eu\/interpack2023\/#breadcrumb","itemListElement":[{"@type":"ListItem","position":1,"name":"Home","item":"https:\/\/fujifilmprint.eu\/"},{"@type":"ListItem","position":2,"name":"Interpack 2023"}]},{"@type":"WebSite","@id":"https:\/\/fujifilmprint.eu\/#website","url":"https:\/\/fujifilmprint.eu\/","name":"Fujifilm Print EMEA","description":"","publisher":{"@id":"https:\/\/fujifilmprint.eu\/#organization"},"potentialAction":[{"@type":"SearchAction","target":{"@type":"EntryPoint","urlTemplate":"https:\/\/fujifilmprint.eu\/?s={search_term_string}"},"query-input":"required name=search_term_string"}],"inLanguage":"pl-PL"},{"@type":"Organization","@id":"https:\/\/fujifilmprint.eu\/#organization","name":"Fujifilm Print EMEA","url":"https:\/\/fujifilmprint.eu\/","logo":{"@type":"ImageObject","inLanguage":"pl-PL","@id":"https:\/\/fujifilmprint.eu\/#\/schema\/logo\/image\/","url":"https:\/\/fujifilmprint.eu\/wp-content\/uploads\/2022\/07\/fujifilm-1.png","contentUrl":"https:\/\/fujifilmprint.eu\/wp-content\/uploads\/2022\/07\/fujifilm-1.png","width":416,"height":70,"caption":"Fujifilm Print EMEA"},"image":{"@id":"https:\/\/fujifilmprint.eu\/#\/schema\/logo\/image\/"}}]}},"_links":{"self":[{"href":"https:\/\/fujifilmprint.eu\/pl\/wp-json\/wp\/v2\/pages\/14412","targetHints":{"allow":["GET"]}}],"collection":[{"href":"https:\/\/fujifilmprint.eu\/pl\/wp-json\/wp\/v2\/pages"}],"about":[{"href":"https:\/\/fujifilmprint.eu\/pl\/wp-json\/wp\/v2\/types\/page"}],"author":[{"embeddable":true,"href":"https:\/\/fujifilmprint.eu\/pl\/wp-json\/wp\/v2\/users\/7"}],"replies":[{"embeddable":true,"href":"https:\/\/fujifilmprint.eu\/pl\/wp-json\/wp\/v2\/comments?post=14412"}],"version-history":[{"count":22,"href":"https:\/\/fujifilmprint.eu\/pl\/wp-json\/wp\/v2\/pages\/14412\/revisions"}],"predecessor-version":[{"id":14466,"href":"https:\/\/fujifilmprint.eu\/pl\/wp-json\/wp\/v2\/pages\/14412\/revisions\/14466"}],"wp:attachment":[{"href":"https:\/\/fujifilmprint.eu\/pl\/wp-json\/wp\/v2\/media?parent=14412"}],"curies":[{"name":"wp","href":"https:\/\/api.w.org\/{rel}","templated":true}]}}