{"id":14073,"date":"2023-06-08T12:29:41","date_gmt":"2023-06-08T12:29:41","guid":{"rendered":"https:\/\/fujifilmprint.eu\/?page_id=14073"},"modified":"2025-01-15T14:00:46","modified_gmt":"2025-01-15T13:00:46","slug":"wsparcie","status":"publish","type":"page","link":"https:\/\/fujifilmprint.eu\/pl\/wsparcie\/","title":{"rendered":"Fujifilm UK Support"},"content":{"rendered":"<section id=\"green-header\">\n\t<div class=\"container-fluid green-pt\" >\n\t\t\t<div class=\"container\">\n\t\t\t<h2 >\n\t\t\t\tWsparcie\t\t\t<\/h2>\n\t\t\t<h3 >\n\t\t\t\tFujifilm UK\t\t\t<\/h3>\n\t\t<\/div>\n\t\t<\/div>\n<\/section>\n\n<div style=\"height:20px;\">\n<\/div>\n\n<section id=\"txt-header\">\n\t<div class=\"container block-text-header\">\n\t\t<h3><\/h3>\n\t\t<h2><\/h2>\n\t\t<p><p style=\"text-align: center;\"><strong>Informacje kontaktowe<\/strong><\/p>\n<\/p>\n\t<\/div>\n<\/section>\n\n\n<figure class=\"wp-block-table aligncenter is-style-stripes\"><table><tbody><tr><td>Portal samopomocy i czat POD&nbsp;&nbsp;<\/td><td><a href=\"https:\/\/support-fb.fujifilm.com\/setupSupport.do\" target=\"_blank\" rel=\"noreferrer noopener\">FUJIFILM Wsparcie innowacji biznesowych i czynniki nap\u0119dzaj\u0105ce<\/a>&nbsp;<\/td><\/tr><tr><td>Centrum wsparcia POD&nbsp;&nbsp;<\/td><td>034 442 022 10&nbsp;<\/td><\/tr><tr><td>E-mail<\/td><td><a href=\"mailto:Graphicsservice_poduk@fujifilm.com\" target=\"_blank\" rel=\"noreferrer noopener\">Graphicsservice_poduk@fujifilm.com<\/a>&nbsp;<\/td><\/tr><tr><td>Zam\u00f3wienia materia\u0142\u00f3w eksploatacyjnych<\/td><td><a href=\"https:\/\/graphicsdirect.fujifilm.eu\/fujifilm-graphics\/en\/login\">Portal internetowy Graphics Direct&nbsp;<\/a><\/td><\/tr><tr><td>Obs\u0142uga zam\u00f3wie\u0144 materia\u0142\u00f3w eksploatacyjnych&nbsp;&nbsp;<\/td><td>034 500 600 64<\/td><\/tr><tr><td>E-mail z zam\u00f3wieniem materia\u0142\u00f3w eksploatacyjnych<\/td><td><a href=\"mailto:Graphicscsg_uk@fujifilm.com\" target=\"_blank\" rel=\"noreferrer noopener\">Graphicscsg_uk@fujifilm.com<\/a>&nbsp;<\/td><\/tr><\/tbody><\/table><\/figure>\n\n\n<section id=\"txt-header\">\n\t<div class=\"container block-text-header\">\n\t\t<h3><\/h3>\n\t\t<h2><\/h2>\n\t\t<p><p style=\"text-align: center;\"><strong>Informacje kontaktowe dotycz\u0105ce pomocy technicznej<\/strong><\/p>\n<\/p>\n\t<\/div>\n<\/section>\n\n\n<figure class=\"wp-block-table aligncenter is-style-stripes\"><table><tbody><tr><td>Portal wsparcia&nbsp;<\/td><td><a href=\"https:\/\/app.smartsheet.com\/b\/publish?EQBCT=79fa920e7a634fdead5ab05ac4ab934a\" target=\"_blank\" rel=\"noreferrer noopener\">Fujifilm Support Request - Smartsheet.com<\/a>&nbsp;<\/td><\/tr><tr><td>Dyspozytor in\u017cynieryjny<\/td><td>034 500 600 65&nbsp;<\/td><\/tr><tr><td>E-mail<\/td><td><a href=\"mailto:graphicsservice_uk@fujifilm.com\">gr<\/a><a href=\"mailto:graphicsservice_uk@fujifilm.com\" target=\"_blank\" rel=\"noreferrer noopener\">A<\/a><a href=\"mailto:graphicsservice_uk@fujifilm.com\">phicsservice_uk@fujifilm.com<\/a>&nbsp;<\/td><\/tr><tr><td>Zam\u00f3wienia materia\u0142\u00f3w eksploatacyjnych<\/td><td><a href=\"https:\/\/graphicsdirect.fujifilm.eu\/fujifilm-graphics\/en\/login\">Portal internetowy Graphics Direct&nbsp;<\/a><\/td><\/tr><tr><td>Obs\u0142uga zam\u00f3wie\u0144 materia\u0142\u00f3w eksploatacyjnych&nbsp;&nbsp;<\/td><td>034 500 600 64<\/td><\/tr><tr><td>E-mail z zam\u00f3wieniem materia\u0142\u00f3w eksploatacyjnych<\/td><td><a href=\"mailto:Graphicscsg_uk@fujifilm.com\" target=\"_blank\" rel=\"noreferrer noopener\">Graphicscsg_uk@fujifilm.com<\/a>&nbsp;<\/td><\/tr><\/tbody><\/table><\/figure>\n\n\n<div style=\"height:50px;\">\n<\/div>\n\n<section id=\"dark-form\">\n\t<div id=\"footer-form\" class=\"container\">\n\t\t<h2>Jakie\u015b pytania? Prosimy o kontakt z nami poni\u017cej:<\/h2>\n\n\t\t<script src=\"\/\/info.fujifilm.eu\/js\/forms2\/js\/forms2.min.js\"><\/script><form id=\"mktoForm_5264\" action=\"\"><input type=\"hidden\" name=\"trp-form-language\" value=\"pl\"\/><\/form><script>MktoForms2.loadForm(\"\/\/info.fujifilm.eu\", \"060-MIY-956\", 5264);<\/script>\n\t\t<div id=\"confirmform\" style=\"visibility:hidden;\">\n                            <p><strong>\n\t\t\t\t\tDzi\u0119kujemy za zapytanie, wkr\u00f3tce kto\u015b si\u0119 z Tob\u0105 skontaktuje.\t\t\t\t\t<\/strong><\/p>\n              \n        <\/div>\n\t<\/div>\n<\/section>","protected":false},"excerpt":{"rendered":"<p>POD Self Help Portal &amp; Chat&nbsp;&nbsp; FUJIFILM Business Innovation Support &amp; Drivers&nbsp; Support Centre POD&nbsp;&nbsp; 034 442 022 10&nbsp; Email Graphicsservice_poduk@fujifilm.com&nbsp; Consumable Orders Graphics Direct Web Portal&nbsp; Consumable Order Support&nbsp;&nbsp; 034 500 600 64 Consumable Order Email Graphicscsg_uk@fujifilm.com&nbsp; Support Portal&nbsp; Fujifilm Support Request &#8211; Smartsheet.com&nbsp; Engineer Dispatch 034 500 600 65&nbsp; Email graphicsservice_uk@fujifilm.com&nbsp; Consumable Orders [&hellip;]<\/p>","protected":false},"author":7,"featured_media":0,"parent":0,"menu_order":0,"comment_status":"closed","ping_status":"closed","template":"","meta":{"inline_featured_image":false,"footnotes":""},"class_list":["post-14073","page","type-page","status-publish","hentry"],"acf":[],"yoast_head":"<!-- This site is optimized with the Yoast SEO plugin v22.0 - https:\/\/yoast.com\/wordpress\/plugins\/seo\/ -->\n<title>Support | Fujifilm Print EMEA<\/title>\n<meta name=\"robots\" content=\"index, follow, max-snippet:-1, max-image-preview:large, max-video-preview:-1\" \/>\n<link rel=\"canonical\" href=\"https:\/\/fujifilmprint.eu\/pl\/wsparcie\/\" \/>\n<meta property=\"og:locale\" content=\"pl_PL\" \/>\n<meta property=\"og:type\" content=\"article\" \/>\n<meta property=\"og:title\" content=\"Support | Fujifilm Print EMEA\" \/>\n<meta property=\"og:description\" content=\"POD Self Help Portal &amp; Chat&nbsp;&nbsp; FUJIFILM Business Innovation Support &amp; Drivers&nbsp; Support Centre POD&nbsp;&nbsp; 034 442 022 10&nbsp; Email Graphicsservice_poduk@fujifilm.com&nbsp; Consumable Orders Graphics Direct Web Portal&nbsp; Consumable Order Support&nbsp;&nbsp; 034 500 600 64 Consumable Order Email Graphicscsg_uk@fujifilm.com&nbsp; Support Portal&nbsp; Fujifilm Support Request &#8211; Smartsheet.com&nbsp; Engineer Dispatch 034 500 600 65&nbsp; Email graphicsservice_uk@fujifilm.com&nbsp; Consumable Orders [&hellip;]\" \/>\n<meta property=\"og:url\" content=\"https:\/\/fujifilmprint.eu\/pl\/wsparcie\/\" \/>\n<meta property=\"og:site_name\" content=\"Fujifilm Print EMEA\" \/>\n<meta property=\"article:modified_time\" content=\"2025-01-15T13:00:46+00:00\" \/>\n<meta name=\"twitter:card\" content=\"summary_large_image\" \/>\n<meta name=\"twitter:label1\" content=\"Szacowany czas czytania\" \/>\n\t<meta name=\"twitter:data1\" content=\"1 minuta\" \/>\n<script type=\"application\/ld+json\" class=\"yoast-schema-graph\">{\"@context\":\"https:\/\/schema.org\",\"@graph\":[{\"@type\":\"WebPage\",\"@id\":\"https:\/\/fujifilmprint.eu\/support\/\",\"url\":\"https:\/\/fujifilmprint.eu\/support\/\",\"name\":\"Support | Fujifilm Print EMEA\",\"isPartOf\":{\"@id\":\"https:\/\/fujifilmprint.eu\/#website\"},\"datePublished\":\"2023-06-08T12:29:41+00:00\",\"dateModified\":\"2025-01-15T13:00:46+00:00\",\"breadcrumb\":{\"@id\":\"https:\/\/fujifilmprint.eu\/support\/#breadcrumb\"},\"inLanguage\":\"pl-PL\",\"potentialAction\":[{\"@type\":\"ReadAction\",\"target\":[\"https:\/\/fujifilmprint.eu\/support\/\"]}]},{\"@type\":\"BreadcrumbList\",\"@id\":\"https:\/\/fujifilmprint.eu\/support\/#breadcrumb\",\"itemListElement\":[{\"@type\":\"ListItem\",\"position\":1,\"name\":\"Home\",\"item\":\"https:\/\/fujifilmprint.eu\/\"},{\"@type\":\"ListItem\",\"position\":2,\"name\":\"Fujifilm UK Support\"}]},{\"@type\":\"WebSite\",\"@id\":\"https:\/\/fujifilmprint.eu\/#website\",\"url\":\"https:\/\/fujifilmprint.eu\/\",\"name\":\"Fujifilm Print EMEA\",\"description\":\"\",\"publisher\":{\"@id\":\"https:\/\/fujifilmprint.eu\/#organization\"},\"potentialAction\":[{\"@type\":\"SearchAction\",\"target\":{\"@type\":\"EntryPoint\",\"urlTemplate\":\"https:\/\/fujifilmprint.eu\/?s={search_term_string}\"},\"query-input\":\"required name=search_term_string\"}],\"inLanguage\":\"pl-PL\"},{\"@type\":\"Organization\",\"@id\":\"https:\/\/fujifilmprint.eu\/#organization\",\"name\":\"Fujifilm Print EMEA\",\"url\":\"https:\/\/fujifilmprint.eu\/\",\"logo\":{\"@type\":\"ImageObject\",\"inLanguage\":\"pl-PL\",\"@id\":\"https:\/\/fujifilmprint.eu\/#\/schema\/logo\/image\/\",\"url\":\"https:\/\/fujifilmprint.eu\/wp-content\/uploads\/2022\/07\/fujifilm-1.png\",\"contentUrl\":\"https:\/\/fujifilmprint.eu\/wp-content\/uploads\/2022\/07\/fujifilm-1.png\",\"width\":416,\"height\":70,\"caption\":\"Fujifilm Print EMEA\"},\"image\":{\"@id\":\"https:\/\/fujifilmprint.eu\/#\/schema\/logo\/image\/\"}}]}<\/script>\n<!-- \/ Yoast SEO plugin. -->","yoast_head_json":{"title":"Wsparcie | Fujifilm Print EMEA","robots":{"index":"index","follow":"follow","max-snippet":"max-snippet:-1","max-image-preview":"max-image-preview:large","max-video-preview":"max-video-preview:-1"},"canonical":"https:\/\/fujifilmprint.eu\/pl\/wsparcie\/","og_locale":"pl_PL","og_type":"article","og_title":"Support | Fujifilm Print EMEA","og_description":"POD Self Help Portal &amp; Chat&nbsp;&nbsp; FUJIFILM Business Innovation Support &amp; Drivers&nbsp; Support Centre POD&nbsp;&nbsp; 034 442 022 10&nbsp; Email Graphicsservice_poduk@fujifilm.com&nbsp; Consumable Orders Graphics Direct Web Portal&nbsp; Consumable Order Support&nbsp;&nbsp; 034 500 600 64 Consumable Order Email Graphicscsg_uk@fujifilm.com&nbsp; Support Portal&nbsp; Fujifilm Support Request &#8211; Smartsheet.com&nbsp; Engineer Dispatch 034 500 600 65&nbsp; Email graphicsservice_uk@fujifilm.com&nbsp; Consumable Orders [&hellip;]","og_url":"https:\/\/fujifilmprint.eu\/pl\/wsparcie\/","og_site_name":"Fujifilm Print EMEA","article_modified_time":"2025-01-15T13:00:46+00:00","twitter_card":"summary_large_image","twitter_misc":{"Szacowany czas czytania":"1 minuta"},"schema":{"@context":"https:\/\/schema.org","@graph":[{"@type":"WebPage","@id":"https:\/\/fujifilmprint.eu\/support\/","url":"https:\/\/fujifilmprint.eu\/support\/","name":"Wsparcie | Fujifilm Print EMEA","isPartOf":{"@id":"https:\/\/fujifilmprint.eu\/#website"},"datePublished":"2023-06-08T12:29:41+00:00","dateModified":"2025-01-15T13:00:46+00:00","breadcrumb":{"@id":"https:\/\/fujifilmprint.eu\/support\/#breadcrumb"},"inLanguage":"pl-PL","potentialAction":[{"@type":"ReadAction","target":["https:\/\/fujifilmprint.eu\/support\/"]}]},{"@type":"BreadcrumbList","@id":"https:\/\/fujifilmprint.eu\/support\/#breadcrumb","itemListElement":[{"@type":"ListItem","position":1,"name":"Home","item":"https:\/\/fujifilmprint.eu\/"},{"@type":"ListItem","position":2,"name":"Fujifilm UK Support"}]},{"@type":"WebSite","@id":"https:\/\/fujifilmprint.eu\/#website","url":"https:\/\/fujifilmprint.eu\/","name":"Fujifilm Print EMEA","description":"","publisher":{"@id":"https:\/\/fujifilmprint.eu\/#organization"},"potentialAction":[{"@type":"SearchAction","target":{"@type":"EntryPoint","urlTemplate":"https:\/\/fujifilmprint.eu\/?s={search_term_string}"},"query-input":"required name=search_term_string"}],"inLanguage":"pl-PL"},{"@type":"Organization","@id":"https:\/\/fujifilmprint.eu\/#organization","name":"Fujifilm Print EMEA","url":"https:\/\/fujifilmprint.eu\/","logo":{"@type":"ImageObject","inLanguage":"pl-PL","@id":"https:\/\/fujifilmprint.eu\/#\/schema\/logo\/image\/","url":"https:\/\/fujifilmprint.eu\/wp-content\/uploads\/2022\/07\/fujifilm-1.png","contentUrl":"https:\/\/fujifilmprint.eu\/wp-content\/uploads\/2022\/07\/fujifilm-1.png","width":416,"height":70,"caption":"Fujifilm Print EMEA"},"image":{"@id":"https:\/\/fujifilmprint.eu\/#\/schema\/logo\/image\/"}}]}},"_links":{"self":[{"href":"https:\/\/fujifilmprint.eu\/pl\/wp-json\/wp\/v2\/pages\/14073","targetHints":{"allow":["GET"]}}],"collection":[{"href":"https:\/\/fujifilmprint.eu\/pl\/wp-json\/wp\/v2\/pages"}],"about":[{"href":"https:\/\/fujifilmprint.eu\/pl\/wp-json\/wp\/v2\/types\/page"}],"author":[{"embeddable":true,"href":"https:\/\/fujifilmprint.eu\/pl\/wp-json\/wp\/v2\/users\/7"}],"replies":[{"embeddable":true,"href":"https:\/\/fujifilmprint.eu\/pl\/wp-json\/wp\/v2\/comments?post=14073"}],"version-history":[{"count":62,"href":"https:\/\/fujifilmprint.eu\/pl\/wp-json\/wp\/v2\/pages\/14073\/revisions"}],"predecessor-version":[{"id":19621,"href":"https:\/\/fujifilmprint.eu\/pl\/wp-json\/wp\/v2\/pages\/14073\/revisions\/19621"}],"wp:attachment":[{"href":"https:\/\/fujifilmprint.eu\/pl\/wp-json\/wp\/v2\/media?parent=14073"}],"curies":[{"name":"wp","href":"https:\/\/api.w.org\/{rel}","templated":true}]}}