{"id":21038,"date":"2025-10-23T14:30:04","date_gmt":"2025-10-23T13:30:04","guid":{"rendered":"https:\/\/staging.fujifilmprint.eu\/?page_id=21038"},"modified":"2025-11-13T12:32:01","modified_gmt":"2025-11-13T11:32:01","slug":"collection-services","status":"publish","type":"page","link":"https:\/\/fujifilmprint.eu\/it\/collection-services\/","title":{"rendered":"Servizi di raccolta"},"content":{"rendered":"<section id=\"black-header\">\n\t<div class=\"container-fluid black-pt\" style=\"background-image: url('https:\/\/fujifilmprint.eu\/wp-content\/uploads\/2025\/10\/Flower-sustainabilityAdobeStock_585179623-e1755096172888.jpg');background-size: cover;padding: 0;\">\n\t<div class=\"overlay\" style=\"padding: 200px 0;\">\t\t<div class=\"container\">\n\t\t\t<h2 style=\"line-height: 80px;\">\n\t\t\t\tServizi di raccolta\t\t\t<\/h2>\n\t\t\t<h3>\n\t\t\t\tRaccogliere, riutilizzare e riciclare: l'approccio circolare di Fujifilm\t\t\t<\/h3>\n\t\t<\/div>\n\t<\/div>\t<\/div>\n<\/section>\n\n<div style=\"height:50px;\">\n<\/div>\n\n<section id=\"txt-header\">\n\t<div class=\"container block-text-header\">\n\t\t<h3><\/h3>\n\t\t<h2>Promuovere la circolazione delle risorse<\/h2>\n\t\t<p><p>Dal 1995 Fujifilm ha attuato una politica di riciclaggio che mira a \u2018zero rifiuti\u2019 e promuove la circolazione delle risorse e che prevede la raccolta, il riutilizzo e il riciclaggio delle apparecchiature e dei prodotti consumati dai clienti. Questa politica si \u00e8 concentrata sulla riduzione dell'uso di nuove risorse e sulla promozione della circolazione delle risorse attraverso il riutilizzo delle parti dei prodotti usati raccolti.<\/p>\n<p><img loading=\"lazy\" decoding=\"async\" class=\"alignright\" src=\"https:\/\/office-staging.fujifilmprint.eu\/wp-content\/uploads\/2025\/09\/Circular-Manufacturing-Center-building-1024x731.jpg\" alt=\"\" width=\"585\" height=\"418\" \/><\/p>\n<p>Nel 2024, Fujifilm ha annunciato la creazione del Circular Manufacturing Center presso il sito FUJIFILM Manufacturing Europe B.V. nei Paesi Bassi, per promuovere la circolazione delle risorse in Europa. Come primo passo, il nuovo centro di produzione si concentra sulla raccolta di cartucce di toner usate, che vengono smontate, pulite e ispezionate dopo la raccolta, per poi essere rigenerate come nuove cartucce di toner da spedire nella regione europea. In futuro, Fujifilm prevede di espandere questi processi di rigenerazione ad altri prodotti, come le stampanti multifunzione rigenerate e le parti di ricambio per le stampanti di produzione.<\/p>\n<h6 class=\"s8\"><\/h6>\n<\/p>\n\t<\/div>\n<\/section>\n\n<div style=\"height:20px;\">\n<\/div>\n\n<section id=\"txt-header\">\n\t<div class=\"container block-text-header\">\n\t\t<h3><\/h3>\n\t\t<h2><\/h2>\n\t\t<p><p><img loading=\"lazy\" decoding=\"async\" class=\"alignleft wp-image-21437\" style=\"font-family: Poppins, sans-serif; font-size: 18px;\" src=\"https:\/\/office-staging.fujifilmprint.eu\/wp-content\/uploads\/2025\/09\/Circular-Manufacturing-Center-toner-731x1024.jpg\" alt=\"\" width=\"351\" height=\"491\" \/><\/p>\n<p>Inoltre, FUJIFILM Manufacturing Europe B.V. fornisce tutta la sua energia elettrica da una generazione eolica in loco e da una societ\u00e0 di generazione eolica acquistata. Pertanto, il nuovo Centro di Produzione Circolare \u00e8 in grado di ottenere emissioni di CO2 praticamente nulle dall'elettricit\u00e0 utilizzata. FUJIFILM Manufacturing Europe B.V. ha una storia di oltre 40 anni di produzione di vari prodotti Fujifilm e la sua posizione nei Paesi Bassi la rende ben posizionata per spedire in modo efficiente i prodotti in tutto il continente europeo.<\/p>\n<p>Con l'apertura del Circular Manufacturing Center in Europa, Fujifilm intende potenziare le proprie attivit\u00e0 di circolazione delle risorse per contribuire alla promozione dell'economia circolare.<\/p>\n<h6 class=\"s8\"><span class=\"s7\">I dispositivi MFP vengono rigenerati a partire da prodotti usati, raccolti dai clienti. I prodotti vengono smontati, puliti e ispezionati e le parti che non soddisfano un determinato standard di qualit\u00e0 vengono sostituite.<\/span><\/h6>\n<\/p>\n\t<\/div>\n<\/section>\n\n<div style=\"height:100px;\">\n<\/div>\n\n\n\n\n<div style=\"height:80px;\">\n<\/div>\n\n<section id=\"dark-form\">\n\t<div id=\"footer-form\" class=\"container\">\n\t\t<h2>Domande? Contattateci qui sotto:<\/h2>\n\n\t\t \r\n\r\n  \r\n\r\n \r\n\r\n  \r\n\r\n \r\n\r\n  \r\n\r\n \r\n\r\n<script src=\"\/\/info.fujifilm.eu\/js\/forms2\/js\/forms2.min.js\"><\/script> <form id=\"mktoForm_5281\" action=\"\"><input type=\"hidden\" name=\"trp-form-language\" value=\"it\"\/><\/form> <script>MktoForms2.loadForm(\"\/\/info.fujifilm.eu\", \"060-MIY-956\", 5281);<\/script> \r\n\r\n \r\n\r\n  \r\n\r\n \r\n\r\n  \r\n\r\n \r\n\r\n  \r\n\r\n \r\n\r\n  \r\n\r\n \r\n\r\n  \r\n\r\n \n\t\t<div id=\"confirmform\" style=\"visibility:hidden;\">\n                            <p><strong>\n\t\t\t\t\tGrazie per la tua richiesta, qualcuno ti contatter\u00e0 presto.\t\t\t\t\t<\/strong><\/p>\n              \n        <\/div>\n\t<\/div>\n<\/section>","protected":false},"excerpt":{"rendered":"","protected":false},"author":12,"featured_media":0,"parent":0,"menu_order":0,"comment_status":"closed","ping_status":"closed","template":"","meta":{"inline_featured_image":false,"footnotes":""},"class_list":["post-21038","page","type-page","status-publish","hentry"],"acf":[],"yoast_head":"<!-- This site is optimized with the Yoast SEO plugin v22.0 - https:\/\/yoast.com\/wordpress\/plugins\/seo\/ -->\n<title>Collection Services - Fujifilm Print EMEA<\/title>\n<meta name=\"robots\" content=\"index, follow, max-snippet:-1, max-image-preview:large, max-video-preview:-1\" \/>\n<link rel=\"canonical\" href=\"https:\/\/fujifilmprint.eu\/it\/collection-services\/\" \/>\n<meta property=\"og:locale\" content=\"it_IT\" \/>\n<meta property=\"og:type\" content=\"article\" \/>\n<meta property=\"og:title\" content=\"Collection Services - Fujifilm Print EMEA\" \/>\n<meta property=\"og:url\" content=\"https:\/\/fujifilmprint.eu\/it\/collection-services\/\" \/>\n<meta property=\"og:site_name\" content=\"Fujifilm Print EMEA\" \/>\n<meta property=\"article:modified_time\" content=\"2025-11-13T11:32:01+00:00\" \/>\n<meta name=\"twitter:card\" content=\"summary_large_image\" \/>\n<meta name=\"twitter:label1\" content=\"Tempo di lettura stimato\" \/>\n\t<meta name=\"twitter:data1\" content=\"1 minuto\" \/>\n<script type=\"application\/ld+json\" class=\"yoast-schema-graph\">{\"@context\":\"https:\/\/schema.org\",\"@graph\":[{\"@type\":\"WebPage\",\"@id\":\"https:\/\/fujifilmprint.eu\/collection-services\/\",\"url\":\"https:\/\/fujifilmprint.eu\/collection-services\/\",\"name\":\"Collection Services - Fujifilm Print EMEA\",\"isPartOf\":{\"@id\":\"https:\/\/fujifilmprint.eu\/#website\"},\"datePublished\":\"2025-10-23T13:30:04+00:00\",\"dateModified\":\"2025-11-13T11:32:01+00:00\",\"breadcrumb\":{\"@id\":\"https:\/\/fujifilmprint.eu\/collection-services\/#breadcrumb\"},\"inLanguage\":\"it-IT\",\"potentialAction\":[{\"@type\":\"ReadAction\",\"target\":[\"https:\/\/fujifilmprint.eu\/collection-services\/\"]}]},{\"@type\":\"BreadcrumbList\",\"@id\":\"https:\/\/fujifilmprint.eu\/collection-services\/#breadcrumb\",\"itemListElement\":[{\"@type\":\"ListItem\",\"position\":1,\"name\":\"Home\",\"item\":\"https:\/\/fujifilmprint.eu\/\"},{\"@type\":\"ListItem\",\"position\":2,\"name\":\"Collection Services\"}]},{\"@type\":\"WebSite\",\"@id\":\"https:\/\/fujifilmprint.eu\/#website\",\"url\":\"https:\/\/fujifilmprint.eu\/\",\"name\":\"Fujifilm Print EMEA\",\"description\":\"\",\"publisher\":{\"@id\":\"https:\/\/fujifilmprint.eu\/#organization\"},\"potentialAction\":[{\"@type\":\"SearchAction\",\"target\":{\"@type\":\"EntryPoint\",\"urlTemplate\":\"https:\/\/fujifilmprint.eu\/?s={search_term_string}\"},\"query-input\":\"required name=search_term_string\"}],\"inLanguage\":\"it-IT\"},{\"@type\":\"Organization\",\"@id\":\"https:\/\/fujifilmprint.eu\/#organization\",\"name\":\"Fujifilm Print EMEA\",\"url\":\"https:\/\/fujifilmprint.eu\/\",\"logo\":{\"@type\":\"ImageObject\",\"inLanguage\":\"it-IT\",\"@id\":\"https:\/\/fujifilmprint.eu\/#\/schema\/logo\/image\/\",\"url\":\"https:\/\/fujifilmprint.eu\/wp-content\/uploads\/2022\/07\/fujifilm-1.png\",\"contentUrl\":\"https:\/\/fujifilmprint.eu\/wp-content\/uploads\/2022\/07\/fujifilm-1.png\",\"width\":416,\"height\":70,\"caption\":\"Fujifilm Print EMEA\"},\"image\":{\"@id\":\"https:\/\/fujifilmprint.eu\/#\/schema\/logo\/image\/\"}}]}<\/script>\n<!-- \/ Yoast SEO plugin. -->","yoast_head_json":{"title":"Servizi di raccolta - Fujifilm Stampa EMEA","robots":{"index":"index","follow":"follow","max-snippet":"max-snippet:-1","max-image-preview":"max-image-preview:large","max-video-preview":"max-video-preview:-1"},"canonical":"https:\/\/fujifilmprint.eu\/it\/collection-services\/","og_locale":"it_IT","og_type":"article","og_title":"Collection Services - Fujifilm Print EMEA","og_url":"https:\/\/fujifilmprint.eu\/it\/collection-services\/","og_site_name":"Fujifilm Print EMEA","article_modified_time":"2025-11-13T11:32:01+00:00","twitter_card":"summary_large_image","twitter_misc":{"Tempo di lettura stimato":"1 minuto"},"schema":{"@context":"https:\/\/schema.org","@graph":[{"@type":"WebPage","@id":"https:\/\/fujifilmprint.eu\/collection-services\/","url":"https:\/\/fujifilmprint.eu\/collection-services\/","name":"Servizi di raccolta - Fujifilm Stampa EMEA","isPartOf":{"@id":"https:\/\/fujifilmprint.eu\/#website"},"datePublished":"2025-10-23T13:30:04+00:00","dateModified":"2025-11-13T11:32:01+00:00","breadcrumb":{"@id":"https:\/\/fujifilmprint.eu\/collection-services\/#breadcrumb"},"inLanguage":"it-IT","potentialAction":[{"@type":"ReadAction","target":["https:\/\/fujifilmprint.eu\/collection-services\/"]}]},{"@type":"BreadcrumbList","@id":"https:\/\/fujifilmprint.eu\/collection-services\/#breadcrumb","itemListElement":[{"@type":"ListItem","position":1,"name":"Home","item":"https:\/\/fujifilmprint.eu\/"},{"@type":"ListItem","position":2,"name":"Collection Services"}]},{"@type":"WebSite","@id":"https:\/\/fujifilmprint.eu\/#website","url":"https:\/\/fujifilmprint.eu\/","name":"Fujifilm Print EMEA","description":"","publisher":{"@id":"https:\/\/fujifilmprint.eu\/#organization"},"potentialAction":[{"@type":"SearchAction","target":{"@type":"EntryPoint","urlTemplate":"https:\/\/fujifilmprint.eu\/?s={search_term_string}"},"query-input":"required name=search_term_string"}],"inLanguage":"it-IT"},{"@type":"Organization","@id":"https:\/\/fujifilmprint.eu\/#organization","name":"Fujifilm Print EMEA","url":"https:\/\/fujifilmprint.eu\/","logo":{"@type":"ImageObject","inLanguage":"it-IT","@id":"https:\/\/fujifilmprint.eu\/#\/schema\/logo\/image\/","url":"https:\/\/fujifilmprint.eu\/wp-content\/uploads\/2022\/07\/fujifilm-1.png","contentUrl":"https:\/\/fujifilmprint.eu\/wp-content\/uploads\/2022\/07\/fujifilm-1.png","width":416,"height":70,"caption":"Fujifilm Print EMEA"},"image":{"@id":"https:\/\/fujifilmprint.eu\/#\/schema\/logo\/image\/"}}]}},"_links":{"self":[{"href":"https:\/\/fujifilmprint.eu\/it\/wp-json\/wp\/v2\/pages\/21038","targetHints":{"allow":["GET"]}}],"collection":[{"href":"https:\/\/fujifilmprint.eu\/it\/wp-json\/wp\/v2\/pages"}],"about":[{"href":"https:\/\/fujifilmprint.eu\/it\/wp-json\/wp\/v2\/types\/page"}],"author":[{"embeddable":true,"href":"https:\/\/fujifilmprint.eu\/it\/wp-json\/wp\/v2\/users\/12"}],"replies":[{"embeddable":true,"href":"https:\/\/fujifilmprint.eu\/it\/wp-json\/wp\/v2\/comments?post=21038"}],"version-history":[{"count":21,"href":"https:\/\/fujifilmprint.eu\/it\/wp-json\/wp\/v2\/pages\/21038\/revisions"}],"predecessor-version":[{"id":21131,"href":"https:\/\/fujifilmprint.eu\/it\/wp-json\/wp\/v2\/pages\/21038\/revisions\/21131"}],"wp:attachment":[{"href":"https:\/\/fujifilmprint.eu\/it\/wp-json\/wp\/v2\/media?parent=21038"}],"curies":[{"name":"wp","href":"https:\/\/api.w.org\/{rel}","templated":true}]}}