{"id":21038,"date":"2025-10-23T14:30:04","date_gmt":"2025-10-23T13:30:04","guid":{"rendered":"https:\/\/staging.fujifilmprint.eu\/?page_id=21038"},"modified":"2025-11-13T12:32:01","modified_gmt":"2025-11-13T11:32:01","slug":"collection-services","status":"publish","type":"page","link":"https:\/\/fujifilmprint.eu\/fr\/collection-services\/","title":{"rendered":"Services de recouvrement"},"content":{"rendered":"<section id=\"black-header\">\n\t<div class=\"container-fluid black-pt\" style=\"background-image: url('https:\/\/fujifilmprint.eu\/wp-content\/uploads\/2025\/10\/Flower-sustainabilityAdobeStock_585179623-e1755096172888.jpg');background-size: cover;padding: 0;\">\n\t<div class=\"overlay\" style=\"padding: 200px 0;\">\t\t<div class=\"container\">\n\t\t\t<h2 style=\"line-height: 80px;\">\n\t\t\t\tServices de recouvrement\t\t\t<\/h2>\n\t\t\t<h3>\n\t\t\t\tCollecter, r\u00e9utiliser et recycler : l'approche circulaire de Fujifilm\t\t\t<\/h3>\n\t\t<\/div>\n\t<\/div>\t<\/div>\n<\/section>\n\n<div style=\"height:50px;\">\n<\/div>\n\n<section id=\"txt-header\">\n\t<div class=\"container block-text-header\">\n\t\t<h3><\/h3>\n\t\t<h2>Promouvoir la circulation des ressources<\/h2>\n\t\t<p><p>Depuis 1995, Fujifilm a mis en \u0153uvre une politique de recyclage visant \u00e0 atteindre l'objectif \u2018z\u00e9ro d\u00e9chet\u2019 et \u00e0 promouvoir la circulation des ressources, ce qui implique la collecte, la r\u00e9utilisation et le recyclage des \u00e9quipements et des produits consomm\u00e9s par les clients. Cette politique s'est concentr\u00e9e sur la r\u00e9duction de l'utilisation de nouvelles ressources et sur la promotion de la circulation des ressources par la r\u00e9utilisation de pi\u00e8ces provenant de produits usag\u00e9s collect\u00e9s.<\/p>\n<p><img loading=\"lazy\" decoding=\"async\" class=\"alignright\" src=\"https:\/\/office-staging.fujifilmprint.eu\/wp-content\/uploads\/2025\/09\/Circular-Manufacturing-Center-building-1024x731.jpg\" alt=\"\" width=\"585\" height=\"418\" \/><\/p>\n<p>En 2024, Fujifilm a annonc\u00e9 la cr\u00e9ation d'un centre de fabrication circulaire bas\u00e9 sur le site de FUJIFILM Manufacturing Europe B.V. aux Pays-Bas, afin de promouvoir la circulation des ressources en Europe. Dans un premier temps, le nouveau centre de fabrication se concentre sur la collecte de cartouches de toner usag\u00e9es, qui sont d\u00e9mont\u00e9es, nettoy\u00e9es et inspect\u00e9es apr\u00e8s la collecte, puis remises \u00e0 neuf sous forme de cartouches de toner neuves pour \u00eatre exp\u00e9di\u00e9es dans la r\u00e9gion europ\u00e9enne. \u00c0 l'avenir, Fujifilm pr\u00e9voit d'\u00e9tendre ces processus de reconditionnement \u00e0 d'autres produits, tels que des imprimantes multifonctions reconditionn\u00e9es et des pi\u00e8ces d\u00e9tach\u00e9es pour les imprimantes de production.<\/p>\n<h6 class=\"s8\"><\/h6>\n<\/p>\n\t<\/div>\n<\/section>\n\n<div style=\"height:20px;\">\n<\/div>\n\n<section id=\"txt-header\">\n\t<div class=\"container block-text-header\">\n\t\t<h3><\/h3>\n\t\t<h2><\/h2>\n\t\t<p><p><img loading=\"lazy\" decoding=\"async\" class=\"alignleft wp-image-21437\" style=\"font-family: Poppins, sans-serif; font-size: 18px;\" src=\"https:\/\/office-staging.fujifilmprint.eu\/wp-content\/uploads\/2025\/09\/Circular-Manufacturing-Center-toner-731x1024.jpg\" alt=\"\" width=\"351\" height=\"491\" \/><\/p>\n<p>En outre, FUJIFILM Manufacturing Europe B.V. fournit toute sa propre \u00e9lectricit\u00e9 \u00e0 partir de la production d'\u00e9nergie \u00e9olienne sur site et d'une soci\u00e9t\u00e9 de production d'\u00e9nergie \u00e9olienne achet\u00e9e. Par cons\u00e9quent, le nouveau centre de fabrication circulaire peut \u00e9galement atteindre des \u00e9missions de CO2 pratiquement nulles \u00e0 partir de l'\u00e9lectricit\u00e9 qu'il utilise. FUJIFILM Manufacturing Europe B.V. fabrique depuis plus de 40 ans divers produits Fujifilm, et son emplacement aux Pays-Bas lui permet d'\u00eatre bien plac\u00e9 pour exp\u00e9dier efficacement les produits sur tout le continent europ\u00e9en.<\/p>\n<p>Avec l'ouverture du Circular Manufacturing Center en Europe, Fujifilm s'appr\u00eate \u00e0 renforcer ses activit\u00e9s de circulation des ressources pour contribuer \u00e0 la promotion de l'\u00e9conomie circulaire.<\/p>\n<h6 class=\"s8\"><span class=\"s7\">Les appareils multifonctions sont remis \u00e0 neuf \u00e0 partir de produits usag\u00e9s collect\u00e9s aupr\u00e8s des clients. Les produits sont d\u00e9mont\u00e9s, nettoy\u00e9s et inspect\u00e9s, et toutes les pi\u00e8ces qui ne r\u00e9pondent pas \u00e0 une certaine norme de qualit\u00e9 sont remplac\u00e9es.<\/span><\/h6>\n<\/p>\n\t<\/div>\n<\/section>\n\n<div style=\"height:100px;\">\n<\/div>\n\n\n\n\n<div style=\"height:80px;\">\n<\/div>\n\n<section id=\"dark-form\">\n\t<div id=\"footer-form\" class=\"container\">\n\t\t<h2>Des questions? Veuillez nous contacter ci-dessous:<\/h2>\n\n\t\t \r\n\r\n  \r\n\r\n \r\n\r\n<script src=\"\/\/info.fujifilm.eu\/js\/forms2\/js\/forms2.min.js\"><\/script> <form id=\"mktoForm_5280\" action=\"\"><input type=\"hidden\" name=\"trp-form-language\" value=\"fr\"\/><\/form> <script>MktoForms2.loadForm(\"\/\/info.fujifilm.eu\", \"060-MIY-956\", 5280);<\/script> \r\n\r\n \r\n\r\n  \r\n\r\n \r\n\r\n  \r\n\r\n \r\n\r\n  \r\n\r\n \r\n\r\n  \r\n\r\n \r\n\r\n  \r\n\r\n \r\n\r\n  \r\n\r\n \r\n\r\n  \r\n\r\n \n\t\t<div id=\"confirmform\" style=\"visibility:hidden;\">\n                            <p><strong>\n\t\t\t\t\tMerci pour votre demande, quelqu&#039;un vous contactera bient\u00f4t.\t\t\t\t\t<\/strong><\/p>\n              \n        <\/div>\n\t<\/div>\n<\/section>","protected":false},"excerpt":{"rendered":"","protected":false},"author":12,"featured_media":0,"parent":0,"menu_order":0,"comment_status":"closed","ping_status":"closed","template":"","meta":{"inline_featured_image":false,"footnotes":""},"class_list":["post-21038","page","type-page","status-publish","hentry"],"acf":[],"yoast_head":"<!-- This site is optimized with the Yoast SEO plugin v22.0 - https:\/\/yoast.com\/wordpress\/plugins\/seo\/ -->\n<title>Collection Services - Fujifilm Print EMEA<\/title>\n<meta name=\"robots\" content=\"index, follow, max-snippet:-1, max-image-preview:large, max-video-preview:-1\" \/>\n<link rel=\"canonical\" href=\"https:\/\/fujifilmprint.eu\/fr\/collection-services\/\" \/>\n<meta property=\"og:locale\" content=\"fr_FR\" \/>\n<meta property=\"og:type\" content=\"article\" \/>\n<meta property=\"og:title\" content=\"Collection Services - Fujifilm Print EMEA\" \/>\n<meta property=\"og:url\" content=\"https:\/\/fujifilmprint.eu\/fr\/collection-services\/\" \/>\n<meta property=\"og:site_name\" content=\"Fujifilm Print EMEA\" \/>\n<meta property=\"article:modified_time\" content=\"2025-11-13T11:32:01+00:00\" \/>\n<meta name=\"twitter:card\" content=\"summary_large_image\" \/>\n<meta name=\"twitter:label1\" content=\"Dur\u00e9e de lecture estim\u00e9e\" \/>\n\t<meta name=\"twitter:data1\" content=\"1 minute\" \/>\n<script type=\"application\/ld+json\" class=\"yoast-schema-graph\">{\"@context\":\"https:\/\/schema.org\",\"@graph\":[{\"@type\":\"WebPage\",\"@id\":\"https:\/\/fujifilmprint.eu\/collection-services\/\",\"url\":\"https:\/\/fujifilmprint.eu\/collection-services\/\",\"name\":\"Collection Services - Fujifilm Print EMEA\",\"isPartOf\":{\"@id\":\"https:\/\/fujifilmprint.eu\/#website\"},\"datePublished\":\"2025-10-23T13:30:04+00:00\",\"dateModified\":\"2025-11-13T11:32:01+00:00\",\"breadcrumb\":{\"@id\":\"https:\/\/fujifilmprint.eu\/collection-services\/#breadcrumb\"},\"inLanguage\":\"fr-FR\",\"potentialAction\":[{\"@type\":\"ReadAction\",\"target\":[\"https:\/\/fujifilmprint.eu\/collection-services\/\"]}]},{\"@type\":\"BreadcrumbList\",\"@id\":\"https:\/\/fujifilmprint.eu\/collection-services\/#breadcrumb\",\"itemListElement\":[{\"@type\":\"ListItem\",\"position\":1,\"name\":\"Home\",\"item\":\"https:\/\/fujifilmprint.eu\/\"},{\"@type\":\"ListItem\",\"position\":2,\"name\":\"Collection Services\"}]},{\"@type\":\"WebSite\",\"@id\":\"https:\/\/fujifilmprint.eu\/#website\",\"url\":\"https:\/\/fujifilmprint.eu\/\",\"name\":\"Fujifilm Print EMEA\",\"description\":\"\",\"publisher\":{\"@id\":\"https:\/\/fujifilmprint.eu\/#organization\"},\"potentialAction\":[{\"@type\":\"SearchAction\",\"target\":{\"@type\":\"EntryPoint\",\"urlTemplate\":\"https:\/\/fujifilmprint.eu\/?s={search_term_string}\"},\"query-input\":\"required name=search_term_string\"}],\"inLanguage\":\"fr-FR\"},{\"@type\":\"Organization\",\"@id\":\"https:\/\/fujifilmprint.eu\/#organization\",\"name\":\"Fujifilm Print EMEA\",\"url\":\"https:\/\/fujifilmprint.eu\/\",\"logo\":{\"@type\":\"ImageObject\",\"inLanguage\":\"fr-FR\",\"@id\":\"https:\/\/fujifilmprint.eu\/#\/schema\/logo\/image\/\",\"url\":\"https:\/\/fujifilmprint.eu\/wp-content\/uploads\/2022\/07\/fujifilm-1.png\",\"contentUrl\":\"https:\/\/fujifilmprint.eu\/wp-content\/uploads\/2022\/07\/fujifilm-1.png\",\"width\":416,\"height\":70,\"caption\":\"Fujifilm Print EMEA\"},\"image\":{\"@id\":\"https:\/\/fujifilmprint.eu\/#\/schema\/logo\/image\/\"}}]}<\/script>\n<!-- \/ Yoast SEO plugin. -->","yoast_head_json":{"title":"Services de recouvrement - Fujifilm Print EMEA","robots":{"index":"index","follow":"follow","max-snippet":"max-snippet:-1","max-image-preview":"max-image-preview:large","max-video-preview":"max-video-preview:-1"},"canonical":"https:\/\/fujifilmprint.eu\/fr\/collection-services\/","og_locale":"fr_FR","og_type":"article","og_title":"Collection Services - Fujifilm Print EMEA","og_url":"https:\/\/fujifilmprint.eu\/fr\/collection-services\/","og_site_name":"Fujifilm Print EMEA","article_modified_time":"2025-11-13T11:32:01+00:00","twitter_card":"summary_large_image","twitter_misc":{"Dur\u00e9e de lecture estim\u00e9e":"1 minute"},"schema":{"@context":"https:\/\/schema.org","@graph":[{"@type":"WebPage","@id":"https:\/\/fujifilmprint.eu\/collection-services\/","url":"https:\/\/fujifilmprint.eu\/collection-services\/","name":"Services de recouvrement - Fujifilm Print EMEA","isPartOf":{"@id":"https:\/\/fujifilmprint.eu\/#website"},"datePublished":"2025-10-23T13:30:04+00:00","dateModified":"2025-11-13T11:32:01+00:00","breadcrumb":{"@id":"https:\/\/fujifilmprint.eu\/collection-services\/#breadcrumb"},"inLanguage":"fr-FR","potentialAction":[{"@type":"ReadAction","target":["https:\/\/fujifilmprint.eu\/collection-services\/"]}]},{"@type":"BreadcrumbList","@id":"https:\/\/fujifilmprint.eu\/collection-services\/#breadcrumb","itemListElement":[{"@type":"ListItem","position":1,"name":"Home","item":"https:\/\/fujifilmprint.eu\/"},{"@type":"ListItem","position":2,"name":"Collection Services"}]},{"@type":"WebSite","@id":"https:\/\/fujifilmprint.eu\/#website","url":"https:\/\/fujifilmprint.eu\/","name":"Fujifilm Imprimer EMEA","description":"","publisher":{"@id":"https:\/\/fujifilmprint.eu\/#organization"},"potentialAction":[{"@type":"SearchAction","target":{"@type":"EntryPoint","urlTemplate":"https:\/\/fujifilmprint.eu\/?s={search_term_string}"},"query-input":"required name=search_term_string"}],"inLanguage":"fr-FR"},{"@type":"Organization","@id":"https:\/\/fujifilmprint.eu\/#organization","name":"Fujifilm Imprimer EMEA","url":"https:\/\/fujifilmprint.eu\/","logo":{"@type":"ImageObject","inLanguage":"fr-FR","@id":"https:\/\/fujifilmprint.eu\/#\/schema\/logo\/image\/","url":"https:\/\/fujifilmprint.eu\/wp-content\/uploads\/2022\/07\/fujifilm-1.png","contentUrl":"https:\/\/fujifilmprint.eu\/wp-content\/uploads\/2022\/07\/fujifilm-1.png","width":416,"height":70,"caption":"Fujifilm Print EMEA"},"image":{"@id":"https:\/\/fujifilmprint.eu\/#\/schema\/logo\/image\/"}}]}},"_links":{"self":[{"href":"https:\/\/fujifilmprint.eu\/fr\/wp-json\/wp\/v2\/pages\/21038","targetHints":{"allow":["GET"]}}],"collection":[{"href":"https:\/\/fujifilmprint.eu\/fr\/wp-json\/wp\/v2\/pages"}],"about":[{"href":"https:\/\/fujifilmprint.eu\/fr\/wp-json\/wp\/v2\/types\/page"}],"author":[{"embeddable":true,"href":"https:\/\/fujifilmprint.eu\/fr\/wp-json\/wp\/v2\/users\/12"}],"replies":[{"embeddable":true,"href":"https:\/\/fujifilmprint.eu\/fr\/wp-json\/wp\/v2\/comments?post=21038"}],"version-history":[{"count":21,"href":"https:\/\/fujifilmprint.eu\/fr\/wp-json\/wp\/v2\/pages\/21038\/revisions"}],"predecessor-version":[{"id":21131,"href":"https:\/\/fujifilmprint.eu\/fr\/wp-json\/wp\/v2\/pages\/21038\/revisions\/21131"}],"wp:attachment":[{"href":"https:\/\/fujifilmprint.eu\/fr\/wp-json\/wp\/v2\/media?parent=21038"}],"curies":[{"name":"wp","href":"https:\/\/api.w.org\/{rel}","templated":true}]}}