{"id":2036,"date":"2022-09-15T12:57:26","date_gmt":"2022-09-15T12:57:26","guid":{"rendered":"https:\/\/fujifilmprint.eu\/?page_id=2036"},"modified":"2025-09-30T11:18:39","modified_gmt":"2025-09-30T10:18:39","slug":"label-packaging-sector","status":"publish","type":"page","link":"https:\/\/fujifilmprint.eu\/fr\/label-packaging-sector\/","title":{"rendered":"Solutions d&#039;\u00e9tiquettes et d&#039;emballage"},"content":{"rendered":"<style>\r\n.sector-banner{\r\nbackground-image: url(https:\/\/fujifilmprint.eu\/wp-content\/uploads\/2025\/07\/ADS2025_Landing-page-header-e1753865504748.jpg);\r\n}\r\n\r\n\r\n<\/style>\r\n\r\n<div class=\"sector-banner\">\r\n\r\n   \r\n    <div class=\"banner-content\">\r\n        <h4>Analogue. Num\u00e9rique. Durable.<\/h4>\r\n        <h1>\u00c9tiquette et emballage <br>Solutions<\/h1>\r\n    <\/div>\r\n\r\n    <div class=\"sector-carousel owl-carousel owl-theme\">\r\n                                    <a href=\"https:\/\/fujifilmprint.eu\/fr\/product\/jet-press-fp790\/\">\r\n                    <div class=\"center\">\r\n                                                    <img decoding=\"async\" src=\"https:\/\/fujifilmprint.eu\/wp-content\/uploads\/2024\/02\/jetpressfp790-carouselheaderimage-1000x339-1.png\" \/>\r\n                                                <h3 style=\"margin-top: px !important;\">Jet Press FP790<\/h3>\r\n                    <\/div>\r\n                <\/a>\r\n                            <a href=\"https:\/\/fujifilmprint.eu\/fr\/product\/flenex\/\">\r\n                    <div class=\"center\">\r\n                                                    <img decoding=\"async\" src=\"https:\/\/fujifilmprint.eu\/wp-content\/uploads\/2024\/02\/flenex-sectorheader-1000x339-2.png\" \/>\r\n                                                <h3 style=\"margin-top: px !important;\">Flenex FW<\/h3>\r\n                    <\/div>\r\n                <\/a>\r\n                            <a href=\"https:\/\/fujifilmprint.eu\/fr\/product\/luxtreme-led-uv-curing-system\/\">\r\n                    <div class=\"center\">\r\n                                                    <img decoding=\"async\" src=\"https:\/\/fujifilmprint.eu\/wp-content\/uploads\/2025\/02\/FUJ13829-LuXtreme-LED-1000x339-1.png\" \/>\r\n                                                <h3 style=\"margin-top: px !important;\">Syst\u00e8me de polym\u00e9risation UV LuXtreme LED<\/h3>\r\n                    <\/div>\r\n                <\/a>\r\n                            <a href=\"https:\/\/fujifilmprint.eu\/fr\/product\/jet-press-750s-high-speed-model-packaging\/\">\r\n                    <div class=\"center\">\r\n                                                    <img decoding=\"async\" src=\"https:\/\/fujifilmprint.eu\/wp-content\/uploads\/2023\/09\/jetpress750S-sectorheadershot-1000x339-1.png\" \/>\r\n                                                <h3 style=\"margin-top: px !important;\">Jet Press 750S HSM<\/h3>\r\n                    <\/div>\r\n                <\/a>\r\n                            <a href=\"https:\/\/fujifilmprint.eu\/fr\/product\/imprinting-systems\/\">\r\n                    <div class=\"center\">\r\n                                                    <img decoding=\"async\" src=\"https:\/\/fujifilmprint.eu\/wp-content\/uploads\/2025\/02\/FUJ13829-Printbar_System-1000x339-1.png\" \/>\r\n                                                <h3 style=\"margin-top: px !important;\">Imprinting Systems<\/h3>\r\n                    <\/div>\r\n                <\/a>\r\n                        <\/div>\r\n<\/div>\n\n<section id=\"txt-header\">\n\t<div class=\"container block-text-header\">\n\t\t<h3>Votre partenaire pour l&#039;impression d&#039;emballages<\/h3>\n\t\t<h2>D\u00e9couvrez notre gamme d'\u00e9tiquettes et d'emballages<\/h2>\n\t\t<p><\/p>\n\t<\/div>\n<\/section>\n\n<div id=\"brochure\"><\/div>\n\n\n<section id=\"txt-media\">\n\t<div class=\"container\">\n\t\t<div class=\"row\">\n\t\t\t<div class=\"col-md-6 my-auto order-md-2\">\n\n\t\t\t\t\n\t\t\t\t<div >\n\t\t\t\t\t<p>D\u00e9couvrez nos solutions exceptionnelles d\u2019\u00e9tiquettes et d\u2019emballages dans notre tout nouveau guide de gamme. Nous avons rassembl\u00e9 des informations compl\u00e8tes sur toutes nos solutions analogiques et num\u00e9riques qui red\u00e9finissent l&#039;emballage et am\u00e9liorent la durabilit\u00e9. Disponible en t\u00e9l\u00e9chargement maintenant.<\/p>\n\t\t\t\t\t\t\t\t\t<\/div>\n\n\t\t\t<\/div>\n\t\t\t\t\t\t\t<div class=\"col-md-6 my-auto order-md-1\">\n\t\t\t\t\t<img decoding=\"async\" src=\"https:\/\/fujifilmprint.eu\/wp-content\/uploads\/2023\/07\/labelpackagingrangeguideimage-800x565-1.jpg\" style=\"width: 100%\" \/>\n\t\t\t\t<\/div>\n\t\t\t\t\t<\/div>\n\t<\/div>\n<\/section>\n\n<div style=\"height:20px;\">\n<\/div>\n\n<section id=\"form-bg\" style=\"background-color: #5fe0c3;\">\n\t<div class=\"container-fluid block-short-cta-form\" style=\"background-color: #5fe0c3; background-image: url(https:\/\/fujifilmprint.eu\/wp-content\/uploads\/2025\/07\/Mandala-flenex-Luxtreme-RGB-Master-AW-No-Stalk-HR-e1753882934617.png); ; position: relative;\">\n\t\t\t\t<div class=\"container\" style=\"position: relative; z-index: 1;\">\n\t\t\t<div class=\"row\">\n\t\t\t\t<div class=\"col-md-8\">\n\t\t\t\t\t\t\t\t\t\t\t<h3>Analogue. Num\u00e9rique. Durable.<\/h3>\n\t\t\t\t\t\t<p class=\"frm-h\">Nous sommes les seuls \u00e0 pouvoir fournir des solutions analogiques et num\u00e9riques pour transformer votre production d'emballages, soutenir votre transition vers le num\u00e9rique et am\u00e9liorer votre durabilit\u00e9.<\/p>\n\t\t\t\t\t\t\t\t\t\t\t\t\t\t\t\t\t\t\t\t\t\t\t\t\t<\/div>\n\t\t\t\t<div class=\"col-md-4\"><\/div>\n\t\t\t<\/div>\n\n\t\t<\/div>\n\t<\/div>\n\t<\/section>\n\n<div style=\"height:50px;\">\n<\/div>\n\n<section id=\"cs-grid\">\n    <div class=\"container-fluid\">\n        <div class=\"container\">\n            <h2>\u00c9tudes de cas<\/h2>\n\n            <div class=\"row\">\n                            <div class=\"col-md-6\">\n                    <a href=\"https:\/\/fujifilmprint.eu\/fr\/resource\/fastsigns-scotland-acuity-triton-aquafuze-ink\/\">\n                                                    <img decoding=\"async\" src=\"https:\/\/fujifilmprint.eu\/wp-content\/uploads\/2026\/01\/Rob-Lambie-close.jpg\" alt=\"FastSigns \u00c9cosse : Encre Acuity Triton &amp; AQUAFUZE\" \/>\n                                            <\/a>\n                    <a href=\"https:\/\/fujifilmprint.eu\/fr\/resource\/fastsigns-scotland-acuity-triton-aquafuze-ink\/\">\n                        <p class=\"cs-head\">FastSigns Scotland : Acuity Triton &amp; AQUAFUZE ink<\/p>\n                    <\/a>\n                                    <\/div>\n                            <div class=\"col-md-6\">\n                    <a href=\"https:\/\/fujifilmprint.eu\/fr\/resource\/druk-24h-revoria-pc1120-xmf-pressready\/\">\n                                                    <img decoding=\"async\" src=\"https:\/\/fujifilmprint.eu\/wp-content\/uploads\/2026\/02\/Fujifilm_GG_Owner-scaled.jpeg\" alt=\"Druk 24h : Revoria PC1120 &amp; XMF PressReady\" \/>\n                                            <\/a>\n                    <a href=\"https:\/\/fujifilmprint.eu\/fr\/resource\/druk-24h-revoria-pc1120-xmf-pressready\/\">\n                        <p class=\"cs-head\">Druk 24h : Revoria PC1120 &amp; XMF PressReady<\/p>\n                    <\/a>\n                                    <\/div>\n                        <\/div>\n        <\/div>\n    <\/div>\n<\/section>\n\n<div style=\"height:50px;\">\n<\/div>\n\n\n<section id=\"articles-block\">\n\t<div class=\"container\">\n\t\t<div class=\"center\">\n\t\t\t<h3>Articles<\/h3>\n\t\t\t<h2>Un partenaire de confiance<\/h2>\n\t\t\t<p>D\u00e9couvrez ce qui nous diff\u00e9rencie.<\/p>\n\t\t<\/div>\n\t\t<div class=\"row\">\n\t\t\n\t\t<div class=\"col-md-4 d-flex flex-column\">\n\t\t\t<img decoding=\"async\" class=\"img-004\" src=\"https:\/\/fujifilmprint.eu\/wp-content\/uploads\/2025\/01\/Pipi_Print_Image1-1-350x180.jpg\" \/>\n\t\t\t<a href=\"https:\/\/fujifilmprint.eu\/fr\/resource\/pipi-print-packaging\/\" class=\"flex-grow-1\" style=\"text-decoration: none;color: black;\">\n                <div class=\"btn-inner\" style=\"height: 100%\">\n                    <h4>Pipi Print &amp; Packaging<\/h4>\n                    <img decoding=\"async\" src=\"https:\/\/fujifilmprint.eu\/wp-content\/themes\/poi\/media\/chev.svg\"\/>\n\t\t\t    <\/div>\n            <\/a>\n\t\t<\/div>\n\t\t\n\t\t<div class=\"col-md-4 d-flex flex-column\">\n\t\t\t<img decoding=\"async\" class=\"img-004\" src=\"https:\/\/fujifilmprint.eu\/wp-content\/uploads\/2023\/10\/flexiblepackagingarticle-featuredimage-1000x563-2-350x180.jpg\" \/>\n\t\t\t<a href=\"https:\/\/fujifilmprint.eu\/fr\/resource\/the-future-of-flexible-packaging-is-digital\/\" class=\"flex-grow-1\" style=\"text-decoration: none;color: black;\">\n                <div class=\"btn-inner\" style=\"height: 100%\">\n                    <h4>L\u2019avenir de l\u2019emballage flexible est num\u00e9rique<\/h4>\n                    <img decoding=\"async\" src=\"https:\/\/fujifilmprint.eu\/wp-content\/themes\/poi\/media\/chev.svg\"\/>\n\t\t\t    <\/div>\n            <\/a>\n\t\t<\/div>\n\t\t\n\t\t<div class=\"col-md-4 d-flex flex-column\">\n\t\t\t<img decoding=\"async\" class=\"img-004\" src=\"https:\/\/fujifilmprint.eu\/wp-content\/uploads\/2023\/05\/potwasharticle-featured-1000x563-1-350x180.jpg\" \/>\n\t\t\t<a href=\"https:\/\/fujifilmprint.eu\/fr\/resource\/first-potwash-at-broadstairs-site\/\" class=\"flex-grow-1\" style=\"text-decoration: none;color: black;\">\n                <div class=\"btn-inner\" style=\"height: 100%\">\n                    <h4>Premi\u00e8re mondiale\u00a0: solution de nettoyage durable<\/h4>\n                    <img decoding=\"async\" src=\"https:\/\/fujifilmprint.eu\/wp-content\/themes\/poi\/media\/chev.svg\"\/>\n\t\t\t    <\/div>\n            <\/a>\n\t\t<\/div>\n\t\t\t\t<\/div>\n\t\t<div class=\"center\"><a href=\"\/fr\/ressources\/\" class=\"btn btn-purple\">Plus d'articles<\/a><\/div>\n\t<\/div>\n<\/section>\n\n<div style=\"height:50px;\">\n<\/div>\n\n<section id=\"product-grid\">\r\n<div class=\"container\">\r\n    <h1 class=\"product-gtitle\" style=\"margin: 30px 0 0 0;\">\r\n        Produits    <\/h1>\r\n    <h3 style=\"margin-bottom: 60px;\">\r\n        D\u00e9couvrez nos solutions d&#039;impression d&#039;\u00e9tiquettes et d&#039;emballages    <\/h3>\r\n<\/div>\r\n\r\n<div class=\"container-fluid\">\r\n<div class=\"row\">\r\n<div class=\"col-md-6 Labels and Packaging\">\r\n\t<div class=\"pgrid-inner\">\r\n\t\t<h3>Flenex FW<\/h3>\r\n\t\t<p>Gamme de plaques flexo de haute qualit\u00e9, lavables \u00e0 l&#039;eau, offrant de multiples avantages en mati\u00e8re de production<\/p>\r\n\t\t<a href=\"https:\/\/fujifilmprint.eu\/fr\/product\/flenex\/\"   class=\"btn btn-outline\">En savoir plus<\/a>\r\n\t\t<img decoding=\"async\" src=\"https:\/\/fujifilmprint.eu\/wp-content\/uploads\/2022\/08\/Flenex-3-QTRS-1300px-for-Black-Bgnd.png\" \/>\r\n\t<\/div>\r\n<\/div>\r\n<div class=\"col-md-6 Labels and Packaging\">\r\n\t<div class=\"pgrid-inner\">\r\n\t\t<h3>LuXtreme LED UV System<\/h3>\r\n\t\t<p>Convertissez votre presse flexo UV en syst\u00e8me de s\u00e9chage UV LED, et b\u00e9n\u00e9ficiez de nombreux avantages<\/p>\r\n\t\t<a href=\"https:\/\/fujifilmprint.eu\/fr\/product\/luxtreme-led-uv-curing-system\/\"   class=\"btn btn-outline\">En savoir plus<\/a>\r\n\t\t<img decoding=\"async\" src=\"https:\/\/fujifilmprint.eu\/wp-content\/uploads\/2022\/10\/luxtreme-featuredimage-1300x712-1.png\" \/>\r\n\t<\/div>\r\n<\/div>\r\n<div class=\"col-md-6 Labels and Packaging\">\r\n\t<div class=\"pgrid-inner\">\r\n\t\t<h3>Jet Press 750S HSM<\/h3>\r\n\t\t<p>Presse jet d&#039;encre num\u00e9rique \u00e0 feuilles B2, id\u00e9ale pour les emballages en carton pliant<\/p>\r\n\t\t<a href=\"https:\/\/fujifilmprint.eu\/fr\/product\/jet-press-750s-high-speed-model-packaging\/\"   class=\"btn btn-outline\">En savoir plus<\/a>\r\n\t\t<img decoding=\"async\" src=\"https:\/\/fujifilmprint.eu\/wp-content\/uploads\/2022\/10\/Jet-Press-750s-1300px-Floater-2.png\" \/>\r\n\t<\/div>\r\n<\/div>\r\n<div class=\"col-md-6 Commercial Printing Labels and Packaging\">\r\n\t<div class=\"pgrid-inner\">\r\n\t\t<h3>Imprinting Systems<\/h3>\r\n\t\t<p>Ensemble \u00e9volutif de solutions d&#039;impression bas\u00e9es sur les barres d&#039;impression Samba leaders du secteur<\/p>\r\n\t\t<a href=\"https:\/\/fujifilmprint.eu\/fr\/product\/imprinting-systems\/\"   class=\"btn btn-outline\">En savoir plus<\/a>\r\n\t\t<img decoding=\"async\" src=\"https:\/\/fujifilmprint.eu\/wp-content\/uploads\/2022\/10\/FUJIFILM_42K_Printbar_System_cut_out-1.png\" \/>\r\n\t<\/div>\r\n<\/div>\r\n<div class=\"col-md-6 Labels and Packaging\">\r\n\t<div class=\"pgrid-inner\">\r\n\t\t<h3>Encre Sericol \u00e0 bande \u00e9troite<\/h3>\r\n\t\t<p>Gamme compl\u00e8te d&#039;encres et de produits associ\u00e9s pour les applications en laize \u00e9troite<\/p>\r\n\t\t<a href=\"https:\/\/www.fujifilm.com\/uk\/en\/business\/graphic\/label-package-printing\/narrowwebinks\"   target=\"_blank\"  class=\"btn btn-outline\">En savoir plus<\/a>\r\n\t\t<img decoding=\"async\" src=\"https:\/\/fujifilmprint.eu\/wp-content\/uploads\/2022\/10\/Sericol_tins_cutout.png\" \/>\r\n\t<\/div>\r\n<\/div>\r\n<div class=\"col-md-6 Labels and Packaging\">\r\n\t<div class=\"pgrid-inner\">\r\n\t\t<h3>Jet Press FP790<\/h3>\r\n\t\t<p>Pour une qualit\u00e9 optimale et une productivit\u00e9 maximale sur une large gamme de supports rigides et flexibles<\/p>\r\n\t\t<a href=\"https:\/\/fujifilmprint.eu\/fr\/product\/jet-press-fp790\/\"   class=\"btn btn-outline\">En savoir plus<\/a>\r\n\t\t<img decoding=\"async\" src=\"https:\/\/fujifilmprint.eu\/wp-content\/uploads\/2023\/09\/fp790-featuredimage-1000x548-1.png\" \/>\r\n\t<\/div>\r\n<\/div>\r\n\t\t<\/div>\r\n\t<\/div>\r\n<\/sector>\n\n<section id=\"dark-form\">\n\t<div id=\"footer-form\" class=\"container\">\n\t\t<h2>Des questions? Veuillez nous contacter ci-dessous:<\/h2>\n\n\t\t \r\n\r\n  \r\n\r\n \r\n\r\n<script src=\"\/\/info.fujifilm.eu\/js\/forms2\/js\/forms2.min.js\"><\/script> <form id=\"mktoForm_5280\" action=\"\"><input type=\"hidden\" name=\"trp-form-language\" value=\"fr\"\/><\/form> <script>MktoForms2.loadForm(\"\/\/info.fujifilm.eu\", \"060-MIY-956\", 5280);<\/script> \r\n\r\n \r\n\r\n  \r\n\r\n \r\n\r\n  \r\n\r\n \r\n\r\n  \r\n\r\n \r\n\r\n  \r\n\r\n \r\n\r\n  \r\n\r\n \r\n\r\n  \r\n\r\n \r\n\r\n  \r\n\r\n \n\t\t<div id=\"confirmform\" style=\"visibility:hidden;\">\n                            <p><strong>\n\t\t\t\t\tMerci pour votre demande, quelqu&#039;un vous contactera bient\u00f4t.\t\t\t\t\t<\/strong><\/p>\n              \n        <\/div>\n\t<\/div>\n<\/section>","protected":false},"excerpt":{"rendered":"","protected":false},"author":1,"featured_media":0,"parent":0,"menu_order":0,"comment_status":"closed","ping_status":"closed","template":"","meta":{"inline_featured_image":false,"footnotes":""},"class_list":["post-2036","page","type-page","status-publish","hentry"],"acf":[],"yoast_head":"<!-- This site is optimized with the Yoast SEO plugin v22.0 - https:\/\/yoast.com\/wordpress\/plugins\/seo\/ -->\n<title>Label &amp; Packaging Solutions | Fujifilm Print EMEA<\/title>\n<meta name=\"description\" content=\"Click here to learn more about Fujifilm&#039;s label &amp; packaging printing solutions.\" \/>\n<meta name=\"robots\" content=\"index, follow, max-snippet:-1, max-image-preview:large, max-video-preview:-1\" \/>\n<link rel=\"canonical\" href=\"https:\/\/fujifilmprint.eu\/fr\/label-packaging-sector\/\" \/>\n<meta property=\"og:locale\" content=\"fr_FR\" \/>\n<meta property=\"og:type\" content=\"article\" \/>\n<meta property=\"og:title\" content=\"Label &amp; Packaging Solutions | Fujifilm Print EMEA\" \/>\n<meta property=\"og:description\" content=\"Click here to learn more about Fujifilm&#039;s label &amp; packaging printing solutions.\" \/>\n<meta property=\"og:url\" content=\"https:\/\/fujifilmprint.eu\/fr\/label-packaging-sector\/\" \/>\n<meta property=\"og:site_name\" content=\"Fujifilm Print EMEA\" \/>\n<meta property=\"article:modified_time\" content=\"2025-09-30T10:18:39+00:00\" \/>\n<meta name=\"twitter:card\" content=\"summary_large_image\" \/>\n<script type=\"application\/ld+json\" class=\"yoast-schema-graph\">{\"@context\":\"https:\/\/schema.org\",\"@graph\":[{\"@type\":\"WebPage\",\"@id\":\"https:\/\/fujifilmprint.eu\/label-packaging-sector\/\",\"url\":\"https:\/\/fujifilmprint.eu\/label-packaging-sector\/\",\"name\":\"Label & Packaging Solutions | Fujifilm Print EMEA\",\"isPartOf\":{\"@id\":\"https:\/\/fujifilmprint.eu\/#website\"},\"datePublished\":\"2022-09-15T12:57:26+00:00\",\"dateModified\":\"2025-09-30T10:18:39+00:00\",\"description\":\"Click here to learn more about Fujifilm's label & packaging printing solutions.\",\"breadcrumb\":{\"@id\":\"https:\/\/fujifilmprint.eu\/label-packaging-sector\/#breadcrumb\"},\"inLanguage\":\"fr-FR\",\"potentialAction\":[{\"@type\":\"ReadAction\",\"target\":[\"https:\/\/fujifilmprint.eu\/label-packaging-sector\/\"]}]},{\"@type\":\"BreadcrumbList\",\"@id\":\"https:\/\/fujifilmprint.eu\/label-packaging-sector\/#breadcrumb\",\"itemListElement\":[{\"@type\":\"ListItem\",\"position\":1,\"name\":\"Home\",\"item\":\"https:\/\/fujifilmprint.eu\/\"},{\"@type\":\"ListItem\",\"position\":2,\"name\":\"Label &#038; Packaging Solutions\"}]},{\"@type\":\"WebSite\",\"@id\":\"https:\/\/fujifilmprint.eu\/#website\",\"url\":\"https:\/\/fujifilmprint.eu\/\",\"name\":\"Fujifilm Print EMEA\",\"description\":\"\",\"publisher\":{\"@id\":\"https:\/\/fujifilmprint.eu\/#organization\"},\"potentialAction\":[{\"@type\":\"SearchAction\",\"target\":{\"@type\":\"EntryPoint\",\"urlTemplate\":\"https:\/\/fujifilmprint.eu\/?s={search_term_string}\"},\"query-input\":\"required name=search_term_string\"}],\"inLanguage\":\"fr-FR\"},{\"@type\":\"Organization\",\"@id\":\"https:\/\/fujifilmprint.eu\/#organization\",\"name\":\"Fujifilm Print EMEA\",\"url\":\"https:\/\/fujifilmprint.eu\/\",\"logo\":{\"@type\":\"ImageObject\",\"inLanguage\":\"fr-FR\",\"@id\":\"https:\/\/fujifilmprint.eu\/#\/schema\/logo\/image\/\",\"url\":\"https:\/\/fujifilmprint.eu\/wp-content\/uploads\/2022\/07\/fujifilm-1.png\",\"contentUrl\":\"https:\/\/fujifilmprint.eu\/wp-content\/uploads\/2022\/07\/fujifilm-1.png\",\"width\":416,\"height\":70,\"caption\":\"Fujifilm Print EMEA\"},\"image\":{\"@id\":\"https:\/\/fujifilmprint.eu\/#\/schema\/logo\/image\/\"}}]}<\/script>\n<!-- \/ Yoast SEO plugin. -->","yoast_head_json":{"title":"Solutions d&#039;\u00e9tiquettes et d&#039;emballage | Fujifilm Imprimer EMEA","description":"Cliquez ici pour en savoir plus sur les solutions d&#039;impression d&#039;\u00e9tiquettes et d&#039;emballages de Fujifilm.","robots":{"index":"index","follow":"follow","max-snippet":"max-snippet:-1","max-image-preview":"max-image-preview:large","max-video-preview":"max-video-preview:-1"},"canonical":"https:\/\/fujifilmprint.eu\/fr\/label-packaging-sector\/","og_locale":"fr_FR","og_type":"article","og_title":"Label & Packaging Solutions | Fujifilm Print EMEA","og_description":"Click here to learn more about Fujifilm's label & packaging printing solutions.","og_url":"https:\/\/fujifilmprint.eu\/fr\/label-packaging-sector\/","og_site_name":"Fujifilm Print EMEA","article_modified_time":"2025-09-30T10:18:39+00:00","twitter_card":"summary_large_image","schema":{"@context":"https:\/\/schema.org","@graph":[{"@type":"WebPage","@id":"https:\/\/fujifilmprint.eu\/label-packaging-sector\/","url":"https:\/\/fujifilmprint.eu\/label-packaging-sector\/","name":"Solutions d&#039;\u00e9tiquettes et d&#039;emballage | Fujifilm Imprimer EMEA","isPartOf":{"@id":"https:\/\/fujifilmprint.eu\/#website"},"datePublished":"2022-09-15T12:57:26+00:00","dateModified":"2025-09-30T10:18:39+00:00","description":"Cliquez ici pour en savoir plus sur les solutions d&#039;impression d&#039;\u00e9tiquettes et d&#039;emballages de Fujifilm.","breadcrumb":{"@id":"https:\/\/fujifilmprint.eu\/label-packaging-sector\/#breadcrumb"},"inLanguage":"fr-FR","potentialAction":[{"@type":"ReadAction","target":["https:\/\/fujifilmprint.eu\/label-packaging-sector\/"]}]},{"@type":"BreadcrumbList","@id":"https:\/\/fujifilmprint.eu\/label-packaging-sector\/#breadcrumb","itemListElement":[{"@type":"ListItem","position":1,"name":"Home","item":"https:\/\/fujifilmprint.eu\/"},{"@type":"ListItem","position":2,"name":"Label &#038; Packaging Solutions"}]},{"@type":"WebSite","@id":"https:\/\/fujifilmprint.eu\/#website","url":"https:\/\/fujifilmprint.eu\/","name":"Fujifilm Imprimer EMEA","description":"","publisher":{"@id":"https:\/\/fujifilmprint.eu\/#organization"},"potentialAction":[{"@type":"SearchAction","target":{"@type":"EntryPoint","urlTemplate":"https:\/\/fujifilmprint.eu\/?s={search_term_string}"},"query-input":"required name=search_term_string"}],"inLanguage":"fr-FR"},{"@type":"Organization","@id":"https:\/\/fujifilmprint.eu\/#organization","name":"Fujifilm Imprimer EMEA","url":"https:\/\/fujifilmprint.eu\/","logo":{"@type":"ImageObject","inLanguage":"fr-FR","@id":"https:\/\/fujifilmprint.eu\/#\/schema\/logo\/image\/","url":"https:\/\/fujifilmprint.eu\/wp-content\/uploads\/2022\/07\/fujifilm-1.png","contentUrl":"https:\/\/fujifilmprint.eu\/wp-content\/uploads\/2022\/07\/fujifilm-1.png","width":416,"height":70,"caption":"Fujifilm Print EMEA"},"image":{"@id":"https:\/\/fujifilmprint.eu\/#\/schema\/logo\/image\/"}}]}},"_links":{"self":[{"href":"https:\/\/fujifilmprint.eu\/fr\/wp-json\/wp\/v2\/pages\/2036","targetHints":{"allow":["GET"]}}],"collection":[{"href":"https:\/\/fujifilmprint.eu\/fr\/wp-json\/wp\/v2\/pages"}],"about":[{"href":"https:\/\/fujifilmprint.eu\/fr\/wp-json\/wp\/v2\/types\/page"}],"author":[{"embeddable":true,"href":"https:\/\/fujifilmprint.eu\/fr\/wp-json\/wp\/v2\/users\/1"}],"replies":[{"embeddable":true,"href":"https:\/\/fujifilmprint.eu\/fr\/wp-json\/wp\/v2\/comments?post=2036"}],"version-history":[{"count":148,"href":"https:\/\/fujifilmprint.eu\/fr\/wp-json\/wp\/v2\/pages\/2036\/revisions"}],"predecessor-version":[{"id":20844,"href":"https:\/\/fujifilmprint.eu\/fr\/wp-json\/wp\/v2\/pages\/2036\/revisions\/20844"}],"wp:attachment":[{"href":"https:\/\/fujifilmprint.eu\/fr\/wp-json\/wp\/v2\/media?parent=2036"}],"curies":[{"name":"wp","href":"https:\/\/api.w.org\/{rel}","templated":true}]}}