{"id":1767,"date":"2022-09-06T14:21:28","date_gmt":"2022-09-06T14:21:28","guid":{"rendered":"https:\/\/fujifilmprint.eu\/?page_id=1767"},"modified":"2025-03-20T15:26:25","modified_gmt":"2025-03-20T14:26:25","slug":"durabilite","status":"publish","type":"page","link":"https:\/\/fujifilmprint.eu\/fr\/durabilite\/","title":{"rendered":"Durabilit\u00e9"},"content":{"rendered":"<section id=\"black-header\">\n\t<div class=\"container-fluid black-pt\" style=\"background-image: url('https:\/\/fujifilmprint.eu\/wp-content\/uploads\/2024\/03\/revoriagc12500-sustainabilitybanner-2500x800-2.jpg');background-size: cover;padding: 0;\">\n\t<div class=\"overlay\" style=\"padding: 200px 0;\">\t\t<div class=\"container\">\n\t\t\t<h2 style=\"line-height: 80px;\">\n\t\t\t\tDurabilit\u00e9\t\t\t<\/h2>\n\t\t\t<h3>\n\t\t\t\tSe concentrer sur un avenir plus vert\t\t\t<\/h3>\n\t\t<\/div>\n\t<\/div>\t<\/div>\n<\/section>\n\n<div style=\"height:80px;\">\n<\/div>\n\n<section id=\"txt-header\">\n\t<div class=\"container block-text-header\">\n\t\t<h3>Se concentrer sur un avenir plus vert<\/h3>\n\t\t<h2>Objectifs cl\u00e9s<\/h2>\n\t\t<p><\/p>\n\t<\/div>\n<\/section>\n\n\n<section id=\"txt-media\">\n\t<div class=\"container\">\n\t\t<div class=\"row\">\n\t\t\t<div class=\"col-md-12 my-auto order-md-2\">\n\n\t\t\t\t\n\t\t\t\t<div >\n\t\t\t\t\t<p>Avec l&#039;exercice 2030 comme objectif \u00e0 long terme, ce plan jette les bases des strat\u00e9gies de gestion commerciale du groupe Fujifilm pour une croissance durable. Dans ce plan, nous avons fix\u00e9 des objectifs dans les quatre domaines prioritaires suivants, ainsi qu&#039;en mati\u00e8re de cha\u00eene d&#039;approvisionnement et de gouvernance, qui constituent la base de nos activit\u00e9s commerciales.<\/p>\n\t\t\t\t\t\t\t\t\t<\/div>\n\n\t\t\t<\/div>\n\t\t\t\t\t<\/div>\n\t<\/div>\n<\/section>\n\n<section id=\"tc-icons\">\n\t<div class=\"container block-three-column-icons\">\n\t\t<h2><\/h2>\n\t\t<div class=\"row\">\n\t\t\t\t\t\t\t\t\t\t\t\t<div class=\"col-sm\">\n\t\t\t\t\t\t\t<div class=\"poi-icons\" style=\"\">\n\t\t\t\t\t\t\t\t<img decoding=\"async\" src=\"\/wp-content\/themes\/poi\/media\/icons\/Envorinment.svg\" style=\"filter: brightness(0);\" \/>\n\t\t\t\t\t\t\t<\/div>\n\t\t\t\t\t\t<p>\n\t\t\t\t\t\t\t<strong>Environnement <\/strong>\n\t\t\t\t\t\t<\/p>\n\t\t\t\t\t\t\t<p style=\"padding: 0 15px;\">Contribuer \u00e0 r\u00e9soudre les probl\u00e8mes environnementaux en r\u00e9duisant notre impact environnemental mondial<\/p>\n\t\t\t\t\t<\/div>\n\t\t\t\t\t\t\t\t\t<div class=\"col-sm\">\n\t\t\t\t\t\t\t<div class=\"poi-icons\" style=\"\">\n\t\t\t\t\t\t\t\t<img decoding=\"async\" src=\"\/wp-content\/themes\/poi\/media\/icons\/Health.svg\" style=\"filter: brightness(0);\" \/>\n\t\t\t\t\t\t\t<\/div>\n\t\t\t\t\t\t<p>\n\t\t\t\t\t\t\t<strong>Sant\u00e9<\/strong>\n\t\t\t\t\t\t<\/p>\n\t\t\t\t\t\t\t<p style=\"padding: 0 15px;\">Cr\u00e9er une soci\u00e9t\u00e9 plus saine \u00e0 travers les processus de pr\u00e9vention, de diagnostic et de traitement au service des soins de sant\u00e9<\/p>\n\t\t\t\t\t<\/div>\n\t\t\t\t\t\t\t\t\t<\/div>\n\t<\/div>\n<\/section>\n\n\n\n<section id=\"tc-icons\">\n\t<div class=\"container block-three-column-icons\">\n\t\t<h2><\/h2>\n\t\t<div class=\"row\">\n\t\t\t\t\t\t\t\t\t\t\t\t<div class=\"col-sm\">\n\t\t\t\t\t\t\t<div class=\"poi-icons\" style=\"\">\n\t\t\t\t\t\t\t\t<img decoding=\"async\" src=\"\/wp-content\/themes\/poi\/media\/icons\/Daily_Life.svg\" style=\"filter: brightness(0);\" \/>\n\t\t\t\t\t\t\t<\/div>\n\t\t\t\t\t\t<p>\n\t\t\t\t\t\t\t<strong>La vie quotidienne<\/strong>\n\t\t\t\t\t\t<\/p>\n\t\t\t\t\t\t\t<p style=\"padding: 0 15px;\">Soutenir les aspects tangibles et immat\u00e9riels des infrastructures sociales via nos produits, services et technologies<\/p>\n\t\t\t\t\t<\/div>\n\t\t\t\t\t\t\t\t\t<div class=\"col-sm\">\n\t\t\t\t\t\t\t<div class=\"poi-icons\" style=\"\">\n\t\t\t\t\t\t\t\t<img decoding=\"async\" src=\"\/wp-content\/themes\/poi\/media\/icons\/Work_Style.svg\" style=\"filter: brightness(0);\" \/>\n\t\t\t\t\t\t\t<\/div>\n\t\t\t\t\t\t<p>\n\t\t\t\t\t\t\t<strong>Style de travail<\/strong>\n\t\t\t\t\t\t<\/p>\n\t\t\t\t\t\t\t<p style=\"padding: 0 15px;\">Promouvoir le changement social pour am\u00e9liorer la motivation au travail en prolongeant notre r\u00e9forme du mode de travail en interne<\/p>\n\t\t\t\t\t<\/div>\n\t\t\t\t\t\t\t\t\t<\/div>\n\t<\/div>\n<\/section>\n\n\n\n\n<section id=\"txt-media\">\n\t<div class=\"container\">\n\t\t<div class=\"row\">\n\t\t\t<div class=\"col-md-12 my-auto order-md-2\">\n\n\t\t\t\t\n\t\t\t\t<div >\n\t\t\t\t\t<p>Ces objectifs servent de lignes directrices vers notre objectif de contribuer \u00e0 la r\u00e9alisation d\u2019une soci\u00e9t\u00e9 durable \u00e0 travers le double point de vue de la r\u00e9solution des probl\u00e8mes sociaux \u00e0 travers nos activit\u00e9s commerciales et de la prise en compte de la soci\u00e9t\u00e9 et de l\u2019environnement dans nos processus commerciaux.<\/p>\n\t\t\t\t\t\t\t\t\t<\/div>\n\n\t\t\t<\/div>\n\t\t\t\t\t<\/div>\n\t<\/div>\n<\/section>\n\n<div style=\"height:50px;\">\n<\/div>\n\n<section id=\"sus-block\">\r\n    <div class=\"container-fluid\">\r\n        <div class=\"container\">\r\n            <h3>Durabilit\u00e9<\/h3>\r\n            <div class=\"row\">\r\n                <div class=\"col-md-9\">\r\n                <h2 class=\"fh2\">Technologie d&#039;impression num\u00e9rique pour une \u00e9conomie circulaire<\/h2>\r\n                <\/div>\r\n                <div class=\"col-md-3\">\r\n                <img decoding=\"async\" src=\"https:\/\/print-emea.fujifilm.com\/wp-content\/uploads\/2022\/07\/ecology.png\" \/>\r\n                <\/div>\r\n            <\/div>\r\n            \r\n            <h2 class=\"sh2\">\u00c0 une \u00e9poque de pr\u00e9occupations environnementales accrues et d&#039;objectifs de r\u00e9duction de carbone \u00ab z\u00e9ro net \u00bb, d\u00e9couvrez comment l&#039;impression peut \u00eatre plus durable.<\/h2>\r\n            <a class=\"btn btn-outline-dark\" href=\"https:\/\/fujifilmprint.eu\/fr\/resource\/digital-print-for-a-circular-economy\/\">Lire le livre blanc<\/a>\r\n        <\/div>\r\n    <\/div>\r\n<\/section>\n\n<div style=\"height:50px;\">\n<\/div>\n\n<section id=\"small-cta\">\n\n<!-- Standard Block -->\n    <div class=\"container\">\n        <div class=\"row\">\n            <div class=\"col-md-6 img-bg\" style=\"background-image: url(https:\/\/fujifilmprint.eu\/wp-content\/uploads\/2022\/10\/sustainability_brochure_image.jpg);\">\n            <\/div>\n            <div class=\"col-md-6 green\">\n                <h3>Rapport de durabilit\u00e9<\/h3>\n                <p>D\u00e9couvrez l&#039;engagement de Fujifilm pour un avenir plus vert<\/p>\n                                    <a href=\"https:\/\/fujifilmprint.eu\/wp-content\/uploads\/2022\/10\/sustainabilityreport2022_en.pdf\" id=\"btnOpenForm\" class=\"btn btn-purple\" style=\"margin: 0\">T\u00e9l\u00e9charger ici<\/a>\n                            <\/div>\n        <\/div>\n    <\/div>\n\t\n\n<\/section>\n\n\n\n<!-- Single Pop-up -->\n<div id=\"popup-\" class=\"popup\">\n\t<div class=\"popup-content dark-form\" id=\"dark-form\">\n\t\t<div class=\"event-header\">\n\t\t\t<h2>\n\t\t\t\t\t\t\t\n\t\t\t\t\t\t\t<\/h2>\n\t\t<\/div>\n\t\t\n\t\t\t\t<div id=\"confirmform\" style=\"visibility:hidden;\">\n\t\t\t\t\t\t\t<p><strong>Merci pour votre demande, quelqu&#039;un vous contactera bient\u00f4t.<\/strong><\/p>\n\t\t\t\t\t<\/div>\n\t\t\t\t\n\t\t<span class=\"fade-out main-btn-circle\">\u2573<\/span>\n\t<\/div>\n<\/div>\n\t\n\n\n<div style=\"height:50px;\">\n<\/div>\n\n\n<section id=\"articles-block\">\n\t<div class=\"container\">\n\t\t<div class=\"center\">\n\t\t\t<h3>Articles<\/h3>\n\t\t\t<h2>Jetez un nouveau regard sur Fujifilm<\/h2>\n\t\t\t<p>D\u00e9couvrez ce qui nous diff\u00e9rencie des autres acteurs du march\u00e9<\/p>\n\t\t<\/div>\n\t\t<div class=\"row\">\n\t\t\n\t\t<div class=\"col-md-4 d-flex flex-column\">\n\t\t\t<img decoding=\"async\" class=\"img-004\" src=\"https:\/\/fujifilmprint.eu\/wp-content\/uploads\/2024\/10\/Recycling2-scaled-e1729065014700-350x180.jpg\" \/>\n\t\t\t<a href=\"https:\/\/fujifilmprint.eu\/fr\/resource\/zero-to-landfill-certification\/\" class=\"flex-grow-1\" style=\"text-decoration: none;color: black;\">\n                <div class=\"btn-inner\" style=\"height: 100%\">\n                    <h4>\u2018Certification \u2019Zero to Landfill\" pour le site d'encres<\/h4>\n                    <img decoding=\"async\" src=\"https:\/\/fujifilmprint.eu\/wp-content\/themes\/poi\/media\/chev.svg\"\/>\n\t\t\t    <\/div>\n            <\/a>\n\t\t<\/div>\n\t\t\n\t\t<div class=\"col-md-4 d-flex flex-column\">\n\t\t\t<img decoding=\"async\" class=\"img-004\" src=\"https:\/\/fujifilmprint.eu\/wp-content\/uploads\/2023\/05\/potwasharticle-featured-1000x563-1-350x180.jpg\" \/>\n\t\t\t<a href=\"https:\/\/fujifilmprint.eu\/fr\/resource\/first-potwash-at-broadstairs-site\/\" class=\"flex-grow-1\" style=\"text-decoration: none;color: black;\">\n                <div class=\"btn-inner\" style=\"height: 100%\">\n                    <h4>Premi\u00e8re mondiale\u00a0: solution de nettoyage durable<\/h4>\n                    <img decoding=\"async\" src=\"https:\/\/fujifilmprint.eu\/wp-content\/themes\/poi\/media\/chev.svg\"\/>\n\t\t\t    <\/div>\n            <\/a>\n\t\t<\/div>\n\t\t\n\t\t<div class=\"col-md-4 d-flex flex-column\">\n\t\t\t<img decoding=\"async\" class=\"img-004\" src=\"https:\/\/fujifilmprint.eu\/wp-content\/uploads\/2023\/03\/ebro-featured-1000x563-1-350x180.jpg\" \/>\n\t\t\t<a href=\"https:\/\/fujifilmprint.eu\/fr\/resource\/ebro-jetpress\/\" class=\"flex-grow-1\" style=\"text-decoration: none;color: black;\">\n                <div class=\"btn-inner\" style=\"height: 100%\">\n                    <h4>Couleur \u00c8bre \u2013 Jet Press 750S HSM et 720S<\/h4>\n                    <img decoding=\"async\" src=\"https:\/\/fujifilmprint.eu\/wp-content\/themes\/poi\/media\/chev.svg\"\/>\n\t\t\t    <\/div>\n            <\/a>\n\t\t<\/div>\n\t\t\t\t<\/div>\n\t\t<div class=\"center\"><a href=\"\/fr\/ressources\/\" class=\"btn btn-purple\">Plus d'articles<\/a><\/div>\n\t<\/div>\n<\/section>\n\n<div style=\"height:80px;\">\n<\/div>\n\n<section id=\"cs-grid\">\n    <div class=\"container-fluid\">\n        <div class=\"container\">\n            <h2>\u00c9tudes de cas<\/h2>\n\n            <div class=\"row\">\n                            <div class=\"col-md-6\">\n                    <a href=\"https:\/\/fujifilmprint.eu\/fr\/resource\/fastsigns-scotland-acuity-triton-aquafuze-ink\/\">\n                                                    <img decoding=\"async\" src=\"https:\/\/fujifilmprint.eu\/wp-content\/uploads\/2026\/01\/Rob-Lambie-close.jpg\" alt=\"FastSigns \u00c9cosse : Encre Acuity Triton &amp; AQUAFUZE\" \/>\n                                            <\/a>\n                    <a href=\"https:\/\/fujifilmprint.eu\/fr\/resource\/fastsigns-scotland-acuity-triton-aquafuze-ink\/\">\n                        <p class=\"cs-head\">FastSigns Scotland : Acuity Triton &amp; AQUAFUZE ink<\/p>\n                    <\/a>\n                                    <\/div>\n                            <div class=\"col-md-6\">\n                    <a href=\"https:\/\/fujifilmprint.eu\/fr\/resource\/druk-24h-revoria-pc1120-xmf-pressready\/\">\n                                                    <img decoding=\"async\" src=\"https:\/\/fujifilmprint.eu\/wp-content\/uploads\/2026\/02\/Fujifilm_GG_Owner-scaled.jpeg\" alt=\"Druk 24h : Revoria PC1120 &amp; XMF PressReady\" \/>\n                                            <\/a>\n                    <a href=\"https:\/\/fujifilmprint.eu\/fr\/resource\/druk-24h-revoria-pc1120-xmf-pressready\/\">\n                        <p class=\"cs-head\">Druk 24h : Revoria PC1120 &amp; XMF PressReady<\/p>\n                    <\/a>\n                                    <\/div>\n                        <\/div>\n        <\/div>\n    <\/div>\n<\/section>\n\n<div style=\"height:80px;\">\n<\/div>\n\n<section id=\"dark-form\">\n\t<div id=\"footer-form\" class=\"container\">\n\t\t<h2>Des questions? Veuillez nous contacter ci-dessous:<\/h2>\n\n\t\t \r\n\r\n  \r\n\r\n \r\n\r\n<script src=\"\/\/info.fujifilm.eu\/js\/forms2\/js\/forms2.min.js\"><\/script> <form id=\"mktoForm_5280\" action=\"\"><input type=\"hidden\" name=\"trp-form-language\" value=\"fr\"\/><\/form> <script>MktoForms2.loadForm(\"\/\/info.fujifilm.eu\", \"060-MIY-956\", 5280);<\/script> \r\n\r\n \r\n\r\n  \r\n\r\n \r\n\r\n  \r\n\r\n \r\n\r\n  \r\n\r\n \r\n\r\n  \r\n\r\n \r\n\r\n  \r\n\r\n \r\n\r\n  \r\n\r\n \r\n\r\n  \r\n\r\n \n\t\t<div id=\"confirmform\" style=\"visibility:hidden;\">\n                            <p><strong>\n\t\t\t\t\tMerci pour votre demande, quelqu&#039;un vous contactera bient\u00f4t.\t\t\t\t\t<\/strong><\/p>\n              \n        <\/div>\n\t<\/div>\n<\/section>","protected":false},"excerpt":{"rendered":"","protected":false},"author":1,"featured_media":0,"parent":0,"menu_order":0,"comment_status":"closed","ping_status":"closed","template":"","meta":{"inline_featured_image":false,"footnotes":""},"class_list":["post-1767","page","type-page","status-publish","hentry"],"acf":[],"yoast_head":"<!-- This site is optimized with the Yoast SEO plugin v22.0 - https:\/\/yoast.com\/wordpress\/plugins\/seo\/ -->\n<title>Sustainability | Sustainable Printing | Fujifilm EMEA<\/title>\n<meta name=\"description\" content=\"In an age of heightened environmental concerns and \u2018net zero\u2019 carbon reduction targets, find out how print can be more sustainable. Read more here\" \/>\n<meta name=\"robots\" content=\"index, follow, max-snippet:-1, max-image-preview:large, max-video-preview:-1\" \/>\n<link rel=\"canonical\" href=\"https:\/\/fujifilmprint.eu\/fr\/durabilite\/\" \/>\n<meta property=\"og:locale\" content=\"fr_FR\" \/>\n<meta property=\"og:type\" content=\"article\" \/>\n<meta property=\"og:title\" content=\"Sustainability | Sustainable Printing | Fujifilm EMEA\" \/>\n<meta property=\"og:description\" content=\"In an age of heightened environmental concerns and \u2018net zero\u2019 carbon reduction targets, find out how print can be more sustainable. Read more here\" \/>\n<meta property=\"og:url\" content=\"https:\/\/fujifilmprint.eu\/fr\/durabilite\/\" \/>\n<meta property=\"og:site_name\" content=\"Fujifilm Print EMEA\" \/>\n<meta property=\"article:modified_time\" content=\"2025-03-20T14:26:25+00:00\" \/>\n<meta name=\"twitter:card\" content=\"summary_large_image\" \/>\n<script type=\"application\/ld+json\" class=\"yoast-schema-graph\">{\"@context\":\"https:\/\/schema.org\",\"@graph\":[{\"@type\":\"WebPage\",\"@id\":\"https:\/\/fujifilmprint.eu\/sustainability\/\",\"url\":\"https:\/\/fujifilmprint.eu\/sustainability\/\",\"name\":\"Sustainability | Sustainable Printing | Fujifilm EMEA\",\"isPartOf\":{\"@id\":\"https:\/\/fujifilmprint.eu\/#website\"},\"datePublished\":\"2022-09-06T14:21:28+00:00\",\"dateModified\":\"2025-03-20T14:26:25+00:00\",\"description\":\"In an age of heightened environmental concerns and \u2018net zero\u2019 carbon reduction targets, find out how print can be more sustainable. Read more here\",\"breadcrumb\":{\"@id\":\"https:\/\/fujifilmprint.eu\/sustainability\/#breadcrumb\"},\"inLanguage\":\"fr-FR\",\"potentialAction\":[{\"@type\":\"ReadAction\",\"target\":[\"https:\/\/fujifilmprint.eu\/sustainability\/\"]}]},{\"@type\":\"BreadcrumbList\",\"@id\":\"https:\/\/fujifilmprint.eu\/sustainability\/#breadcrumb\",\"itemListElement\":[{\"@type\":\"ListItem\",\"position\":1,\"name\":\"Home\",\"item\":\"https:\/\/fujifilmprint.eu\/\"},{\"@type\":\"ListItem\",\"position\":2,\"name\":\"Sustainability\"}]},{\"@type\":\"WebSite\",\"@id\":\"https:\/\/fujifilmprint.eu\/#website\",\"url\":\"https:\/\/fujifilmprint.eu\/\",\"name\":\"Fujifilm Print EMEA\",\"description\":\"\",\"publisher\":{\"@id\":\"https:\/\/fujifilmprint.eu\/#organization\"},\"potentialAction\":[{\"@type\":\"SearchAction\",\"target\":{\"@type\":\"EntryPoint\",\"urlTemplate\":\"https:\/\/fujifilmprint.eu\/?s={search_term_string}\"},\"query-input\":\"required name=search_term_string\"}],\"inLanguage\":\"fr-FR\"},{\"@type\":\"Organization\",\"@id\":\"https:\/\/fujifilmprint.eu\/#organization\",\"name\":\"Fujifilm Print EMEA\",\"url\":\"https:\/\/fujifilmprint.eu\/\",\"logo\":{\"@type\":\"ImageObject\",\"inLanguage\":\"fr-FR\",\"@id\":\"https:\/\/fujifilmprint.eu\/#\/schema\/logo\/image\/\",\"url\":\"https:\/\/fujifilmprint.eu\/wp-content\/uploads\/2022\/07\/fujifilm-1.png\",\"contentUrl\":\"https:\/\/fujifilmprint.eu\/wp-content\/uploads\/2022\/07\/fujifilm-1.png\",\"width\":416,\"height\":70,\"caption\":\"Fujifilm Print EMEA\"},\"image\":{\"@id\":\"https:\/\/fujifilmprint.eu\/#\/schema\/logo\/image\/\"}}]}<\/script>\n<!-- \/ Yoast SEO plugin. -->","yoast_head_json":{"title":"Durabilit\u00e9 | Impression durable | Fujifilm EMEA","description":"\u00c0 une \u00e9poque de pr\u00e9occupations environnementales accrues et d\u2019objectifs de r\u00e9duction de carbone \u00ab z\u00e9ro net \u00bb, d\u00e9couvrez comment l\u2019impression peut \u00eatre plus durable. Lire la suite ici","robots":{"index":"index","follow":"follow","max-snippet":"max-snippet:-1","max-image-preview":"max-image-preview:large","max-video-preview":"max-video-preview:-1"},"canonical":"https:\/\/fujifilmprint.eu\/fr\/durabilite\/","og_locale":"fr_FR","og_type":"article","og_title":"Sustainability | Sustainable Printing | Fujifilm EMEA","og_description":"In an age of heightened environmental concerns and \u2018net zero\u2019 carbon reduction targets, find out how print can be more sustainable. Read more here","og_url":"https:\/\/fujifilmprint.eu\/fr\/durabilite\/","og_site_name":"Fujifilm Print EMEA","article_modified_time":"2025-03-20T14:26:25+00:00","twitter_card":"summary_large_image","schema":{"@context":"https:\/\/schema.org","@graph":[{"@type":"WebPage","@id":"https:\/\/fujifilmprint.eu\/sustainability\/","url":"https:\/\/fujifilmprint.eu\/sustainability\/","name":"Durabilit\u00e9 | Impression durable | Fujifilm EMEA","isPartOf":{"@id":"https:\/\/fujifilmprint.eu\/#website"},"datePublished":"2022-09-06T14:21:28+00:00","dateModified":"2025-03-20T14:26:25+00:00","description":"\u00c0 une \u00e9poque de pr\u00e9occupations environnementales accrues et d\u2019objectifs de r\u00e9duction de carbone \u00ab z\u00e9ro net \u00bb, d\u00e9couvrez comment l\u2019impression peut \u00eatre plus durable. Lire la suite ici","breadcrumb":{"@id":"https:\/\/fujifilmprint.eu\/sustainability\/#breadcrumb"},"inLanguage":"fr-FR","potentialAction":[{"@type":"ReadAction","target":["https:\/\/fujifilmprint.eu\/sustainability\/"]}]},{"@type":"BreadcrumbList","@id":"https:\/\/fujifilmprint.eu\/sustainability\/#breadcrumb","itemListElement":[{"@type":"ListItem","position":1,"name":"Home","item":"https:\/\/fujifilmprint.eu\/"},{"@type":"ListItem","position":2,"name":"Sustainability"}]},{"@type":"WebSite","@id":"https:\/\/fujifilmprint.eu\/#website","url":"https:\/\/fujifilmprint.eu\/","name":"Fujifilm Imprimer EMEA","description":"","publisher":{"@id":"https:\/\/fujifilmprint.eu\/#organization"},"potentialAction":[{"@type":"SearchAction","target":{"@type":"EntryPoint","urlTemplate":"https:\/\/fujifilmprint.eu\/?s={search_term_string}"},"query-input":"required name=search_term_string"}],"inLanguage":"fr-FR"},{"@type":"Organization","@id":"https:\/\/fujifilmprint.eu\/#organization","name":"Fujifilm Imprimer EMEA","url":"https:\/\/fujifilmprint.eu\/","logo":{"@type":"ImageObject","inLanguage":"fr-FR","@id":"https:\/\/fujifilmprint.eu\/#\/schema\/logo\/image\/","url":"https:\/\/fujifilmprint.eu\/wp-content\/uploads\/2022\/07\/fujifilm-1.png","contentUrl":"https:\/\/fujifilmprint.eu\/wp-content\/uploads\/2022\/07\/fujifilm-1.png","width":416,"height":70,"caption":"Fujifilm Print EMEA"},"image":{"@id":"https:\/\/fujifilmprint.eu\/#\/schema\/logo\/image\/"}}]}},"_links":{"self":[{"href":"https:\/\/fujifilmprint.eu\/fr\/wp-json\/wp\/v2\/pages\/1767","targetHints":{"allow":["GET"]}}],"collection":[{"href":"https:\/\/fujifilmprint.eu\/fr\/wp-json\/wp\/v2\/pages"}],"about":[{"href":"https:\/\/fujifilmprint.eu\/fr\/wp-json\/wp\/v2\/types\/page"}],"author":[{"embeddable":true,"href":"https:\/\/fujifilmprint.eu\/fr\/wp-json\/wp\/v2\/users\/1"}],"replies":[{"embeddable":true,"href":"https:\/\/fujifilmprint.eu\/fr\/wp-json\/wp\/v2\/comments?post=1767"}],"version-history":[{"count":109,"href":"https:\/\/fujifilmprint.eu\/fr\/wp-json\/wp\/v2\/pages\/1767\/revisions"}],"predecessor-version":[{"id":20007,"href":"https:\/\/fujifilmprint.eu\/fr\/wp-json\/wp\/v2\/pages\/1767\/revisions\/20007"}],"wp:attachment":[{"href":"https:\/\/fujifilmprint.eu\/fr\/wp-json\/wp\/v2\/media?parent=1767"}],"curies":[{"name":"wp","href":"https:\/\/api.w.org\/{rel}","templated":true}]}}