{"id":5232,"date":"2022-06-23T11:38:06","date_gmt":"2022-06-23T10:38:06","guid":{"rendered":"https:\/\/fujifilmprint.eu\/wide-format-sector\/"},"modified":"2025-11-20T11:34:49","modified_gmt":"2025-11-20T10:34:49","slug":"wide-format-sector","status":"publish","type":"page","link":"https:\/\/fujifilmprint.eu\/de\/wide-format-sector\/","title":{"rendered":"L\u00f6sungen f\u00fcr den Gro\u00dfformatdruck"},"content":{"rendered":"<style>\r\n.sector-banner{\r\nbackground-image: url(https:\/\/fujifilmprint.eu\/wp-content\/uploads\/2023\/10\/wideformatsector-headerbanner-2500x833-1.jpg);\r\n}\r\n\r\n\r\n<\/style>\r\n\r\n<div class=\"sector-banner\">\r\n\r\n   \r\n    <div class=\"banner-content\">\r\n        <h4>Entdecken Sie den Unterschied<\/h4>\r\n        <h1>L\u00f6sungen f\u00fcr den Gro\u00dfformatdruck<\/h1>\r\n    <\/div>\r\n\r\n    <div class=\"sector-carousel owl-carousel owl-theme\">\r\n                                    <a href=\"https:\/\/fujifilmprint.eu\/de\/product\/acuity-prime\/\">\r\n                    <div class=\"center\">\r\n                                                    <img decoding=\"async\" src=\"https:\/\/fujifilmprint.eu\/wp-content\/uploads\/2023\/10\/prime-sectorbanner-1000x339-1.png\" \/>\r\n                                                <h3 style=\"margin-top: -10px !important;\">Acuity Prime<\/h3>\r\n                    <\/div>\r\n                <\/a>\r\n                            <a href=\"https:\/\/fujifilmprint.eu\/de\/product\/acuity-ultra-r2\/\">\r\n                    <div class=\"center\">\r\n                                                    <img decoding=\"async\" src=\"https:\/\/fujifilmprint.eu\/wp-content\/uploads\/2023\/10\/ultrar2-sectorbanner-1000x339-4.png\" \/>\r\n                                                <h3 style=\"margin-top: -10px !important;\">Acuity Ultra R2<\/h3>\r\n                    <\/div>\r\n                <\/a>\r\n                            <a href=\"https:\/\/fujifilmprint.eu\/de\/product\/acuity-prime-hybrid\/\">\r\n                    <div class=\"center\">\r\n                                                    <img decoding=\"async\" src=\"https:\/\/fujifilmprint.eu\/wp-content\/uploads\/2023\/10\/primehybrid-sectorbanner-1000x339-2.png\" \/>\r\n                                                <h3 style=\"margin-top: -10px !important;\">Acuity Prime Hybrid<\/h3>\r\n                    <\/div>\r\n                <\/a>\r\n                            <a href=\"https:\/\/fujifilmprint.eu\/de\/product\/ultra-hybrid-led\/\">\r\n                    <div class=\"center\">\r\n                                                    <img decoding=\"async\" src=\"https:\/\/fujifilmprint.eu\/wp-content\/uploads\/2025\/11\/ultrahybrid-sectorbanner-1000x339-2.png\" \/>\r\n                                                <h3 style=\"margin-top: -10px !important;\">Acuity Ultra Hybrid LED<\/h3>\r\n                    <\/div>\r\n                <\/a>\r\n                            <a href=\"https:\/\/fujifilmprint.eu\/de\/product\/acuity-ultra-hybrid-pro\/\">\r\n                    <div class=\"center\">\r\n                                                    <img decoding=\"async\" src=\"https:\/\/fujifilmprint.eu\/wp-content\/uploads\/2025\/11\/ultrahybrdpro.png\" \/>\r\n                                                <h3 style=\"margin-top: -10px !important;\">Acuity Ultra Hybrid Pro<\/h3>\r\n                    <\/div>\r\n                <\/a>\r\n                            <a href=\"https:\/\/fujifilmprint.eu\/de\/product\/aquafuze-ink-acuity-triton\/\">\r\n                    <div class=\"center\">\r\n                                                    <img decoding=\"async\" src=\"https:\/\/fujifilmprint.eu\/wp-content\/uploads\/2025\/11\/triton-rainbow-2.png\" \/>\r\n                                                <h3 style=\"margin-top: -10px !important;\">AQUAFUZE &amp; Acuity Triton<\/h3>\r\n                    <\/div>\r\n                <\/a>\r\n                        <\/div>\r\n<\/div>\n\n<div id=\"brochure\"><\/div>\n\n<section id=\"txt-header\">\n\t<div class=\"container block-text-header\">\n\t\t<h3>Weltklasse-Gro\u00dfformatdruckl\u00f6sungen<\/h3>\n\t\t<h2>Entdecken Sie unser breites Formatangebot<\/h2>\n\t\t<p><\/p>\n\t<\/div>\n<\/section>\n\n\n<section id=\"txt-media\">\n\t<div class=\"container\">\n\t\t<div class=\"row\">\n\t\t\t<div class=\"col-md-6 my-auto order-md-2\">\n\n\t\t\t\t\n\t\t\t\t<div >\n\t\t\t\t\t<p>Erleben Sie unsere beispiellosen Gro\u00dfformatdruckl\u00f6sungen mit unserem neuen Sortimentsf\u00fchrer, der jetzt zum Download verf\u00fcgbar ist. Wir haben detaillierte Einblicke in jedes Produkt mit atemberaubenden Bildern an einem Ort kombiniert, damit Sie Ihre Reise mit Fujifilm als Ihrem neuen Partner im Druckbereich beginnen k\u00f6nnen.<\/p>\n\t\t\t\t\t\t\t\t\t<\/div>\n\n\t\t\t<\/div>\n\t\t\t\t\t\t\t<div class=\"col-md-6 my-auto order-md-1\">\n\t\t\t\t\t<img decoding=\"async\" src=\"https:\/\/fujifilmprint.eu\/wp-content\/uploads\/2023\/07\/wideformatrangeguideimage-800x488-1.jpg\" style=\"width: 100%\" \/>\n\t\t\t\t<\/div>\n\t\t\t\t\t<\/div>\n\t<\/div>\n<\/section>\n\n<div style=\"height:50px;\">\n<\/div>\n\n\n<section id=\"testimonial-v2\">\n\t<div class=\"slider-fade\">\n\n\t\t\t\t\t\n\t\t\t<div class=\"container-fluid\" style=\"background-image: url(https:\/\/fujifilmprint.eu\/wp-content\/uploads\/2022\/10\/Ebbsfleet-4-scaled.jpg);background-size: cover;background-repeat: no-repeat;\">\n\t\t\t\t<div class=\"container\">\n\t\t\t\t\t<div class=\"row\">\n\t\t\t\t\t\t<div class=\"col-md-6\">\n\t\t\t\t\t\t\t<div class=\"testiv1-inner\">\n\t\t\t\t\t\t\t\t<img decoding=\"async\" src=\"https:\/\/fujifilmprint.eu\/wp-content\/themes\/poi\/media\/quote.svg\" \/>\n\t\t\t\t\t\t\t\t<p>\n\t\t\t\t\t\t\t\t\tWir sind davon \u00fcberzeugt, dass die Leistung des Acuity Prime-Flachbettdruckers die Leistung aller anderen Drucker dieser Preisklasse \u00fcbertrifft. Tats\u00e4chlich waren die anderen von uns in Betracht gezogenen Maschinen mit dieser Produktivit\u00e4t typischerweise doppelt so teuer.\t\t\t\t\t\t\t\t<\/p>\n\t\t\t\t\t\t\t\t\t\t\t\t\t\t\t\t\t<p class=\"name\">\n\t\t\t\t\t\t\t\t\tSam Cherry | Ebbsfleet-Druckl\u00f6sungen\t\t\t\t\t\t\t\t\t<\/p>\n\t\t\t\t\t\t\t\t\t\t\t\t\t\t\t<\/div>\n\t\t\t\t\t\t\t\t\t\t\t\t\t\t\t<a href=\"https:\/\/fujifilmprint.eu\/de\/resource\/case-study-ebbsfleet-printing-solutions\/\" class=\"btn btn-purple\">Fallstudie lesen<\/a>\n\t\t\t\t\t\t\t\t\t\t\t\t\t<\/div>\n\t\t\t\t\t\t<div class=\"col-md-6\">\n\t\t\t\t\t\t<\/div>\n\t\t\t\t\t<\/div>\n\t\t\t\t<\/div>\n\t\t\t<\/div>\n\t\t\t\t\t\n\t<\/div>\n<\/section>\n\n<div style=\"height:50px;\">\n<\/div>\n\n<section id=\"cs-grid\">\n    <div class=\"container-fluid\">\n        <div class=\"container\">\n            <h2>Fallstudien<\/h2>\n\n            <div class=\"row\">\n                            <div class=\"col-md-6\">\n                    <a href=\"https:\/\/fujifilmprint.eu\/de\/resource\/fastsigns-scotland-acuity-triton-aquafuze-ink\/\">\n                                                    <img decoding=\"async\" src=\"https:\/\/fujifilmprint.eu\/wp-content\/uploads\/2026\/01\/Rob-Lambie-close.jpg\" alt=\"FastSigns Schottland: Acuity Triton &amp; AQUAFUZE Tinte\" \/>\n                                            <\/a>\n                    <a href=\"https:\/\/fujifilmprint.eu\/de\/resource\/fastsigns-scotland-acuity-triton-aquafuze-ink\/\">\n                        <p class=\"cs-head\">FastSigns Schottland: Acuity Triton &amp; AQUAFUZE Tinte<\/p>\n                    <\/a>\n                                    <\/div>\n                            <div class=\"col-md-6\">\n                    <a href=\"https:\/\/fujifilmprint.eu\/de\/resource\/druk-24h-revoria-pc1120-xmf-pressready\/\">\n                                                    <img decoding=\"async\" src=\"https:\/\/fujifilmprint.eu\/wp-content\/uploads\/2026\/02\/Fujifilm_GG_Owner-scaled.jpeg\" alt=\"Druck 24h: Revoria PC1120 &amp; XMF PressReady\" \/>\n                                            <\/a>\n                    <a href=\"https:\/\/fujifilmprint.eu\/de\/resource\/druk-24h-revoria-pc1120-xmf-pressready\/\">\n                        <p class=\"cs-head\">Druk 24h: Revoria PC1120 &amp; XMF PressReady<\/p>\n                    <\/a>\n                                    <\/div>\n                        <\/div>\n        <\/div>\n    <\/div>\n<\/section>\n\n<div style=\"height:80px;\">\n<\/div>\n\n<section id=\"product-grid\">\r\n<div class=\"container\">\r\n    <h1 class=\"product-gtitle\" style=\"margin: 30px 0 0 0;\">\r\n        Produkte    <\/h1>\r\n    <h3 style=\"margin-bottom: 60px;\">\r\n        Entdecken Sie unsere Gro\u00dfformatdruckl\u00f6sungen    <\/h3>\r\n<\/div>\r\n\r\n<div class=\"container-fluid\">\r\n<div class=\"row\">\r\n<div class=\"col-md-6 Wide Format\">\r\n\t<div class=\"pgrid-inner\">\r\n\t\t<h3>Acuity Prime<\/h3>\r\n\t\t<p>F\u00fcr klassenbeste Qualit\u00e4t bei h\u00f6chster Produktivit\u00e4t auf einer breiten Palette von starren und flexiblen Medien<\/p>\r\n\t\t<a href=\"https:\/\/fujifilmprint.eu\/de\/product\/acuity-prime\/\"   class=\"btn btn-outline\">Mehr entdecken<\/a>\r\n\t\t<img decoding=\"async\" src=\"https:\/\/fujifilmprint.eu\/wp-content\/uploads\/2022\/05\/Acuity-Prime-32-sml-2650px-for-black-bgnd.png\" \/>\r\n\t<\/div>\r\n<\/div>\r\n<div class=\"col-md-6 Wide Format\">\r\n\t<div class=\"pgrid-inner\">\r\n\t\t<h3>Acuity Ultra R2<\/h3>\r\n\t\t<p>Hochproduktive Superwide-Plattform f\u00fcr hervorragende Druckqualit\u00e4t<\/p>\r\n\t\t<a href=\"https:\/\/fujifilmprint.eu\/de\/product\/acuity-ultra-r2\/\"   class=\"btn btn-outline\">Mehr entdecken<\/a>\r\n\t\t<img decoding=\"async\" src=\"https:\/\/fujifilmprint.eu\/wp-content\/uploads\/2022\/06\/Acuity-Ultra-32-1300px-for-black-bgnd-1.png\" \/>\r\n\t<\/div>\r\n<\/div>\r\n<div class=\"col-md-6 Wide Format\">\r\n\t<div class=\"pgrid-inner\">\r\n\t\t<h3>Acuity Ultra Hybrid LED<\/h3>\r\n\t\t<p>F\u00fcr starre und flexible Substrate bis 3,3 m, die eine hervorragende Druckqualit\u00e4t liefert<\/p>\r\n\t\t<a href=\"https:\/\/fujifilmprint.eu\/de\/product\/ultra-hybrid-led\/\"   class=\"btn btn-outline\">Mehr entdecken<\/a>\r\n\t\t<img decoding=\"async\" src=\"https:\/\/fujifilmprint.eu\/wp-content\/uploads\/2023\/09\/ultrahybrid-featuredimage-1000x548-1.png\" \/>\r\n\t<\/div>\r\n<\/div>\r\n<div class=\"col-md-6 Wide Format\">\r\n\t<div class=\"pgrid-inner\">\r\n\t\t<h3>Acuity Prime Hybrid<\/h3>\r\n\t\t<p>Dediziertes Hybrid-System f\u00fcr starre und flexible substrate<\/p>\r\n\t\t<a href=\"https:\/\/fujifilmprint.eu\/de\/product\/acuity-prime-hybrid\/\"   class=\"btn btn-outline\">Mehr entdecken<\/a>\r\n\t\t<img decoding=\"async\" src=\"https:\/\/fujifilmprint.eu\/wp-content\/uploads\/2023\/07\/acuityprimehybrid-featuredimage-1000x547-1.png\" \/>\r\n\t<\/div>\r\n<\/div>\r\n<div class=\"col-md-6 Wide Format\">\r\n\t<div class=\"pgrid-inner\">\r\n\t\t<h3>Acuity Ultra Hybrid Pro<\/h3>\r\n\t\t<p>Stellt die Acuity Ultra Hybrid Pro die n\u00e4chste Generation dar. Sie entspricht dem neuesten Industriestandard und ist ganz auf den Komfort des Bedieners ausgelegt.<\/p>\r\n\t\t<a href=\"https:\/\/fujifilmprint.eu\/de\/product\/acuity-ultra-hybrid-pro\/\"   class=\"btn btn-outline\">Mehr entdecken<\/a>\r\n\t\t<img decoding=\"async\" src=\"https:\/\/fujifilmprint.eu\/wp-content\/uploads\/2025\/04\/FUJ01_HB90-Automation.31-1.png\" \/>\r\n\t<\/div>\r\n<\/div>\r\n<div class=\"col-md-6 Wide Format\">\r\n\t<div class=\"pgrid-inner\">\r\n\t\t<h3>AQUAFUZE-Tinte und Acuity Triton<\/h3>\r\n\t\t<p>Die Acuity Triton mit den neuen w\u00e4ssrigen AQUAFUZE-UV-Tinten liefert eine \nfotografische Druckqualit\u00e4t mit leuchtenden Farben und au\u00dfergew\u00f6hnlicher \nHaltbarkeit.<\/p>\r\n\t\t<a href=\"https:\/\/fujifilmprint.eu\/de\/product\/aquafuze-ink-acuity-triton\/\"   class=\"btn btn-outline\">Mehr entdecken<\/a>\r\n\t\t<img decoding=\"async\" src=\"https:\/\/fujifilmprint.eu\/wp-content\/uploads\/2025\/04\/Acuity-Triton-Product-image-e1745594527153.png\" \/>\r\n\t<\/div>\r\n<\/div>\r\n<div class=\"col-md-6 Wide Format\">\r\n\t<div class=\"pgrid-inner\">\r\n\t\t<h3>Acuity Aristo<\/h3>\r\n\t\t<p>Stellt die Acuity Ultra Hybrid Pro die n\u00e4chste Generation dar. Sie entspricht dem neuesten Industriestandard und ist ganz auf den Komfort des Bedieners ausgelegt.<\/p>\r\n\t\t<a href=\"https:\/\/fujifilmprint.eu\/de\/product\/acuity-aristo\/\"   class=\"btn btn-outline\">Mehr entdecken<\/a>\r\n\t\t<img decoding=\"async\" src=\"https:\/\/fujifilmprint.eu\/wp-content\/uploads\/2025\/07\/FUJ11_Detail_FEEDER_D4-2.Dm_rxqnH_ZWPwly-e1753778697600.png\" \/>\r\n\t<\/div>\r\n<\/div>\r\n\t\t<\/div>\r\n\t<\/div>\r\n<\/sector>\n\n<div style=\"height:50px;\">\n<\/div>\n\n\n<section id=\"articles-block\">\n\t<div class=\"container\">\n\t\t<div class=\"center\">\n\t\t\t<h3>Artikel<\/h3>\n\t\t\t<h2>Neues Schlaglicht auf Fujifilm<\/h2>\n\t\t\t<p>Erfahren Sie, was uns so besonders macht<\/p>\n\t\t<\/div>\n\t\t<div class=\"row\">\n\t\t\n\t\t<div class=\"col-md-4 d-flex flex-column\">\n\t\t\t<img decoding=\"async\" class=\"img-004\" src=\"https:\/\/fujifilmprint.eu\/wp-content\/uploads\/2025\/08\/DSC8397-350x180.jpg\" \/>\n\t\t\t<a href=\"https:\/\/fujifilmprint.eu\/de\/resource\/the-science-behind-fujifilms-aquafuze-ink-technology\/\" class=\"flex-grow-1\" style=\"text-decoration: none;color: black;\">\n                <div class=\"btn-inner\" style=\"height: 100%\">\n                    <h4>Die Wissenschaft hinter der AQUAFUZE-Tintentechnologie von Fujifilm<\/h4>\n                    <img decoding=\"async\" src=\"https:\/\/fujifilmprint.eu\/wp-content\/themes\/poi\/media\/chev.svg\"\/>\n\t\t\t    <\/div>\n            <\/a>\n\t\t<\/div>\n\t\t\n\t\t<div class=\"col-md-4 d-flex flex-column\">\n\t\t\t<img decoding=\"async\" class=\"img-004\" src=\"https:\/\/fujifilmprint.eu\/wp-content\/uploads\/2025\/04\/Stickers-scaled-e1745923952383-350x180.jpeg\" \/>\n\t\t\t<a href=\"https:\/\/fujifilmprint.eu\/de\/resource\/aquafuze-ink-technology\/\" class=\"flex-grow-1\" style=\"text-decoration: none;color: black;\">\n                <div class=\"btn-inner\" style=\"height: 100%\">\n                    <h4>AQUAFUZE-Tinten-Technologie<\/h4>\n                    <img decoding=\"async\" src=\"https:\/\/fujifilmprint.eu\/wp-content\/themes\/poi\/media\/chev.svg\"\/>\n\t\t\t    <\/div>\n            <\/a>\n\t\t<\/div>\n\t\t\n\t\t<div class=\"col-md-4 d-flex flex-column\">\n\t\t\t<img decoding=\"async\" class=\"img-004\" src=\"https:\/\/fujifilmprint.eu\/wp-content\/uploads\/2024\/10\/Recycling2-scaled-e1729065014700-350x180.jpg\" \/>\n\t\t\t<a href=\"https:\/\/fujifilmprint.eu\/de\/resource\/zero-to-landfill-certification\/\" class=\"flex-grow-1\" style=\"text-decoration: none;color: black;\">\n                <div class=\"btn-inner\" style=\"height: 100%\">\n                    <h4>\u2018Zero to Landfill\u2019-Zertifizierung f\u00fcr Druckfarbenstandort<\/h4>\n                    <img decoding=\"async\" src=\"https:\/\/fujifilmprint.eu\/wp-content\/themes\/poi\/media\/chev.svg\"\/>\n\t\t\t    <\/div>\n            <\/a>\n\t\t<\/div>\n\t\t\t\t<\/div>\n\t\t<div class=\"center\"><a href=\"\/de\/ressourcen\/\" class=\"btn btn-purple\">Weitere Artikel<\/a><\/div>\n\t<\/div>\n<\/section>\n\n<div style=\"height:80px;\">\n<\/div>\n\n<section id=\"dark-form\">\n\t<div id=\"footer-form\" class=\"container\">\n\t\t<h2>Haben Sie Fragen? Bitte kontaktieren Sie uns unten:<\/h2>\n\n\t\t \r\n\r\n  \r\n\r\n \r\n\r\n  \r\n\r\n \r\n\r\n<script src=\"\/\/info.fujifilm.eu\/js\/forms2\/js\/forms2.min.js\"><\/script> <form id=\"mktoForm_5275\" action=\"\"><input type=\"hidden\" name=\"trp-form-language\" value=\"de\"\/><\/form> <script>MktoForms2.loadForm(\"\/\/info.fujifilm.eu\", \"060-MIY-956\", 5275);<\/script> \r\n\r\n \r\n\r\n  \r\n\r\n \r\n\r\n  \r\n\r\n \r\n\r\n  \r\n\r\n \r\n\r\n  \r\n\r\n \r\n\r\n  \r\n\r\n \r\n\r\n  \r\n\r\n \n\t\t<div id=\"confirmform\" style=\"visibility:hidden;\">\n                            <p><strong>\n\t\t\t\t\tVielen Dank f\u00fcr Ihre Anfrage, jemand wird sich in K\u00fcrze mit Ihnen in Verbindung setzen.\t\t\t\t\t<\/strong><\/p>\n              \n        <\/div>\n\t<\/div>\n<\/section>","protected":false},"excerpt":{"rendered":"","protected":false},"author":1,"featured_media":0,"parent":0,"menu_order":0,"comment_status":"closed","ping_status":"closed","template":"","meta":{"inline_featured_image":false,"footnotes":""},"class_list":["post-5232","page","type-page","status-publish","hentry"],"acf":[],"yoast_head":"<!-- This site is optimized with the Yoast SEO plugin v22.0 - https:\/\/yoast.com\/wordpress\/plugins\/seo\/ -->\n<title>Wide Format Printing Solutions | Fujifilm Print EMEA<\/title>\n<meta name=\"description\" content=\"Click here to learn more about Fujifilm&#039;s range of wide format printers which are defining a new level of print ROI.\" \/>\n<meta name=\"robots\" content=\"index, follow, max-snippet:-1, max-image-preview:large, max-video-preview:-1\" \/>\n<link rel=\"canonical\" href=\"https:\/\/fujifilmprint.eu\/de\/wide-format-sector\/\" \/>\n<meta property=\"og:locale\" content=\"de_DE\" \/>\n<meta property=\"og:type\" content=\"article\" \/>\n<meta property=\"og:title\" content=\"Wide Format Printing Solutions | Fujifilm Print EMEA\" \/>\n<meta property=\"og:description\" content=\"Click here to learn more about Fujifilm&#039;s range of wide format printers which are defining a new level of print ROI.\" \/>\n<meta property=\"og:url\" content=\"https:\/\/fujifilmprint.eu\/de\/wide-format-sector\/\" \/>\n<meta property=\"og:site_name\" content=\"Fujifilm Print EMEA\" \/>\n<meta property=\"article:modified_time\" content=\"2025-11-20T10:34:49+00:00\" \/>\n<meta name=\"twitter:card\" content=\"summary_large_image\" \/>\n<script type=\"application\/ld+json\" class=\"yoast-schema-graph\">{\"@context\":\"https:\/\/schema.org\",\"@graph\":[{\"@type\":\"WebPage\",\"@id\":\"https:\/\/fujifilmprint.eu\/wide-format-sector\/\",\"url\":\"https:\/\/fujifilmprint.eu\/wide-format-sector\/\",\"name\":\"Wide Format Printing Solutions | Fujifilm Print EMEA\",\"isPartOf\":{\"@id\":\"https:\/\/fujifilmprint.eu\/#website\"},\"datePublished\":\"2022-06-23T10:38:06+00:00\",\"dateModified\":\"2025-11-20T10:34:49+00:00\",\"description\":\"Click here to learn more about Fujifilm's range of wide format printers which are defining a new level of print ROI.\",\"breadcrumb\":{\"@id\":\"https:\/\/fujifilmprint.eu\/wide-format-sector\/#breadcrumb\"},\"inLanguage\":\"de\",\"potentialAction\":[{\"@type\":\"ReadAction\",\"target\":[\"https:\/\/fujifilmprint.eu\/wide-format-sector\/\"]}]},{\"@type\":\"BreadcrumbList\",\"@id\":\"https:\/\/fujifilmprint.eu\/wide-format-sector\/#breadcrumb\",\"itemListElement\":[{\"@type\":\"ListItem\",\"position\":1,\"name\":\"Home\",\"item\":\"https:\/\/fujifilmprint.eu\/\"},{\"@type\":\"ListItem\",\"position\":2,\"name\":\"Wide Format Printing Solutions\"}]},{\"@type\":\"WebSite\",\"@id\":\"https:\/\/fujifilmprint.eu\/#website\",\"url\":\"https:\/\/fujifilmprint.eu\/\",\"name\":\"Fujifilm Print EMEA\",\"description\":\"\",\"publisher\":{\"@id\":\"https:\/\/fujifilmprint.eu\/#organization\"},\"potentialAction\":[{\"@type\":\"SearchAction\",\"target\":{\"@type\":\"EntryPoint\",\"urlTemplate\":\"https:\/\/fujifilmprint.eu\/?s={search_term_string}\"},\"query-input\":\"required name=search_term_string\"}],\"inLanguage\":\"de\"},{\"@type\":\"Organization\",\"@id\":\"https:\/\/fujifilmprint.eu\/#organization\",\"name\":\"Fujifilm Print EMEA\",\"url\":\"https:\/\/fujifilmprint.eu\/\",\"logo\":{\"@type\":\"ImageObject\",\"inLanguage\":\"de\",\"@id\":\"https:\/\/fujifilmprint.eu\/#\/schema\/logo\/image\/\",\"url\":\"https:\/\/fujifilmprint.eu\/wp-content\/uploads\/2022\/07\/fujifilm-1.png\",\"contentUrl\":\"https:\/\/fujifilmprint.eu\/wp-content\/uploads\/2022\/07\/fujifilm-1.png\",\"width\":416,\"height\":70,\"caption\":\"Fujifilm Print EMEA\"},\"image\":{\"@id\":\"https:\/\/fujifilmprint.eu\/#\/schema\/logo\/image\/\"}}]}<\/script>\n<!-- \/ Yoast SEO plugin. -->","yoast_head_json":{"title":"Gro\u00dfformatdruckl\u00f6sungen | Fujifilm Print EMEA","description":"Klicken Sie hier, um mehr \u00fcber Fujifilms Angebot an Gro\u00dfformatdruckern zu erfahren, die eine neue Ebene des Druck-ROI definieren.","robots":{"index":"index","follow":"follow","max-snippet":"max-snippet:-1","max-image-preview":"max-image-preview:large","max-video-preview":"max-video-preview:-1"},"canonical":"https:\/\/fujifilmprint.eu\/de\/wide-format-sector\/","og_locale":"de_DE","og_type":"article","og_title":"Wide Format Printing Solutions | Fujifilm Print EMEA","og_description":"Click here to learn more about Fujifilm's range of wide format printers which are defining a new level of print ROI.","og_url":"https:\/\/fujifilmprint.eu\/de\/wide-format-sector\/","og_site_name":"Fujifilm Print EMEA","article_modified_time":"2025-11-20T10:34:49+00:00","twitter_card":"summary_large_image","schema":{"@context":"https:\/\/schema.org","@graph":[{"@type":"WebPage","@id":"https:\/\/fujifilmprint.eu\/wide-format-sector\/","url":"https:\/\/fujifilmprint.eu\/wide-format-sector\/","name":"Gro\u00dfformatdruckl\u00f6sungen | Fujifilm Print EMEA","isPartOf":{"@id":"https:\/\/fujifilmprint.eu\/#website"},"datePublished":"2022-06-23T10:38:06+00:00","dateModified":"2025-11-20T10:34:49+00:00","description":"Klicken Sie hier, um mehr \u00fcber Fujifilms Angebot an Gro\u00dfformatdruckern zu erfahren, die eine neue Ebene des Druck-ROI definieren.","breadcrumb":{"@id":"https:\/\/fujifilmprint.eu\/wide-format-sector\/#breadcrumb"},"inLanguage":"de","potentialAction":[{"@type":"ReadAction","target":["https:\/\/fujifilmprint.eu\/wide-format-sector\/"]}]},{"@type":"BreadcrumbList","@id":"https:\/\/fujifilmprint.eu\/wide-format-sector\/#breadcrumb","itemListElement":[{"@type":"ListItem","position":1,"name":"Home","item":"https:\/\/fujifilmprint.eu\/"},{"@type":"ListItem","position":2,"name":"Wide Format Printing Solutions"}]},{"@type":"WebSite","@id":"https:\/\/fujifilmprint.eu\/#website","url":"https:\/\/fujifilmprint.eu\/","name":"Fujifilm Print EMEA","description":"","publisher":{"@id":"https:\/\/fujifilmprint.eu\/#organization"},"potentialAction":[{"@type":"SearchAction","target":{"@type":"EntryPoint","urlTemplate":"https:\/\/fujifilmprint.eu\/?s={search_term_string}"},"query-input":"required name=search_term_string"}],"inLanguage":"de"},{"@type":"Organization","@id":"https:\/\/fujifilmprint.eu\/#organization","name":"Fujifilm Print EMEA","url":"https:\/\/fujifilmprint.eu\/","logo":{"@type":"ImageObject","inLanguage":"de","@id":"https:\/\/fujifilmprint.eu\/#\/schema\/logo\/image\/","url":"https:\/\/fujifilmprint.eu\/wp-content\/uploads\/2022\/07\/fujifilm-1.png","contentUrl":"https:\/\/fujifilmprint.eu\/wp-content\/uploads\/2022\/07\/fujifilm-1.png","width":416,"height":70,"caption":"Fujifilm Print EMEA"},"image":{"@id":"https:\/\/fujifilmprint.eu\/#\/schema\/logo\/image\/"}}]}},"_links":{"self":[{"href":"https:\/\/fujifilmprint.eu\/de\/wp-json\/wp\/v2\/pages\/5232","targetHints":{"allow":["GET"]}}],"collection":[{"href":"https:\/\/fujifilmprint.eu\/de\/wp-json\/wp\/v2\/pages"}],"about":[{"href":"https:\/\/fujifilmprint.eu\/de\/wp-json\/wp\/v2\/types\/page"}],"author":[{"embeddable":true,"href":"https:\/\/fujifilmprint.eu\/de\/wp-json\/wp\/v2\/users\/1"}],"replies":[{"embeddable":true,"href":"https:\/\/fujifilmprint.eu\/de\/wp-json\/wp\/v2\/comments?post=5232"}],"version-history":[{"count":85,"href":"https:\/\/fujifilmprint.eu\/de\/wp-json\/wp\/v2\/pages\/5232\/revisions"}],"predecessor-version":[{"id":21177,"href":"https:\/\/fujifilmprint.eu\/de\/wp-json\/wp\/v2\/pages\/5232\/revisions\/21177"}],"wp:attachment":[{"href":"https:\/\/fujifilmprint.eu\/de\/wp-json\/wp\/v2\/media?parent=5232"}],"curies":[{"name":"wp","href":"https:\/\/api.w.org\/{rel}","templated":true}]}}