{"id":4620,"date":"2022-10-26T16:11:58","date_gmt":"2022-10-26T16:11:58","guid":{"rendered":"https:\/\/fujifilmprint.eu\/?page_id=4620"},"modified":"2024-03-27T12:39:44","modified_gmt":"2024-03-27T11:39:44","slug":"ressourcen","status":"publish","type":"page","link":"https:\/\/fujifilmprint.eu\/de\/ressourcen\/","title":{"rendered":"Ressourcen"},"content":{"rendered":"<section id=\"green-header\">\n\t<div class=\"container-fluid green-pt\" >\n\t\t\t<div class=\"container\">\n\t\t\t<h2 >\n\t\t\t\tRessourcen\t\t\t<\/h2>\n\t\t\t<h3 >\n\t\t\t\tVerwenden Sie die Filter unten, um das Thema zu finden, das Sie interessiert.\t\t\t<\/h3>\n\t\t<\/div>\n\t\t<\/div>\n<\/section>\n\n\n<section id=\"resources-block\">\n\t<div class=\"container\">\n\t\t<div class=\"center\">\n\t\t\t<h3><\/h3>\n\t\t\t<h2><\/h2>\n\t\t\t<p><\/p>\n\t\t<\/div>\n\t\t<div class=\"resources-wrapper\">\n\t\t\t<div class=\"resource-filter row\">\n\t\t\t\t<div class=\"col-md-7\">\n\t\t\t\t\t<form data-sf-form-id='4623' data-is-rtl='0' data-maintain-state='' data-results-url='https:\/\/fujifilmprint.eu\/resources\/' data-ajax-url='https:\/\/fujifilmprint.eu\/resources\/?sf_data=all' data-ajax-form-url='https:\/\/fujifilmprint.eu\/de\/?sfid=4623&amp;sf_action=get_data&amp;sf_data=form' data-display-result-method='custom' data-use-history-api='1' data-template-loaded='0' data-lang-code='de' data-ajax='1' data-ajax-data-type='html' data-ajax-links-selector='.pagination a' data-ajax-target='.resources-results' data-ajax-pagination-type='infinite_scroll' data-show-scroll-loader='1' data-infinite-scroll-trigger='-200' data-update-ajax-url='0' data-only-results-ajax='0' data-scroll-to-pos='0' data-init-paged='1' data-auto-update='1' data-auto-count='1' data-auto-count-refresh-mode='1' action='https:\/\/fujifilmprint.eu\/de\/ressourcen\/' method='post' class='searchandfilter' id='search-filter-form-4623' autocomplete='off' data-instance-count='1' data-trp-original-action=\"https:\/\/fujifilmprint.eu\/resources\/\"><ul><li class=\"sf-field-taxonomy-resource-categories\" data-sf-field-name=\"_sft_resource-categories\" data-sf-field-type=\"taxonomy\" data-sf-field-input-type=\"select\">\t\t<label>\n\t\t\t\t   \t\t<select name=\"_sft_resource-categories[]\" class=\"sf-input-select\" title=\"\">\n\t\t\t\t\t\t  \t\t\t<option class=\"sf-level-0 sf-item-0 sf-option-active\" selected=\"selected\" data-sf-count=\"0\" data-sf-depth=\"0\" value=\"\">Ressourcen filtern<\/option>\n\t\t\t\t\t\t\t\t\t\t\t<option class=\"sf-level-0 sf-item-38\" data-sf-count=\"18\" data-sf-depth=\"0\" value=\"article\">Artikel<\/option>\n\t\t\t\t\t\t\t\t\t\t\t<option class=\"sf-level-0 sf-item-41\" data-sf-count=\"51\" data-sf-depth=\"0\" value=\"case-study\">Fallstudie<\/option>\n\t\t\t\t\t\t\t\t\t\t\t<option class=\"sf-level-0 sf-item-36\" data-sf-count=\"7\" data-sf-depth=\"0\" value=\"sustainability\">Nachhaltigkeit<\/option>\n\t\t\t\t\t\t\t\t\t\t\t<option class=\"sf-level-0 sf-item-42\" data-sf-count=\"19\" data-sf-depth=\"0\" value=\"video\">Video<\/option>\n\t\t\t\t\t\t\t\t\t\t\t<\/select><\/label>\t\t\t\t\t\t\t\t\t\t<\/li><li class=\"sf-field-taxonomy-sector\" data-sf-field-name=\"_sft_sector\" data-sf-field-type=\"taxonomy\" data-sf-field-input-type=\"select\">\t\t<label>\n\t\t\t\t   \t\t<select name=\"_sft_sector[]\" class=\"sf-input-select\" title=\"\">\n\t\t\t\t\t\t  \t\t\t<option class=\"sf-level-0 sf-item-0 sf-option-active\" selected=\"selected\" data-sf-count=\"0\" data-sf-depth=\"0\" value=\"\">Sektoren filtern<\/option>\n\t\t\t\t\t\t\t\t\t\t\t<option class=\"sf-level-0 sf-item-39\" data-sf-count=\"29\" data-sf-depth=\"0\" value=\"commercial-printing\">Kommerzieller Druck<\/option>\n\t\t\t\t\t\t\t\t\t\t\t<option class=\"sf-level-0 sf-item-40\" data-sf-count=\"18\" data-sf-depth=\"0\" value=\"labels-and-packaging\">Etiketten und Verpackung<\/option>\n\t\t\t\t\t\t\t\t\t\t\t<option class=\"sf-level-0 sf-item-37\" data-sf-count=\"26\" data-sf-depth=\"0\" value=\"wide-format\">Gro\u00dfformat<\/option>\n\t\t\t\t\t\t\t\t\t\t\t<\/select><\/label>\t\t\t\t\t\t\t\t\t\t<\/li><\/ul><input type=\"hidden\" name=\"trp-form-language\" value=\"de\"\/><\/form>\t\t\t\t<\/div>\n\t\t\t\t<div class=\"col-md-5\"><p style=\"font-weight: bold;text-align: right;margin-bottom: 0;\">69 Ressourcen insgesamt<\/p><\/div>\n\t\t\t<\/div>\n\t\t\t<div class=\"resources-results\">\n\t\t\t\t<div class=\"resource-total col-md-5\">\n\t\t\t\t\t<p>69 Ressourcen<\/p>\n\t\t\t\t<\/div>\n\t\t\t\t\n\t\t\t\t<div class=\"row\">\n\t\t\t\t\t\t\t\t\t\t<div class=\"col-md-6\">\n\t\t\t\t\t\t<a href=\"https:\/\/fujifilmprint.eu\/de\/resource\/fastsigns-scotland-acuity-triton-aquafuze-ink\/\">\n\t\t\t\t\t\t\t<div class=\"resource-img\" style=\"background-image: url('https:\/\/fujifilmprint.eu\/wp-content\/uploads\/2026\/01\/Rob-Lambie-close.jpg');background-size: cover;height: 280px;\">\n\t\t\t\t\t\t\t<\/div>\n\t\t\t\t\t\t\t<div class=\"resource-desc\">\n\t\t\t\t\t\t\t\t<h3>\n\t\t\t\t\t\t\t\t\tFastSigns Schottland: Acuity Triton &amp; AQUAFUZE Tinte\t\t\t\t\t\t\t\t<\/h3>\n\t\t\t\t\t\t\t\t<p>\n\t\t\t\t\t\t\t\t\tErste Beta-Kunden, die Fujifilms Acuity Triton mit AQUAFUZE-Tintentechnologie verwenden, berichten von vielf\u00e4ltigen Sofortvorteilen\t\t\t\t\t\t\t\t<\/p>\n\t\t\t\t\t\t\t<\/div>\n\t\t\t\t\t\t\t<img decoding=\"async\" class=\"chev\" src=\"https:\/\/print-emea.fujifilm.com\/wp-content\/themes\/poi\/media\/chev.svg\">\n\t\t\t\t\t\t<\/a>\n\t\t\t\t\t<\/div>\n\t\t\t\t\t\t\t\t\t\t<div class=\"col-md-6\">\n\t\t\t\t\t\t<a href=\"https:\/\/fujifilmprint.eu\/de\/resource\/druk-24h-revoria-pc1120-xmf-pressready\/\">\n\t\t\t\t\t\t\t<div class=\"resource-img\" style=\"background-image: url('https:\/\/fujifilmprint.eu\/wp-content\/uploads\/2026\/02\/Fujifilm_GG_Owner-scaled.jpeg');background-size: cover;height: 280px;\">\n\t\t\t\t\t\t\t<\/div>\n\t\t\t\t\t\t\t<div class=\"resource-desc\">\n\t\t\t\t\t\t\t\t<h3>\n\t\t\t\t\t\t\t\t\tDruk 24h: Revoria PC1120 &amp; XMF PressReady\t\t\t\t\t\t\t\t<\/h3>\n\t\t\t\t\t\t\t\t<p>\n\t\t\t\t\t\t\t\t\tDruk24h steigert Produktivit\u00e4t und Konsistenz mit Fujifilm Revoria Press PC1120 und Revoria XMF PressReady \t\t\t\t\t\t\t\t<\/p>\n\t\t\t\t\t\t\t<\/div>\n\t\t\t\t\t\t\t<img decoding=\"async\" class=\"chev\" src=\"https:\/\/print-emea.fujifilm.com\/wp-content\/themes\/poi\/media\/chev.svg\">\n\t\t\t\t\t\t<\/a>\n\t\t\t\t\t<\/div>\n\t\t\t\t\t\t\t\t\t\t<div class=\"col-md-6\">\n\t\t\t\t\t\t<a href=\"https:\/\/fujifilmprint.eu\/de\/resource\/kartongbolaget-jet-press-750s\/\">\n\t\t\t\t\t\t\t<div class=\"resource-img\" style=\"background-image: url('https:\/\/fujifilmprint.eu\/wp-content\/uploads\/2025\/11\/Fujifilm__Kartongbolaget_Visutech_image-scaled.jpeg');background-size: cover;height: 280px;\">\n\t\t\t\t\t\t\t<\/div>\n\t\t\t\t\t\t\t<div class=\"resource-desc\">\n\t\t\t\t\t\t\t\t<h3>\n\t\t\t\t\t\t\t\t\tKartongbolaget: Strahlpresse 750S\t\t\t\t\t\t\t\t<\/h3>\n\t\t\t\t\t\t\t\t<p>\n\t\t\t\t\t\t\t\t\tKartongbolaget steigert Flexibilit\u00e4t, Qualit\u00e4t und Nachhaltigkeit mit Jet Press 750S\t\t\t\t\t\t\t\t<\/p>\n\t\t\t\t\t\t\t<\/div>\n\t\t\t\t\t\t\t<img decoding=\"async\" class=\"chev\" src=\"https:\/\/print-emea.fujifilm.com\/wp-content\/themes\/poi\/media\/chev.svg\">\n\t\t\t\t\t\t<\/a>\n\t\t\t\t\t<\/div>\n\t\t\t\t\t\t\t\t\t\t<div class=\"col-md-6\">\n\t\t\t\t\t\t<a href=\"https:\/\/fujifilmprint.eu\/de\/resource\/delo-jet-press-fp790\/\">\n\t\t\t\t\t\t\t<div class=\"resource-img\" style=\"background-image: url('https:\/\/fujifilmprint.eu\/wp-content\/uploads\/2025\/09\/Delo_Facility_Image.jpg');background-size: cover;height: 280px;\">\n\t\t\t\t\t\t\t<\/div>\n\t\t\t\t\t\t\t<div class=\"resource-desc\">\n\t\t\t\t\t\t\t\t<h3>\n\t\t\t\t\t\t\t\t\tDelo: Jet Press FP790\t\t\t\t\t\t\t\t<\/h3>\n\t\t\t\t\t\t\t\t<p>\n\t\t\t\t\t\t\t\t\tDelo setzt auf die Jet Press FP790 von Fujifilm\t\t\t\t\t\t\t\t<\/p>\n\t\t\t\t\t\t\t<\/div>\n\t\t\t\t\t\t\t<img decoding=\"async\" class=\"chev\" src=\"https:\/\/print-emea.fujifilm.com\/wp-content\/themes\/poi\/media\/chev.svg\">\n\t\t\t\t\t\t<\/a>\n\t\t\t\t\t<\/div>\n\t\t\t\t\t\t\t\t\t\t<div class=\"col-md-6\">\n\t\t\t\t\t\t<a href=\"https:\/\/fujifilmprint.eu\/de\/resource\/indigo-ross-revoria-ec2100s\/\">\n\t\t\t\t\t\t\t<div class=\"resource-img\" style=\"background-image: url('https:\/\/fujifilmprint.eu\/wp-content\/uploads\/2025\/08\/Untitled-5-scaled.png');background-size: cover;height: 280px;\">\n\t\t\t\t\t\t\t<\/div>\n\t\t\t\t\t\t\t<div class=\"resource-desc\">\n\t\t\t\t\t\t\t\t<h3>\n\t\t\t\t\t\t\t\t\tIndigo Ross: Revoria EC2100S\t\t\t\t\t\t\t\t<\/h3>\n\t\t\t\t\t\t\t\t<p>\n\t\t\t\t\t\t\t\t\tL'agence de cr\u00e9ation d'impression bas\u00e9e au Royaume-Uni, Indigo Ross, investit dans la presse \u00e0 5 couleurs Fujifilm Revoria EC2100S. \t\t\t\t\t\t\t\t<\/p>\n\t\t\t\t\t\t\t<\/div>\n\t\t\t\t\t\t\t<img decoding=\"async\" class=\"chev\" src=\"https:\/\/print-emea.fujifilm.com\/wp-content\/themes\/poi\/media\/chev.svg\">\n\t\t\t\t\t\t<\/a>\n\t\t\t\t\t<\/div>\n\t\t\t\t\t\t\t\t\t\t<div class=\"col-md-6\">\n\t\t\t\t\t\t<a href=\"https:\/\/fujifilmprint.eu\/de\/resource\/xdp-digital-revoria-sc285s\/\">\n\t\t\t\t\t\t\t<div class=\"resource-img\" style=\"background-image: url('https:\/\/fujifilmprint.eu\/wp-content\/uploads\/2025\/08\/Robert_Jupp_Director_XDP-Digital-1-e1757589894612.jpg');background-size: cover;height: 280px;\">\n\t\t\t\t\t\t\t<\/div>\n\t\t\t\t\t\t\t<div class=\"resource-desc\">\n\t\t\t\t\t\t\t\t<h3>\n\t\t\t\t\t\t\t\t\tXDP Digital: Revoria SC285S\t\t\t\t\t\t\t\t<\/h3>\n\t\t\t\t\t\t\t\t<p>\n\t\t\t\t\t\t\t\t\tEine Premiere in Gro\u00dfbritannien: XDP Digital investiert in den 5-Farben-Drucker Revoria SC285S 5UPER COLOUR\t\t\t\t\t\t\t\t<\/p>\n\t\t\t\t\t\t\t<\/div>\n\t\t\t\t\t\t\t<img decoding=\"async\" class=\"chev\" src=\"https:\/\/print-emea.fujifilm.com\/wp-content\/themes\/poi\/media\/chev.svg\">\n\t\t\t\t\t\t<\/a>\n\t\t\t\t\t<\/div>\n\t\t\t\t\t\t\t\t\t\t<div class=\"col-md-6\">\n\t\t\t\t\t\t<a href=\"https:\/\/fujifilmprint.eu\/de\/resource\/the-science-behind-fujifilms-aquafuze-ink-technology\/\">\n\t\t\t\t\t\t\t<div class=\"resource-img\" style=\"background-image: url('https:\/\/fujifilmprint.eu\/wp-content\/uploads\/2025\/08\/DSC8397-scaled.jpg');background-size: cover;height: 280px;\">\n\t\t\t\t\t\t\t<\/div>\n\t\t\t\t\t\t\t<div class=\"resource-desc\">\n\t\t\t\t\t\t\t\t<h3>\n\t\t\t\t\t\t\t\t\tDie Wissenschaft hinter der AQUAFUZE-Tintentechnologie von Fujifilm\t\t\t\t\t\t\t\t<\/h3>\n\t\t\t\t\t\t\t\t<p>\n\t\t\t\t\t\t\t\t\tDie Wissenschaft hinter der AQUAFUZE-Tintentechnologie des Fujifilm\t\t\t\t\t\t\t\t<\/p>\n\t\t\t\t\t\t\t<\/div>\n\t\t\t\t\t\t\t<img decoding=\"async\" class=\"chev\" src=\"https:\/\/print-emea.fujifilm.com\/wp-content\/themes\/poi\/media\/chev.svg\">\n\t\t\t\t\t\t<\/a>\n\t\t\t\t\t<\/div>\n\t\t\t\t\t\t\t\t\t\t<div class=\"col-md-6\">\n\t\t\t\t\t\t<a href=\"https:\/\/fujifilmprint.eu\/de\/resource\/presson-acuity-ultra-hybrid-led\/\">\n\t\t\t\t\t\t\t<div class=\"resource-img\" style=\"background-image: url('https:\/\/fujifilmprint.eu\/wp-content\/uploads\/2025\/08\/IMG_0262-scaled.jpg');background-size: cover;height: 280px;\">\n\t\t\t\t\t\t\t<\/div>\n\t\t\t\t\t\t\t<div class=\"resource-desc\">\n\t\t\t\t\t\t\t\t<h3>\n\t\t\t\t\t\t\t\t\tPresseZu: Acuity Ultra Hybrid LED\t\t\t\t\t\t\t\t<\/h3>\n\t\t\t\t\t\t\t\t<p>\n\t\t\t\t\t\t\t\t\tPressOn investiert in die Acuity Ultra Hybrid LED von Fujifilm, um Geschwindigkeit, Zuverl\u00e4ssigkeit und Vielseitigkeit zu steigern\t\t\t\t\t\t\t\t<\/p>\n\t\t\t\t\t\t\t<\/div>\n\t\t\t\t\t\t\t<img decoding=\"async\" class=\"chev\" src=\"https:\/\/print-emea.fujifilm.com\/wp-content\/themes\/poi\/media\/chev.svg\">\n\t\t\t\t\t\t<\/a>\n\t\t\t\t\t<\/div>\n\t\t\t\t\t\t\t\t\t\t<div class=\"col-md-6\">\n\t\t\t\t\t\t<a href=\"https:\/\/fujifilmprint.eu\/de\/resource\/kall-kwik-revoria-ec2100s\/\">\n\t\t\t\t\t\t\t<div class=\"resource-img\" style=\"background-image: url('https:\/\/fujifilmprint.eu\/wp-content\/uploads\/2025\/07\/KKWGC_Team_Printer.jpg');background-size: cover;height: 280px;\">\n\t\t\t\t\t\t\t<\/div>\n\t\t\t\t\t\t\t<div class=\"resource-desc\">\n\t\t\t\t\t\t\t\t<h3>\n\t\t\t\t\t\t\t\t\tKall Kwik: Revoria EC2100S\t\t\t\t\t\t\t\t<\/h3>\n\t\t\t\t\t\t\t\t<p>\n\t\t\t\t\t\t\t\t\tKall Kwik Center investiert in die 5-Farben-Druckmaschine Revoria EC2100S 5UPER COLOUR von Fujifilm, um die Qualit\u00e4t und die Produktpalette f\u00fcr seine Kunden zu verbessern\t\t\t\t\t\t\t\t<\/p>\n\t\t\t\t\t\t\t<\/div>\n\t\t\t\t\t\t\t<img decoding=\"async\" class=\"chev\" src=\"https:\/\/print-emea.fujifilm.com\/wp-content\/themes\/poi\/media\/chev.svg\">\n\t\t\t\t\t\t<\/a>\n\t\t\t\t\t<\/div>\n\t\t\t\t\t\t\t\t\t\t<div class=\"col-md-6\">\n\t\t\t\t\t\t<a href=\"https:\/\/fujifilmprint.eu\/de\/resource\/grupo-grafico-acuity-prime-l\/\">\n\t\t\t\t\t\t\t<div class=\"resource-img\" style=\"background-image: url('https:\/\/fujifilmprint.eu\/wp-content\/uploads\/2025\/06\/DSC09666-scaled.jpg');background-size: cover;height: 280px;\">\n\t\t\t\t\t\t\t<\/div>\n\t\t\t\t\t\t\t<div class=\"resource-desc\">\n\t\t\t\t\t\t\t\t<h3>\n\t\t\t\t\t\t\t\t\tGrafische Gruppe: Acuity Prime L\t\t\t\t\t\t\t\t<\/h3>\n\t\t\t\t\t\t\t\t<p>\n\t\t\t\t\t\t\t\t\tGrupogr\u00e1fico erweitert Kapazit\u00e4t mit Acuity Prime L von Fujifilm zur Erf\u00fcllung wachsender Marktanforderungen\t\t\t\t\t\t\t\t<\/p>\n\t\t\t\t\t\t\t<\/div>\n\t\t\t\t\t\t\t<img decoding=\"async\" class=\"chev\" src=\"https:\/\/print-emea.fujifilm.com\/wp-content\/themes\/poi\/media\/chev.svg\">\n\t\t\t\t\t\t<\/a>\n\t\t\t\t\t<\/div>\n\t\t\t\t\t\t\t\t\t<\/div>\n\t\t\t<\/div>\n\t\t<\/div>\n\t<\/div>\n<\/section>\n\n<section id=\"dark-form\">\n\t<div id=\"footer-form\" class=\"container\">\n\t\t<h2>Haben Sie Fragen? Bitte kontaktieren Sie uns unten:<\/h2>\n\n\t\t \r\n\r\n  \r\n\r\n \r\n\r\n  \r\n\r\n \r\n\r\n<script src=\"\/\/info.fujifilm.eu\/js\/forms2\/js\/forms2.min.js\"><\/script> <form id=\"mktoForm_5275\" action=\"\"><input type=\"hidden\" name=\"trp-form-language\" value=\"de\"\/><\/form> <script>MktoForms2.loadForm(\"\/\/info.fujifilm.eu\", \"060-MIY-956\", 5275);<\/script> \r\n\r\n \r\n\r\n  \r\n\r\n \r\n\r\n  \r\n\r\n \r\n\r\n  \r\n\r\n \r\n\r\n  \r\n\r\n \r\n\r\n  \r\n\r\n \r\n\r\n  \r\n\r\n \n\t\t<div id=\"confirmform\" style=\"visibility:hidden;\">\n                            <p><strong>\n\t\t\t\t\tVielen Dank f\u00fcr Ihre Anfrage, jemand wird sich in K\u00fcrze mit Ihnen in Verbindung setzen.\t\t\t\t\t<\/strong><\/p>\n              \n        <\/div>\n\t<\/div>\n<\/section>","protected":false},"excerpt":{"rendered":"","protected":false},"author":1,"featured_media":0,"parent":0,"menu_order":0,"comment_status":"closed","ping_status":"closed","template":"","meta":{"inline_featured_image":false,"footnotes":""},"class_list":["post-4620","page","type-page","status-publish","hentry"],"acf":[],"yoast_head":"<!-- This site is optimized with the Yoast SEO plugin v22.0 - https:\/\/yoast.com\/wordpress\/plugins\/seo\/ -->\n<title>Resources - Fujifilm Print EMEA<\/title>\n<meta name=\"robots\" content=\"index, follow, max-snippet:-1, max-image-preview:large, max-video-preview:-1\" \/>\n<link rel=\"canonical\" href=\"https:\/\/fujifilmprint.eu\/de\/ressourcen\/\" \/>\n<meta property=\"og:locale\" content=\"de_DE\" \/>\n<meta property=\"og:type\" content=\"article\" \/>\n<meta property=\"og:title\" content=\"Resources - Fujifilm Print EMEA\" \/>\n<meta property=\"og:url\" content=\"https:\/\/fujifilmprint.eu\/de\/ressourcen\/\" \/>\n<meta property=\"og:site_name\" content=\"Fujifilm Print EMEA\" \/>\n<meta property=\"article:modified_time\" content=\"2024-03-27T11:39:44+00:00\" \/>\n<meta name=\"twitter:card\" content=\"summary_large_image\" \/>\n<script type=\"application\/ld+json\" class=\"yoast-schema-graph\">{\"@context\":\"https:\/\/schema.org\",\"@graph\":[{\"@type\":\"WebPage\",\"@id\":\"https:\/\/fujifilmprint.eu\/resources\/\",\"url\":\"https:\/\/fujifilmprint.eu\/resources\/\",\"name\":\"Resources - Fujifilm Print EMEA\",\"isPartOf\":{\"@id\":\"https:\/\/fujifilmprint.eu\/#website\"},\"datePublished\":\"2022-10-26T16:11:58+00:00\",\"dateModified\":\"2024-03-27T11:39:44+00:00\",\"breadcrumb\":{\"@id\":\"https:\/\/fujifilmprint.eu\/resources\/#breadcrumb\"},\"inLanguage\":\"de\",\"potentialAction\":[{\"@type\":\"ReadAction\",\"target\":[\"https:\/\/fujifilmprint.eu\/resources\/\"]}]},{\"@type\":\"BreadcrumbList\",\"@id\":\"https:\/\/fujifilmprint.eu\/resources\/#breadcrumb\",\"itemListElement\":[{\"@type\":\"ListItem\",\"position\":1,\"name\":\"Home\",\"item\":\"https:\/\/fujifilmprint.eu\/\"},{\"@type\":\"ListItem\",\"position\":2,\"name\":\"Resources\"}]},{\"@type\":\"WebSite\",\"@id\":\"https:\/\/fujifilmprint.eu\/#website\",\"url\":\"https:\/\/fujifilmprint.eu\/\",\"name\":\"Fujifilm Print EMEA\",\"description\":\"\",\"publisher\":{\"@id\":\"https:\/\/fujifilmprint.eu\/#organization\"},\"potentialAction\":[{\"@type\":\"SearchAction\",\"target\":{\"@type\":\"EntryPoint\",\"urlTemplate\":\"https:\/\/fujifilmprint.eu\/?s={search_term_string}\"},\"query-input\":\"required name=search_term_string\"}],\"inLanguage\":\"de\"},{\"@type\":\"Organization\",\"@id\":\"https:\/\/fujifilmprint.eu\/#organization\",\"name\":\"Fujifilm Print EMEA\",\"url\":\"https:\/\/fujifilmprint.eu\/\",\"logo\":{\"@type\":\"ImageObject\",\"inLanguage\":\"de\",\"@id\":\"https:\/\/fujifilmprint.eu\/#\/schema\/logo\/image\/\",\"url\":\"https:\/\/fujifilmprint.eu\/wp-content\/uploads\/2022\/07\/fujifilm-1.png\",\"contentUrl\":\"https:\/\/fujifilmprint.eu\/wp-content\/uploads\/2022\/07\/fujifilm-1.png\",\"width\":416,\"height\":70,\"caption\":\"Fujifilm Print EMEA\"},\"image\":{\"@id\":\"https:\/\/fujifilmprint.eu\/#\/schema\/logo\/image\/\"}}]}<\/script>\n<!-- \/ Yoast SEO plugin. -->","yoast_head_json":{"title":"Ressourcen \u2013 Fujifilm Print EMEA","robots":{"index":"index","follow":"follow","max-snippet":"max-snippet:-1","max-image-preview":"max-image-preview:large","max-video-preview":"max-video-preview:-1"},"canonical":"https:\/\/fujifilmprint.eu\/de\/ressourcen\/","og_locale":"de_DE","og_type":"article","og_title":"Resources - Fujifilm Print EMEA","og_url":"https:\/\/fujifilmprint.eu\/de\/ressourcen\/","og_site_name":"Fujifilm Print EMEA","article_modified_time":"2024-03-27T11:39:44+00:00","twitter_card":"summary_large_image","schema":{"@context":"https:\/\/schema.org","@graph":[{"@type":"WebPage","@id":"https:\/\/fujifilmprint.eu\/resources\/","url":"https:\/\/fujifilmprint.eu\/resources\/","name":"Ressourcen \u2013 Fujifilm Print EMEA","isPartOf":{"@id":"https:\/\/fujifilmprint.eu\/#website"},"datePublished":"2022-10-26T16:11:58+00:00","dateModified":"2024-03-27T11:39:44+00:00","breadcrumb":{"@id":"https:\/\/fujifilmprint.eu\/resources\/#breadcrumb"},"inLanguage":"de","potentialAction":[{"@type":"ReadAction","target":["https:\/\/fujifilmprint.eu\/resources\/"]}]},{"@type":"BreadcrumbList","@id":"https:\/\/fujifilmprint.eu\/resources\/#breadcrumb","itemListElement":[{"@type":"ListItem","position":1,"name":"Home","item":"https:\/\/fujifilmprint.eu\/"},{"@type":"ListItem","position":2,"name":"Resources"}]},{"@type":"WebSite","@id":"https:\/\/fujifilmprint.eu\/#website","url":"https:\/\/fujifilmprint.eu\/","name":"Fujifilm Print EMEA","description":"","publisher":{"@id":"https:\/\/fujifilmprint.eu\/#organization"},"potentialAction":[{"@type":"SearchAction","target":{"@type":"EntryPoint","urlTemplate":"https:\/\/fujifilmprint.eu\/?s={search_term_string}"},"query-input":"required name=search_term_string"}],"inLanguage":"de"},{"@type":"Organization","@id":"https:\/\/fujifilmprint.eu\/#organization","name":"Fujifilm Print EMEA","url":"https:\/\/fujifilmprint.eu\/","logo":{"@type":"ImageObject","inLanguage":"de","@id":"https:\/\/fujifilmprint.eu\/#\/schema\/logo\/image\/","url":"https:\/\/fujifilmprint.eu\/wp-content\/uploads\/2022\/07\/fujifilm-1.png","contentUrl":"https:\/\/fujifilmprint.eu\/wp-content\/uploads\/2022\/07\/fujifilm-1.png","width":416,"height":70,"caption":"Fujifilm Print EMEA"},"image":{"@id":"https:\/\/fujifilmprint.eu\/#\/schema\/logo\/image\/"}}]}},"_links":{"self":[{"href":"https:\/\/fujifilmprint.eu\/de\/wp-json\/wp\/v2\/pages\/4620","targetHints":{"allow":["GET"]}}],"collection":[{"href":"https:\/\/fujifilmprint.eu\/de\/wp-json\/wp\/v2\/pages"}],"about":[{"href":"https:\/\/fujifilmprint.eu\/de\/wp-json\/wp\/v2\/types\/page"}],"author":[{"embeddable":true,"href":"https:\/\/fujifilmprint.eu\/de\/wp-json\/wp\/v2\/users\/1"}],"replies":[{"embeddable":true,"href":"https:\/\/fujifilmprint.eu\/de\/wp-json\/wp\/v2\/comments?post=4620"}],"version-history":[{"count":12,"href":"https:\/\/fujifilmprint.eu\/de\/wp-json\/wp\/v2\/pages\/4620\/revisions"}],"predecessor-version":[{"id":18940,"href":"https:\/\/fujifilmprint.eu\/de\/wp-json\/wp\/v2\/pages\/4620\/revisions\/18940"}],"wp:attachment":[{"href":"https:\/\/fujifilmprint.eu\/de\/wp-json\/wp\/v2\/media?parent=4620"}],"curies":[{"name":"wp","href":"https:\/\/api.w.org\/{rel}","templated":true}]}}