{"id":21038,"date":"2025-10-23T14:30:04","date_gmt":"2025-10-23T13:30:04","guid":{"rendered":"https:\/\/staging.fujifilmprint.eu\/?page_id=21038"},"modified":"2025-11-13T12:32:01","modified_gmt":"2025-11-13T11:32:01","slug":"collection-services","status":"publish","type":"page","link":"https:\/\/fujifilmprint.eu\/de\/collection-services\/","title":{"rendered":"Inkassodienste"},"content":{"rendered":"<section id=\"black-header\">\n\t<div class=\"container-fluid black-pt\" style=\"background-image: url('https:\/\/fujifilmprint.eu\/wp-content\/uploads\/2025\/10\/Flower-sustainabilityAdobeStock_585179623-e1755096172888.jpg');background-size: cover;padding: 0;\">\n\t<div class=\"overlay\" style=\"padding: 200px 0;\">\t\t<div class=\"container\">\n\t\t\t<h2 style=\"line-height: 80px;\">\n\t\t\t\tInkassodienste\t\t\t<\/h2>\n\t\t\t<h3>\n\t\t\t\tSammeln, Wiederverwenden und Recyceln: Fujifilms kreislauforientierter Ansatz\t\t\t<\/h3>\n\t\t<\/div>\n\t<\/div>\t<\/div>\n<\/section>\n\n<div style=\"height:50px;\">\n<\/div>\n\n<section id=\"txt-header\">\n\t<div class=\"container block-text-header\">\n\t\t<h3><\/h3>\n\t\t<h2>Ressourcenkreislauf f\u00f6rdern<\/h2>\n\t\t<p><p>Fujifilm hat eine Recyclingpolitik umgesetzt, die auf 'Null Abfall' abzielt und den Ressourcenkreislauf f\u00f6rdert, indem seit 1995 verbrauchte Ger\u00e4te und Produkte von Kunden gesammelt, wiederverwendet und recycelt werden. Diese Politik konzentriert sich darauf, den Einsatz neuer Ressourcen zu reduzieren und den Ressourcenkreislauf zu f\u00f6rdern, indem Teile aus gesammelten gebrauchten Produkten wiederverwendet werden.<\/p>\n<p><img loading=\"lazy\" decoding=\"async\" class=\"alignright\" src=\"https:\/\/office-staging.fujifilmprint.eu\/wp-content\/uploads\/2025\/09\/Circular-Manufacturing-Center-building-1024x731.jpg\" alt=\"\" width=\"585\" height=\"418\" \/><\/p>\n<p>Im Jahr 2024 k\u00fcndigte Fujifilm die Gr\u00fcndung des Circular Manufacturing Centers am Standort FUJIFILM Manufacturing Europe B.V. in den Niederlanden an, um den Ressourcenkreislauf in Europa zu f\u00f6rdern. Als ersten Schritt konzentriert sich das neue Fertigungszentrum auf das Sammeln gebrauchter Tonerkartuschen, die nach der Sammlung zerlegt, gereinigt und inspiziert werden, um dann als neue Tonerkartuschen f\u00fcr den Versand innerhalb der europ\u00e4ischen Region wiederhergestellt zu werden. In Zukunft plant Fujifilm, diese Wiederaufbereitungsprozesse auf andere Produkte auszuweiten, wie z.B. wiederaufbereitete Multifunktionsdrucker  und Ersatzteile f\u00fcr Produktionsdrucker.<\/p>\n<h6 class=\"s8\"><\/h6>\n<\/p>\n\t<\/div>\n<\/section>\n\n<div style=\"height:20px;\">\n<\/div>\n\n<section id=\"txt-header\">\n\t<div class=\"container block-text-header\">\n\t\t<h3><\/h3>\n\t\t<h2><\/h2>\n\t\t<p><p><img loading=\"lazy\" decoding=\"async\" class=\"alignleft wp-image-21437\" style=\"font-family: Poppins, sans-serif; font-size: 18px;\" src=\"https:\/\/office-staging.fujifilmprint.eu\/wp-content\/uploads\/2025\/09\/Circular-Manufacturing-Center-toner-731x1024.jpg\" alt=\"\" width=\"351\" height=\"491\" \/><\/p>\n<p>Dar\u00fcber hinaus bezieht FUJIFILM Manufacturing Europe B.V. seinen gesamten Strom aus der eigenen Windkraftanlage vor Ort und von einem gekauften Windkraftunternehmen. Daher kann das neu gegr\u00fcndete Circular Manufacturing Center auch praktisch null CO2 Emissionen aus dem verwendeten Strom erreichen. FUJIFILM Manufacturing Europe B.V. hat eine Geschichte von mehr als 40 Jahren in der Herstellung verschiedener Fujifilm-Produkte, und seine Lage in den Niederlanden macht es gut positioniert, um Produkte effizient \u00fcber den gesamten europ\u00e4ischen Kontinent zu versenden.<\/p>\n<p>Mit der Er\u00f6ffnung des Circular Manufacturing Centers in Europa wird Fujifilm seine Aktivit\u00e4ten im Ressourcenkreislauf verst\u00e4rken, um zur F\u00f6rderung der Kreislaufwirtschaft beizutragen.<\/p>\n<h6 class=\"s8\"><span class=\"s7\">MFP-Ger\u00e4te werden aus gebrauchten Produkten wiederaufbereitet, die von Kunden gesammelt werden. Die Produkte werden zerlegt, gereinigt und inspiziert, und alle Teile, die nicht einem bestimmten Qualit\u00e4tsstandard entsprechen, werden ersetzt.<\/span><\/h6>\n<\/p>\n\t<\/div>\n<\/section>\n\n<div style=\"height:100px;\">\n<\/div>\n\n<\/p>\n\n\n<div id=\"download\"><\/div>\n\n<section id=\"small-cta\">\n\n<!-- Standard Block -->\n    <div class=\"container\">\n        <div class=\"row\">\n            <div class=\"col-md-6 img-bg\" style=\"background-image: url(https:\/\/fujifilmprint.eu\/wp-content\/uploads\/2025\/10\/sustainabilitybrochure-ctaiamge-1000x527-1.jpg);\">\n            <\/div>\n            <div class=\"col-md-6 green\">\n                <h3>Inkassodienste<\/h3>\n                <p><\/p>\n                                    <a href=\"https:\/\/fuji.takeback.eu\/order\/region\" id=\"btnOpenForm\" class=\"btn btn-purple\" style=\"margin: 0\">Klicken Sie hier, um mehr zu erfahren<\/a>\n                            <\/div>\n        <\/div>\n    <\/div>\n\t\n\n<\/section>\n\n\n\n<!-- Single Pop-up -->\n<div id=\"popup-\" class=\"popup\">\n\t<div class=\"popup-content dark-form\" id=\"dark-form\">\n\t\t<div class=\"event-header\">\n\t\t\t<h2>\n\t\t\t\t\t\t\t\n\t\t\t\t\t\t\t<\/h2>\n\t\t<\/div>\n\t\t\n\t\t\t\t<div id=\"confirmform\" style=\"visibility:hidden;\">\n\t\t\t\t\t\t\t<p><strong>Vielen Dank f\u00fcr Ihre Anfrage, jemand wird sich in K\u00fcrze mit Ihnen in Verbindung setzen.<\/strong><\/p>\n\t\t\t\t\t<\/div>\n\t\t\t\t\n\t\t<span class=\"fade-out main-btn-circle\">\u2573<\/span>\n\t<\/div>\n<\/div>\n\t\n\n\n<p>\n\n\n<div style=\"height:80px;\">\n<\/div>\n\n<section id=\"dark-form\">\n\t<div id=\"footer-form\" class=\"container\">\n\t\t<h2>Haben Sie Fragen? Bitte kontaktieren Sie uns unten:<\/h2>\n\n\t\t \r\n\r\n  \r\n\r\n \r\n\r\n  \r\n\r\n \r\n\r\n<script src=\"\/\/info.fujifilm.eu\/js\/forms2\/js\/forms2.min.js\"><\/script> <form id=\"mktoForm_5275\" action=\"\"><input type=\"hidden\" name=\"trp-form-language\" value=\"de\"\/><\/form> <script>MktoForms2.loadForm(\"\/\/info.fujifilm.eu\", \"060-MIY-956\", 5275);<\/script> \r\n\r\n \r\n\r\n  \r\n\r\n \r\n\r\n  \r\n\r\n \r\n\r\n  \r\n\r\n \r\n\r\n  \r\n\r\n \r\n\r\n  \r\n\r\n \r\n\r\n  \r\n\r\n \n\t\t<div id=\"confirmform\" style=\"visibility:hidden;\">\n                            <p><strong>\n\t\t\t\t\tVielen Dank f\u00fcr Ihre Anfrage, jemand wird sich in K\u00fcrze mit Ihnen in Verbindung setzen.\t\t\t\t\t<\/strong><\/p>\n              \n        <\/div>\n\t<\/div>\n<\/section>","protected":false},"excerpt":{"rendered":"","protected":false},"author":12,"featured_media":0,"parent":0,"menu_order":0,"comment_status":"closed","ping_status":"closed","template":"","meta":{"inline_featured_image":false,"footnotes":""},"class_list":["post-21038","page","type-page","status-publish","hentry"],"acf":[],"yoast_head":"<!-- This site is optimized with the Yoast SEO plugin v22.0 - https:\/\/yoast.com\/wordpress\/plugins\/seo\/ -->\n<title>Collection Services - Fujifilm Print EMEA<\/title>\n<meta name=\"robots\" content=\"index, follow, max-snippet:-1, max-image-preview:large, max-video-preview:-1\" \/>\n<link rel=\"canonical\" href=\"https:\/\/fujifilmprint.eu\/de\/collection-services\/\" \/>\n<meta property=\"og:locale\" content=\"de_DE\" \/>\n<meta property=\"og:type\" content=\"article\" \/>\n<meta property=\"og:title\" content=\"Collection Services - Fujifilm Print EMEA\" \/>\n<meta property=\"og:url\" content=\"https:\/\/fujifilmprint.eu\/de\/collection-services\/\" \/>\n<meta property=\"og:site_name\" content=\"Fujifilm Print EMEA\" \/>\n<meta property=\"article:modified_time\" content=\"2025-11-13T11:32:01+00:00\" \/>\n<meta name=\"twitter:card\" content=\"summary_large_image\" \/>\n<meta name=\"twitter:label1\" content=\"Gesch\u00e4tzte Lesezeit\" \/>\n\t<meta name=\"twitter:data1\" content=\"1\u00a0Minute\" \/>\n<script type=\"application\/ld+json\" class=\"yoast-schema-graph\">{\"@context\":\"https:\/\/schema.org\",\"@graph\":[{\"@type\":\"WebPage\",\"@id\":\"https:\/\/fujifilmprint.eu\/collection-services\/\",\"url\":\"https:\/\/fujifilmprint.eu\/collection-services\/\",\"name\":\"Collection Services - Fujifilm Print EMEA\",\"isPartOf\":{\"@id\":\"https:\/\/fujifilmprint.eu\/#website\"},\"datePublished\":\"2025-10-23T13:30:04+00:00\",\"dateModified\":\"2025-11-13T11:32:01+00:00\",\"breadcrumb\":{\"@id\":\"https:\/\/fujifilmprint.eu\/collection-services\/#breadcrumb\"},\"inLanguage\":\"de\",\"potentialAction\":[{\"@type\":\"ReadAction\",\"target\":[\"https:\/\/fujifilmprint.eu\/collection-services\/\"]}]},{\"@type\":\"BreadcrumbList\",\"@id\":\"https:\/\/fujifilmprint.eu\/collection-services\/#breadcrumb\",\"itemListElement\":[{\"@type\":\"ListItem\",\"position\":1,\"name\":\"Home\",\"item\":\"https:\/\/fujifilmprint.eu\/\"},{\"@type\":\"ListItem\",\"position\":2,\"name\":\"Collection Services\"}]},{\"@type\":\"WebSite\",\"@id\":\"https:\/\/fujifilmprint.eu\/#website\",\"url\":\"https:\/\/fujifilmprint.eu\/\",\"name\":\"Fujifilm Print EMEA\",\"description\":\"\",\"publisher\":{\"@id\":\"https:\/\/fujifilmprint.eu\/#organization\"},\"potentialAction\":[{\"@type\":\"SearchAction\",\"target\":{\"@type\":\"EntryPoint\",\"urlTemplate\":\"https:\/\/fujifilmprint.eu\/?s={search_term_string}\"},\"query-input\":\"required name=search_term_string\"}],\"inLanguage\":\"de\"},{\"@type\":\"Organization\",\"@id\":\"https:\/\/fujifilmprint.eu\/#organization\",\"name\":\"Fujifilm Print EMEA\",\"url\":\"https:\/\/fujifilmprint.eu\/\",\"logo\":{\"@type\":\"ImageObject\",\"inLanguage\":\"de\",\"@id\":\"https:\/\/fujifilmprint.eu\/#\/schema\/logo\/image\/\",\"url\":\"https:\/\/fujifilmprint.eu\/wp-content\/uploads\/2022\/07\/fujifilm-1.png\",\"contentUrl\":\"https:\/\/fujifilmprint.eu\/wp-content\/uploads\/2022\/07\/fujifilm-1.png\",\"width\":416,\"height\":70,\"caption\":\"Fujifilm Print EMEA\"},\"image\":{\"@id\":\"https:\/\/fujifilmprint.eu\/#\/schema\/logo\/image\/\"}}]}<\/script>\n<!-- \/ Yoast SEO plugin. -->","yoast_head_json":{"title":"Collection Services - Fujifilm Druck EMEA","robots":{"index":"index","follow":"follow","max-snippet":"max-snippet:-1","max-image-preview":"max-image-preview:large","max-video-preview":"max-video-preview:-1"},"canonical":"https:\/\/fujifilmprint.eu\/de\/collection-services\/","og_locale":"de_DE","og_type":"article","og_title":"Collection Services - Fujifilm Print EMEA","og_url":"https:\/\/fujifilmprint.eu\/de\/collection-services\/","og_site_name":"Fujifilm Print EMEA","article_modified_time":"2025-11-13T11:32:01+00:00","twitter_card":"summary_large_image","twitter_misc":{"Gesch\u00e4tzte Lesezeit":"1\u00a0Minute"},"schema":{"@context":"https:\/\/schema.org","@graph":[{"@type":"WebPage","@id":"https:\/\/fujifilmprint.eu\/collection-services\/","url":"https:\/\/fujifilmprint.eu\/collection-services\/","name":"Collection Services - Fujifilm Druck EMEA","isPartOf":{"@id":"https:\/\/fujifilmprint.eu\/#website"},"datePublished":"2025-10-23T13:30:04+00:00","dateModified":"2025-11-13T11:32:01+00:00","breadcrumb":{"@id":"https:\/\/fujifilmprint.eu\/collection-services\/#breadcrumb"},"inLanguage":"de","potentialAction":[{"@type":"ReadAction","target":["https:\/\/fujifilmprint.eu\/collection-services\/"]}]},{"@type":"BreadcrumbList","@id":"https:\/\/fujifilmprint.eu\/collection-services\/#breadcrumb","itemListElement":[{"@type":"ListItem","position":1,"name":"Home","item":"https:\/\/fujifilmprint.eu\/"},{"@type":"ListItem","position":2,"name":"Collection Services"}]},{"@type":"WebSite","@id":"https:\/\/fujifilmprint.eu\/#website","url":"https:\/\/fujifilmprint.eu\/","name":"Fujifilm Print EMEA","description":"","publisher":{"@id":"https:\/\/fujifilmprint.eu\/#organization"},"potentialAction":[{"@type":"SearchAction","target":{"@type":"EntryPoint","urlTemplate":"https:\/\/fujifilmprint.eu\/?s={search_term_string}"},"query-input":"required name=search_term_string"}],"inLanguage":"de"},{"@type":"Organization","@id":"https:\/\/fujifilmprint.eu\/#organization","name":"Fujifilm Print EMEA","url":"https:\/\/fujifilmprint.eu\/","logo":{"@type":"ImageObject","inLanguage":"de","@id":"https:\/\/fujifilmprint.eu\/#\/schema\/logo\/image\/","url":"https:\/\/fujifilmprint.eu\/wp-content\/uploads\/2022\/07\/fujifilm-1.png","contentUrl":"https:\/\/fujifilmprint.eu\/wp-content\/uploads\/2022\/07\/fujifilm-1.png","width":416,"height":70,"caption":"Fujifilm Print EMEA"},"image":{"@id":"https:\/\/fujifilmprint.eu\/#\/schema\/logo\/image\/"}}]}},"_links":{"self":[{"href":"https:\/\/fujifilmprint.eu\/de\/wp-json\/wp\/v2\/pages\/21038","targetHints":{"allow":["GET"]}}],"collection":[{"href":"https:\/\/fujifilmprint.eu\/de\/wp-json\/wp\/v2\/pages"}],"about":[{"href":"https:\/\/fujifilmprint.eu\/de\/wp-json\/wp\/v2\/types\/page"}],"author":[{"embeddable":true,"href":"https:\/\/fujifilmprint.eu\/de\/wp-json\/wp\/v2\/users\/12"}],"replies":[{"embeddable":true,"href":"https:\/\/fujifilmprint.eu\/de\/wp-json\/wp\/v2\/comments?post=21038"}],"version-history":[{"count":21,"href":"https:\/\/fujifilmprint.eu\/de\/wp-json\/wp\/v2\/pages\/21038\/revisions"}],"predecessor-version":[{"id":21131,"href":"https:\/\/fujifilmprint.eu\/de\/wp-json\/wp\/v2\/pages\/21038\/revisions\/21131"}],"wp:attachment":[{"href":"https:\/\/fujifilmprint.eu\/de\/wp-json\/wp\/v2\/media?parent=21038"}],"curies":[{"name":"wp","href":"https:\/\/api.w.org\/{rel}","templated":true}]}}