{"id":1767,"date":"2022-09-06T14:21:28","date_gmt":"2022-09-06T14:21:28","guid":{"rendered":"https:\/\/fujifilmprint.eu\/?page_id=1767"},"modified":"2025-03-20T15:26:25","modified_gmt":"2025-03-20T14:26:25","slug":"sustainability","status":"publish","type":"page","link":"https:\/\/fujifilmprint.eu\/de\/sustainability\/","title":{"rendered":"Nachhaltigkeit"},"content":{"rendered":"<section id=\"black-header\">\n\t<div class=\"container-fluid black-pt\" style=\"background-image: url('https:\/\/fujifilmprint.eu\/wp-content\/uploads\/2024\/03\/revoriagc12500-sustainabilitybanner-2500x800-2.jpg');background-size: cover;padding: 0;\">\n\t<div class=\"overlay\" style=\"padding: 200px 0;\">\t\t<div class=\"container\">\n\t\t\t<h2 style=\"line-height: 80px;\">\n\t\t\t\tNachhaltigkeit\t\t\t<\/h2>\n\t\t\t<h3>\n\t\t\t\tFokussierung auf eine gr\u00fcnere Zukunft\t\t\t<\/h3>\n\t\t<\/div>\n\t<\/div>\t<\/div>\n<\/section>\n\n<div style=\"height:80px;\">\n<\/div>\n\n<section id=\"txt-header\">\n\t<div class=\"container block-text-header\">\n\t\t<h3>Fokussierung auf eine gr\u00fcnere Zukunft<\/h3>\n\t\t<h2>Hauptziele<\/h2>\n\t\t<p><\/p>\n\t<\/div>\n<\/section>\n\n\n<section id=\"txt-media\">\n\t<div class=\"container\">\n\t\t<div class=\"row\">\n\t\t\t<div class=\"col-md-12 my-auto order-md-2\">\n\n\t\t\t\t\n\t\t\t\t<div >\n\t\t\t\t\t<p>Mit dem Gesch\u00e4ftsjahr 2030 als langfristigem Ziel legt dieser Plan den Grundstein f\u00fcr die Unternehmensf\u00fchrungsstrategien der Fujifilm-Gruppe f\u00fcr nachhaltiges Wachstum. In diesem Plan haben wir Ziele in den folgenden vier Schwerpunktbereichen sowie in den Bereichen Lieferkette und Governance festgelegt, die die Grundlage unserer Gesch\u00e4ftsaktivit\u00e4ten bilden.<\/p>\n\t\t\t\t\t\t\t\t\t<\/div>\n\n\t\t\t<\/div>\n\t\t\t\t\t<\/div>\n\t<\/div>\n<\/section>\n\n<section id=\"tc-icons\">\n\t<div class=\"container block-three-column-icons\">\n\t\t<h2><\/h2>\n\t\t<div class=\"row\">\n\t\t\t\t\t\t\t\t\t\t\t\t<div class=\"col-sm\">\n\t\t\t\t\t\t\t<div class=\"poi-icons\" style=\"\">\n\t\t\t\t\t\t\t\t<img decoding=\"async\" src=\"\/wp-content\/themes\/poi\/media\/icons\/Envorinment.svg\" style=\"filter: brightness(0);\" \/>\n\t\t\t\t\t\t\t<\/div>\n\t\t\t\t\t\t<p>\n\t\t\t\t\t\t\t<strong>Umfeld <\/strong>\n\t\t\t\t\t\t<\/p>\n\t\t\t\t\t\t\t<p style=\"padding: 0 15px;\">Tragen Sie zur L\u00f6sung von Umweltproblemen bei, indem Sie unsere globalen Umweltauswirkungen reduzieren<\/p>\n\t\t\t\t\t<\/div>\n\t\t\t\t\t\t\t\t\t<div class=\"col-sm\">\n\t\t\t\t\t\t\t<div class=\"poi-icons\" style=\"\">\n\t\t\t\t\t\t\t\t<img decoding=\"async\" src=\"\/wp-content\/themes\/poi\/media\/icons\/Health.svg\" style=\"filter: brightness(0);\" \/>\n\t\t\t\t\t\t\t<\/div>\n\t\t\t\t\t\t<p>\n\t\t\t\t\t\t\t<strong>Gesundheit<\/strong>\n\t\t\t\t\t\t<\/p>\n\t\t\t\t\t\t\t<p style=\"padding: 0 15px;\">Schaffen Sie eine ges\u00fcndere Gesellschaft durch Pr\u00e4ventions-, Diagnose- und Behandlungsprozesse im Dienste der Gesundheitsversorgung<\/p>\n\t\t\t\t\t<\/div>\n\t\t\t\t\t\t\t\t\t<\/div>\n\t<\/div>\n<\/section>\n\n\n\n<section id=\"tc-icons\">\n\t<div class=\"container block-three-column-icons\">\n\t\t<h2><\/h2>\n\t\t<div class=\"row\">\n\t\t\t\t\t\t\t\t\t\t\t\t<div class=\"col-sm\">\n\t\t\t\t\t\t\t<div class=\"poi-icons\" style=\"\">\n\t\t\t\t\t\t\t\t<img decoding=\"async\" src=\"\/wp-content\/themes\/poi\/media\/icons\/Daily_Life.svg\" style=\"filter: brightness(0);\" \/>\n\t\t\t\t\t\t\t<\/div>\n\t\t\t\t\t\t<p>\n\t\t\t\t\t\t\t<strong>Alltag<\/strong>\n\t\t\t\t\t\t<\/p>\n\t\t\t\t\t\t\t<p style=\"padding: 0 15px;\">Unterst\u00fctzen Sie materielle und immaterielle Aspekte der sozialen Infrastruktur durch unsere Produkte, Dienstleistungen und Technologien<\/p>\n\t\t\t\t\t<\/div>\n\t\t\t\t\t\t\t\t\t<div class=\"col-sm\">\n\t\t\t\t\t\t\t<div class=\"poi-icons\" style=\"\">\n\t\t\t\t\t\t\t\t<img decoding=\"async\" src=\"\/wp-content\/themes\/poi\/media\/icons\/Work_Style.svg\" style=\"filter: brightness(0);\" \/>\n\t\t\t\t\t\t\t<\/div>\n\t\t\t\t\t\t<p>\n\t\t\t\t\t\t\t<strong>Arbeitsstil<\/strong>\n\t\t\t\t\t\t<\/p>\n\t\t\t\t\t\t\t<p style=\"padding: 0 15px;\">F\u00f6rdern Sie den sozialen Wandel, um die Motivation am Arbeitsplatz zu verbessern, indem Sie unsere interne Reform des Arbeitsstils ausweiten<\/p>\n\t\t\t\t\t<\/div>\n\t\t\t\t\t\t\t\t\t<\/div>\n\t<\/div>\n<\/section>\n\n\n\n\n<section id=\"txt-media\">\n\t<div class=\"container\">\n\t\t<div class=\"row\">\n\t\t\t<div class=\"col-md-12 my-auto order-md-2\">\n\n\t\t\t\t\n\t\t\t\t<div >\n\t\t\t\t\t<p>Diese Ziele dienen als Wegweiser f\u00fcr unser Ziel, durch den doppelten Standpunkt, soziale Probleme durch unsere Gesch\u00e4ftsaktivit\u00e4ten zu l\u00f6sen und die Gesellschaft und die Umwelt in unseren Gesch\u00e4ftsprozessen zu ber\u00fccksichtigen, zur Verwirklichung einer nachhaltigen Gesellschaft beizutragen.<\/p>\n\t\t\t\t\t\t\t\t\t<\/div>\n\n\t\t\t<\/div>\n\t\t\t\t\t<\/div>\n\t<\/div>\n<\/section>\n\n<div style=\"height:50px;\">\n<\/div>\n\n<section id=\"sus-block\">\r\n    <div class=\"container-fluid\">\r\n        <div class=\"container\">\r\n            <h3>Nachhaltigkeit<\/h3>\r\n            <div class=\"row\">\r\n                <div class=\"col-md-9\">\r\n                <h2 class=\"fh2\">Digitale Drucktechnologie f\u00fcr eine Kreislaufwirtschaft<\/h2>\r\n                <\/div>\r\n                <div class=\"col-md-3\">\r\n                <img decoding=\"async\" src=\"https:\/\/print-emea.fujifilm.com\/wp-content\/uploads\/2022\/07\/ecology.png\" \/>\r\n                <\/div>\r\n            <\/div>\r\n            \r\n            <h2 class=\"sh2\">Finden Sie heraus, wie Druck in einer Zeit zunehmender Umweltbedenken und CO2-Reduktionsziele \u201eNetto-Null\u201c nachhaltiger sein kann<\/h2>\r\n            <a class=\"btn btn-outline-dark\" href=\"https:\/\/fujifilmprint.eu\/de\/resource\/digital-print-for-a-circular-economy\/\">Lesen Sie das Whitepaper<\/a>\r\n        <\/div>\r\n    <\/div>\r\n<\/section>\n\n<div style=\"height:50px;\">\n<\/div>\n\n<section id=\"small-cta\">\n\n<!-- Standard Block -->\n    <div class=\"container\">\n        <div class=\"row\">\n            <div class=\"col-md-6 img-bg\" style=\"background-image: url(https:\/\/fujifilmprint.eu\/wp-content\/uploads\/2022\/10\/sustainability_brochure_image.jpg);\">\n            <\/div>\n            <div class=\"col-md-6 green\">\n                <h3>Nachhaltigkeitsbericht<\/h3>\n                <p>Erfahren Sie mehr \u00fcber Fujifilms Engagement f\u00fcr eine gr\u00fcnere Zukunft<\/p>\n                                    <a href=\"https:\/\/fujifilmprint.eu\/wp-content\/uploads\/2022\/10\/sustainabilityreport2022_en.pdf\" id=\"btnOpenForm\" class=\"btn btn-purple\" style=\"margin: 0\">Hier herunterladen<\/a>\n                            <\/div>\n        <\/div>\n    <\/div>\n\t\n\n<\/section>\n\n\n\n<!-- Single Pop-up -->\n<div id=\"popup-\" class=\"popup\">\n\t<div class=\"popup-content dark-form\" id=\"dark-form\">\n\t\t<div class=\"event-header\">\n\t\t\t<h2>\n\t\t\t\t\t\t\t\n\t\t\t\t\t\t\t<\/h2>\n\t\t<\/div>\n\t\t\n\t\t\t\t<div id=\"confirmform\" style=\"visibility:hidden;\">\n\t\t\t\t\t\t\t<p><strong>Vielen Dank f\u00fcr Ihre Anfrage, jemand wird sich in K\u00fcrze mit Ihnen in Verbindung setzen.<\/strong><\/p>\n\t\t\t\t\t<\/div>\n\t\t\t\t\n\t\t<span class=\"fade-out main-btn-circle\">\u2573<\/span>\n\t<\/div>\n<\/div>\n\t\n\n\n<div style=\"height:50px;\">\n<\/div>\n\n\n<section id=\"articles-block\">\n\t<div class=\"container\">\n\t\t<div class=\"center\">\n\t\t\t<h3>Artikel<\/h3>\n\t\t\t<h2>Neues Schlaglicht auf Fujifilm<\/h2>\n\t\t\t<p>Erfahren Sie, was uns so besonders macht<\/p>\n\t\t<\/div>\n\t\t<div class=\"row\">\n\t\t\n\t\t<div class=\"col-md-4 d-flex flex-column\">\n\t\t\t<img decoding=\"async\" class=\"img-004\" src=\"https:\/\/fujifilmprint.eu\/wp-content\/uploads\/2024\/10\/Recycling2-scaled-e1729065014700-350x180.jpg\" \/>\n\t\t\t<a href=\"https:\/\/fujifilmprint.eu\/de\/resource\/zero-to-landfill-certification\/\" class=\"flex-grow-1\" style=\"text-decoration: none;color: black;\">\n                <div class=\"btn-inner\" style=\"height: 100%\">\n                    <h4>\u2018Zero to Landfill\u2019-Zertifizierung f\u00fcr Druckfarbenstandort<\/h4>\n                    <img decoding=\"async\" src=\"https:\/\/fujifilmprint.eu\/wp-content\/themes\/poi\/media\/chev.svg\"\/>\n\t\t\t    <\/div>\n            <\/a>\n\t\t<\/div>\n\t\t\n\t\t<div class=\"col-md-4 d-flex flex-column\">\n\t\t\t<img decoding=\"async\" class=\"img-004\" src=\"https:\/\/fujifilmprint.eu\/wp-content\/uploads\/2023\/05\/potwasharticle-featured-1000x563-1-350x180.jpg\" \/>\n\t\t\t<a href=\"https:\/\/fujifilmprint.eu\/de\/resource\/first-potwash-at-broadstairs-site\/\" class=\"flex-grow-1\" style=\"text-decoration: none;color: black;\">\n                <div class=\"btn-inner\" style=\"height: 100%\">\n                    <h4>Weltneuheit: Nachhaltige Reinigungsl\u00f6sung<\/h4>\n                    <img decoding=\"async\" src=\"https:\/\/fujifilmprint.eu\/wp-content\/themes\/poi\/media\/chev.svg\"\/>\n\t\t\t    <\/div>\n            <\/a>\n\t\t<\/div>\n\t\t\n\t\t<div class=\"col-md-4 d-flex flex-column\">\n\t\t\t<img decoding=\"async\" class=\"img-004\" src=\"https:\/\/fujifilmprint.eu\/wp-content\/uploads\/2023\/03\/ebro-featured-1000x563-1-350x180.jpg\" \/>\n\t\t\t<a href=\"https:\/\/fujifilmprint.eu\/de\/resource\/ebro-jetpress\/\" class=\"flex-grow-1\" style=\"text-decoration: none;color: black;\">\n                <div class=\"btn-inner\" style=\"height: 100%\">\n                    <h4>Ebro-Farbe \u2013 Jet Press 750S HSM &amp; 720S<\/h4>\n                    <img decoding=\"async\" src=\"https:\/\/fujifilmprint.eu\/wp-content\/themes\/poi\/media\/chev.svg\"\/>\n\t\t\t    <\/div>\n            <\/a>\n\t\t<\/div>\n\t\t\t\t<\/div>\n\t\t<div class=\"center\"><a href=\"\/de\/ressourcen\/\" class=\"btn btn-purple\">Weitere Artikel<\/a><\/div>\n\t<\/div>\n<\/section>\n\n<div style=\"height:80px;\">\n<\/div>\n\n<section id=\"cs-grid\">\n    <div class=\"container-fluid\">\n        <div class=\"container\">\n            <h2>Fallstudien<\/h2>\n\n            <div class=\"row\">\n                            <div class=\"col-md-6\">\n                    <a href=\"https:\/\/fujifilmprint.eu\/de\/resource\/fastsigns-scotland-acuity-triton-aquafuze-ink\/\">\n                                                    <img decoding=\"async\" src=\"https:\/\/fujifilmprint.eu\/wp-content\/uploads\/2026\/01\/Rob-Lambie-close.jpg\" alt=\"FastSigns Schottland: Acuity Triton &amp; AQUAFUZE Tinte\" \/>\n                                            <\/a>\n                    <a href=\"https:\/\/fujifilmprint.eu\/de\/resource\/fastsigns-scotland-acuity-triton-aquafuze-ink\/\">\n                        <p class=\"cs-head\">FastSigns Schottland: Acuity Triton &amp; AQUAFUZE Tinte<\/p>\n                    <\/a>\n                                    <\/div>\n                            <div class=\"col-md-6\">\n                    <a href=\"https:\/\/fujifilmprint.eu\/de\/resource\/druk-24h-revoria-pc1120-xmf-pressready\/\">\n                                                    <img decoding=\"async\" src=\"https:\/\/fujifilmprint.eu\/wp-content\/uploads\/2026\/02\/Fujifilm_GG_Owner-scaled.jpeg\" alt=\"Druk 24h: Revoria PC1120 &amp; XMF PressReady\" \/>\n                                            <\/a>\n                    <a href=\"https:\/\/fujifilmprint.eu\/de\/resource\/druk-24h-revoria-pc1120-xmf-pressready\/\">\n                        <p class=\"cs-head\">Druk 24h: Revoria PC1120 &amp; XMF PressReady<\/p>\n                    <\/a>\n                                    <\/div>\n                        <\/div>\n        <\/div>\n    <\/div>\n<\/section>\n\n<div style=\"height:80px;\">\n<\/div>\n\n<section id=\"dark-form\">\n\t<div id=\"footer-form\" class=\"container\">\n\t\t<h2>Haben Sie Fragen? Bitte kontaktieren Sie uns unten:<\/h2>\n\n\t\t \r\n\r\n  \r\n\r\n \r\n\r\n  \r\n\r\n \r\n\r\n<script src=\"\/\/info.fujifilm.eu\/js\/forms2\/js\/forms2.min.js\"><\/script> <form id=\"mktoForm_5275\" action=\"\"><input type=\"hidden\" name=\"trp-form-language\" value=\"de\"\/><\/form> <script>MktoForms2.loadForm(\"\/\/info.fujifilm.eu\", \"060-MIY-956\", 5275);<\/script> \r\n\r\n \r\n\r\n  \r\n\r\n \r\n\r\n  \r\n\r\n \r\n\r\n  \r\n\r\n \r\n\r\n  \r\n\r\n \r\n\r\n  \r\n\r\n \r\n\r\n  \r\n\r\n \n\t\t<div id=\"confirmform\" style=\"visibility:hidden;\">\n                            <p><strong>\n\t\t\t\t\tVielen Dank f\u00fcr Ihre Anfrage, jemand wird sich in K\u00fcrze mit Ihnen in Verbindung setzen.\t\t\t\t\t<\/strong><\/p>\n              \n        <\/div>\n\t<\/div>\n<\/section>","protected":false},"excerpt":{"rendered":"","protected":false},"author":1,"featured_media":0,"parent":0,"menu_order":0,"comment_status":"closed","ping_status":"closed","template":"","meta":{"inline_featured_image":false,"footnotes":""},"class_list":["post-1767","page","type-page","status-publish","hentry"],"acf":[],"yoast_head":"<!-- This site is optimized with the Yoast SEO plugin v22.0 - https:\/\/yoast.com\/wordpress\/plugins\/seo\/ -->\n<title>Sustainability | Sustainable Printing | Fujifilm EMEA<\/title>\n<meta name=\"description\" content=\"In an age of heightened environmental concerns and \u2018net zero\u2019 carbon reduction targets, find out how print can be more sustainable. Read more here\" \/>\n<meta name=\"robots\" content=\"index, follow, max-snippet:-1, max-image-preview:large, max-video-preview:-1\" \/>\n<link rel=\"canonical\" href=\"https:\/\/fujifilmprint.eu\/de\/sustainability\/\" \/>\n<meta property=\"og:locale\" content=\"de_DE\" \/>\n<meta property=\"og:type\" content=\"article\" \/>\n<meta property=\"og:title\" content=\"Sustainability | Sustainable Printing | Fujifilm EMEA\" \/>\n<meta property=\"og:description\" content=\"In an age of heightened environmental concerns and \u2018net zero\u2019 carbon reduction targets, find out how print can be more sustainable. Read more here\" \/>\n<meta property=\"og:url\" content=\"https:\/\/fujifilmprint.eu\/de\/sustainability\/\" \/>\n<meta property=\"og:site_name\" content=\"Fujifilm Print EMEA\" \/>\n<meta property=\"article:modified_time\" content=\"2025-03-20T14:26:25+00:00\" \/>\n<meta name=\"twitter:card\" content=\"summary_large_image\" \/>\n<script type=\"application\/ld+json\" class=\"yoast-schema-graph\">{\"@context\":\"https:\/\/schema.org\",\"@graph\":[{\"@type\":\"WebPage\",\"@id\":\"https:\/\/fujifilmprint.eu\/sustainability\/\",\"url\":\"https:\/\/fujifilmprint.eu\/sustainability\/\",\"name\":\"Sustainability | Sustainable Printing | Fujifilm EMEA\",\"isPartOf\":{\"@id\":\"https:\/\/fujifilmprint.eu\/#website\"},\"datePublished\":\"2022-09-06T14:21:28+00:00\",\"dateModified\":\"2025-03-20T14:26:25+00:00\",\"description\":\"In an age of heightened environmental concerns and \u2018net zero\u2019 carbon reduction targets, find out how print can be more sustainable. Read more here\",\"breadcrumb\":{\"@id\":\"https:\/\/fujifilmprint.eu\/sustainability\/#breadcrumb\"},\"inLanguage\":\"de\",\"potentialAction\":[{\"@type\":\"ReadAction\",\"target\":[\"https:\/\/fujifilmprint.eu\/sustainability\/\"]}]},{\"@type\":\"BreadcrumbList\",\"@id\":\"https:\/\/fujifilmprint.eu\/sustainability\/#breadcrumb\",\"itemListElement\":[{\"@type\":\"ListItem\",\"position\":1,\"name\":\"Home\",\"item\":\"https:\/\/fujifilmprint.eu\/\"},{\"@type\":\"ListItem\",\"position\":2,\"name\":\"Sustainability\"}]},{\"@type\":\"WebSite\",\"@id\":\"https:\/\/fujifilmprint.eu\/#website\",\"url\":\"https:\/\/fujifilmprint.eu\/\",\"name\":\"Fujifilm Print EMEA\",\"description\":\"\",\"publisher\":{\"@id\":\"https:\/\/fujifilmprint.eu\/#organization\"},\"potentialAction\":[{\"@type\":\"SearchAction\",\"target\":{\"@type\":\"EntryPoint\",\"urlTemplate\":\"https:\/\/fujifilmprint.eu\/?s={search_term_string}\"},\"query-input\":\"required name=search_term_string\"}],\"inLanguage\":\"de\"},{\"@type\":\"Organization\",\"@id\":\"https:\/\/fujifilmprint.eu\/#organization\",\"name\":\"Fujifilm Print EMEA\",\"url\":\"https:\/\/fujifilmprint.eu\/\",\"logo\":{\"@type\":\"ImageObject\",\"inLanguage\":\"de\",\"@id\":\"https:\/\/fujifilmprint.eu\/#\/schema\/logo\/image\/\",\"url\":\"https:\/\/fujifilmprint.eu\/wp-content\/uploads\/2022\/07\/fujifilm-1.png\",\"contentUrl\":\"https:\/\/fujifilmprint.eu\/wp-content\/uploads\/2022\/07\/fujifilm-1.png\",\"width\":416,\"height\":70,\"caption\":\"Fujifilm Print EMEA\"},\"image\":{\"@id\":\"https:\/\/fujifilmprint.eu\/#\/schema\/logo\/image\/\"}}]}<\/script>\n<!-- \/ Yoast SEO plugin. -->","yoast_head_json":{"title":"Nachhaltigkeit | Nachhaltiges Drucken | Fujifilm EMEA","description":"Finden Sie heraus, wie Druck in einer Zeit zunehmender Umweltbedenken und CO2-Reduktionsziele \u201eNetto-Null\u201c nachhaltiger sein kann. Lesen Sie hier mehr","robots":{"index":"index","follow":"follow","max-snippet":"max-snippet:-1","max-image-preview":"max-image-preview:large","max-video-preview":"max-video-preview:-1"},"canonical":"https:\/\/fujifilmprint.eu\/de\/sustainability\/","og_locale":"de_DE","og_type":"article","og_title":"Sustainability | Sustainable Printing | Fujifilm EMEA","og_description":"In an age of heightened environmental concerns and \u2018net zero\u2019 carbon reduction targets, find out how print can be more sustainable. Read more here","og_url":"https:\/\/fujifilmprint.eu\/de\/sustainability\/","og_site_name":"Fujifilm Print EMEA","article_modified_time":"2025-03-20T14:26:25+00:00","twitter_card":"summary_large_image","schema":{"@context":"https:\/\/schema.org","@graph":[{"@type":"WebPage","@id":"https:\/\/fujifilmprint.eu\/sustainability\/","url":"https:\/\/fujifilmprint.eu\/sustainability\/","name":"Nachhaltigkeit | Nachhaltiges Drucken | Fujifilm EMEA","isPartOf":{"@id":"https:\/\/fujifilmprint.eu\/#website"},"datePublished":"2022-09-06T14:21:28+00:00","dateModified":"2025-03-20T14:26:25+00:00","description":"Finden Sie heraus, wie Druck in einer Zeit zunehmender Umweltbedenken und CO2-Reduktionsziele \u201eNetto-Null\u201c nachhaltiger sein kann. Lesen Sie hier mehr","breadcrumb":{"@id":"https:\/\/fujifilmprint.eu\/sustainability\/#breadcrumb"},"inLanguage":"de","potentialAction":[{"@type":"ReadAction","target":["https:\/\/fujifilmprint.eu\/sustainability\/"]}]},{"@type":"BreadcrumbList","@id":"https:\/\/fujifilmprint.eu\/sustainability\/#breadcrumb","itemListElement":[{"@type":"ListItem","position":1,"name":"Home","item":"https:\/\/fujifilmprint.eu\/"},{"@type":"ListItem","position":2,"name":"Sustainability"}]},{"@type":"WebSite","@id":"https:\/\/fujifilmprint.eu\/#website","url":"https:\/\/fujifilmprint.eu\/","name":"Fujifilm Print EMEA","description":"","publisher":{"@id":"https:\/\/fujifilmprint.eu\/#organization"},"potentialAction":[{"@type":"SearchAction","target":{"@type":"EntryPoint","urlTemplate":"https:\/\/fujifilmprint.eu\/?s={search_term_string}"},"query-input":"required name=search_term_string"}],"inLanguage":"de"},{"@type":"Organization","@id":"https:\/\/fujifilmprint.eu\/#organization","name":"Fujifilm Print EMEA","url":"https:\/\/fujifilmprint.eu\/","logo":{"@type":"ImageObject","inLanguage":"de","@id":"https:\/\/fujifilmprint.eu\/#\/schema\/logo\/image\/","url":"https:\/\/fujifilmprint.eu\/wp-content\/uploads\/2022\/07\/fujifilm-1.png","contentUrl":"https:\/\/fujifilmprint.eu\/wp-content\/uploads\/2022\/07\/fujifilm-1.png","width":416,"height":70,"caption":"Fujifilm Print EMEA"},"image":{"@id":"https:\/\/fujifilmprint.eu\/#\/schema\/logo\/image\/"}}]}},"_links":{"self":[{"href":"https:\/\/fujifilmprint.eu\/de\/wp-json\/wp\/v2\/pages\/1767","targetHints":{"allow":["GET"]}}],"collection":[{"href":"https:\/\/fujifilmprint.eu\/de\/wp-json\/wp\/v2\/pages"}],"about":[{"href":"https:\/\/fujifilmprint.eu\/de\/wp-json\/wp\/v2\/types\/page"}],"author":[{"embeddable":true,"href":"https:\/\/fujifilmprint.eu\/de\/wp-json\/wp\/v2\/users\/1"}],"replies":[{"embeddable":true,"href":"https:\/\/fujifilmprint.eu\/de\/wp-json\/wp\/v2\/comments?post=1767"}],"version-history":[{"count":109,"href":"https:\/\/fujifilmprint.eu\/de\/wp-json\/wp\/v2\/pages\/1767\/revisions"}],"predecessor-version":[{"id":20007,"href":"https:\/\/fujifilmprint.eu\/de\/wp-json\/wp\/v2\/pages\/1767\/revisions\/20007"}],"wp:attachment":[{"href":"https:\/\/fujifilmprint.eu\/de\/wp-json\/wp\/v2\/media?parent=1767"}],"curies":[{"name":"wp","href":"https:\/\/api.w.org\/{rel}","templated":true}]}}