{"id":5232,"date":"2022-06-23T11:38:06","date_gmt":"2022-06-23T10:38:06","guid":{"rendered":"https:\/\/fujifilmprint.eu\/wide-format-sector\/"},"modified":"2025-11-20T11:34:49","modified_gmt":"2025-11-20T10:34:49","slug":"wide-format-sector","status":"publish","type":"page","link":"https:\/\/fujifilmprint.eu\/cs\/wide-format-sector\/","title":{"rendered":"\u0158e\u0161en\u00ed velkoform\u00e1tov\u00e9ho tisku"},"content":{"rendered":"<style>\r\n.sector-banner{\r\nbackground-image: url(https:\/\/fujifilmprint.eu\/wp-content\/uploads\/2023\/10\/wideformatsector-headerbanner-2500x833-1.jpg);\r\n}\r\n\r\n\r\n<\/style>\r\n\r\n<div class=\"sector-banner\">\r\n\r\n   \r\n    <div class=\"banner-content\">\r\n        <h4>Objevte rozd\u00edl<\/h4>\r\n        <h1>\u0158e\u0161en\u00ed velkoform\u00e1tov\u00e9ho tisku<\/h1>\r\n    <\/div>\r\n\r\n    <div class=\"sector-carousel owl-carousel owl-theme\">\r\n                                    <a href=\"https:\/\/fujifilmprint.eu\/cs\/product\/acuity-prime\/\">\r\n                    <div class=\"center\">\r\n                                                    <img decoding=\"async\" src=\"https:\/\/fujifilmprint.eu\/wp-content\/uploads\/2023\/10\/prime-sectorbanner-1000x339-1.png\" \/>\r\n                                                <h3 style=\"margin-top: -10px !important;\">Acuity Prime<\/h3>\r\n                    <\/div>\r\n                <\/a>\r\n                            <a href=\"https:\/\/fujifilmprint.eu\/cs\/product\/acuity-ultra-r2\/\">\r\n                    <div class=\"center\">\r\n                                                    <img decoding=\"async\" src=\"https:\/\/fujifilmprint.eu\/wp-content\/uploads\/2023\/10\/ultrar2-sectorbanner-1000x339-4.png\" \/>\r\n                                                <h3 style=\"margin-top: -10px !important;\">Acuity Ultra R2<\/h3>\r\n                    <\/div>\r\n                <\/a>\r\n                            <a href=\"https:\/\/fujifilmprint.eu\/cs\/product\/acuity-prime-hybrid\/\">\r\n                    <div class=\"center\">\r\n                                                    <img decoding=\"async\" src=\"https:\/\/fujifilmprint.eu\/wp-content\/uploads\/2023\/10\/primehybrid-sectorbanner-1000x339-2.png\" \/>\r\n                                                <h3 style=\"margin-top: -10px !important;\">Acuity Prime Hybrid<\/h3>\r\n                    <\/div>\r\n                <\/a>\r\n                            <a href=\"https:\/\/fujifilmprint.eu\/cs\/product\/ultra-hybrid-led\/\">\r\n                    <div class=\"center\">\r\n                                                    <img decoding=\"async\" src=\"https:\/\/fujifilmprint.eu\/wp-content\/uploads\/2025\/11\/ultrahybrid-sectorbanner-1000x339-2.png\" \/>\r\n                                                <h3 style=\"margin-top: -10px !important;\">Acuity Ultra Hybrid LED<\/h3>\r\n                    <\/div>\r\n                <\/a>\r\n                            <a href=\"https:\/\/fujifilmprint.eu\/cs\/product\/acuity-ultra-hybrid-pro\/\">\r\n                    <div class=\"center\">\r\n                                                    <img decoding=\"async\" src=\"https:\/\/fujifilmprint.eu\/wp-content\/uploads\/2025\/11\/ultrahybrdpro.png\" \/>\r\n                                                <h3 style=\"margin-top: -10px !important;\">Acuity Ultra Hybrid Pro<\/h3>\r\n                    <\/div>\r\n                <\/a>\r\n                            <a href=\"https:\/\/fujifilmprint.eu\/cs\/product\/aquafuze-ink-acuity-triton\/\">\r\n                    <div class=\"center\">\r\n                                                    <img decoding=\"async\" src=\"https:\/\/fujifilmprint.eu\/wp-content\/uploads\/2025\/11\/triton-rainbow-2.png\" \/>\r\n                                                <h3 style=\"margin-top: -10px !important;\">AQUAFUZE &amp; Acuity Triton<\/h3>\r\n                    <\/div>\r\n                <\/a>\r\n                        <\/div>\r\n<\/div>\n\n<div id=\"brochure\"><\/div>\n\n<section id=\"txt-header\">\n\t<div class=\"container block-text-header\">\n\t\t<h3>\u0158e\u0161en\u00ed velkoform\u00e1tov\u00e9ho tisku sv\u011btov\u00e9 t\u0159\u00eddy<\/h3>\n\t\t<h2>Objevte na\u0161i \u0161irokou nab\u00eddku form\u00e1t\u016f<\/h2>\n\t\t<p><\/p>\n\t<\/div>\n<\/section>\n\n\n<section id=\"txt-media\">\n\t<div class=\"container\">\n\t\t<div class=\"row\">\n\t\t\t<div class=\"col-md-6 my-auto order-md-2\">\n\n\t\t\t\t\n\t\t\t\t<div >\n\t\t\t\t\t<p>Vyzkou\u0161ejte na\u0161e jedine\u010dn\u00e1 \u0161irokoform\u00e1tov\u00e1 tiskov\u00e1 \u0159e\u0161en\u00ed s na\u0161\u00edm nov\u00fdm pr\u016fvodcem sortimentem, kter\u00fd je nyn\u00ed k dispozici ke sta\u017een\u00ed. Spojili jsme podrobn\u00e9 informace o ka\u017ed\u00e9m produktu s \u00fa\u017easn\u00fdmi vizu\u00e1ln\u00edmi prvky na jednom m\u00edst\u011b, abychom mohli za\u010d\u00edt va\u0161i cestu s Fujifilm jako va\u0161\u00edm nov\u00fdm partnerem v oblasti tisku.<\/p>\n\t\t\t\t\t\t\t\t\t<\/div>\n\n\t\t\t<\/div>\n\t\t\t\t\t\t\t<div class=\"col-md-6 my-auto order-md-1\">\n\t\t\t\t\t<img decoding=\"async\" src=\"https:\/\/fujifilmprint.eu\/wp-content\/uploads\/2023\/07\/wideformatrangeguideimage-800x488-1.jpg\" style=\"width: 100%\" \/>\n\t\t\t\t<\/div>\n\t\t\t\t\t<\/div>\n\t<\/div>\n<\/section>\n\n<div style=\"height:50px;\">\n<\/div>\n\n\n<section id=\"testimonial-v2\">\n\t<div class=\"slider-fade\">\n\n\t\t\t\t\t\n\t\t\t<div class=\"container-fluid\" style=\"background-image: url(https:\/\/fujifilmprint.eu\/wp-content\/uploads\/2022\/10\/Ebbsfleet-4-scaled.jpg);background-size: cover;background-repeat: no-repeat;\">\n\t\t\t\t<div class=\"container\">\n\t\t\t\t\t<div class=\"row\">\n\t\t\t\t\t\t<div class=\"col-md-6\">\n\t\t\t\t\t\t\t<div class=\"testiv1-inner\">\n\t\t\t\t\t\t\t\t<img decoding=\"async\" src=\"https:\/\/fujifilmprint.eu\/wp-content\/themes\/poi\/media\/quote.svg\" \/>\n\t\t\t\t\t\t\t\t<p>\n\t\t\t\t\t\t\t\t\tV\u011b\u0159\u00edme, \u017ee ploch\u00fd Acuity Prime m\u00e1 vy\u0161\u0161\u00ed v\u00fdkon ne\u017e jak\u00e1koli jin\u00e1 tisk\u00e1rna v t\u00e9to cenov\u00e9 hladin\u011b. Ve skute\u010dnosti ostatn\u00ed stroje, o kter\u00fdch jsme uva\u017eovali s touto \u00farovn\u00ed produktivity, byly obvykle dvojn\u00e1sobn\u00e9.\t\t\t\t\t\t\t\t<\/p>\n\t\t\t\t\t\t\t\t\t\t\t\t\t\t\t\t\t<p class=\"name\">\n\t\t\t\t\t\t\t\t\tSam Cherry | Tiskov\u00e1 \u0159e\u0161en\u00ed Ebbsfleet\t\t\t\t\t\t\t\t\t<\/p>\n\t\t\t\t\t\t\t\t\t\t\t\t\t\t\t<\/div>\n\t\t\t\t\t\t\t\t\t\t\t\t\t\t\t<a href=\"https:\/\/fujifilmprint.eu\/cs\/resource\/case-study-ebbsfleet-printing-solutions\/\" class=\"btn btn-purple\">Read case study<\/a>\n\t\t\t\t\t\t\t\t\t\t\t\t\t<\/div>\n\t\t\t\t\t\t<div class=\"col-md-6\">\n\t\t\t\t\t\t<\/div>\n\t\t\t\t\t<\/div>\n\t\t\t\t<\/div>\n\t\t\t<\/div>\n\t\t\t\t\t\n\t<\/div>\n<\/section>\n\n<div style=\"height:50px;\">\n<\/div>\n\n<section id=\"cs-grid\">\n    <div class=\"container-fluid\">\n        <div class=\"container\">\n            <h2>Case Studies<\/h2>\n\n            <div class=\"row\">\n                            <div class=\"col-md-6\">\n                    <a href=\"https:\/\/fujifilmprint.eu\/cs\/resource\/fastsigns-scotland-acuity-triton-aquafuze-ink\/\">\n                                                    <img decoding=\"async\" src=\"https:\/\/fujifilmprint.eu\/wp-content\/uploads\/2026\/01\/Rob-Lambie-close.jpg\" alt=\"FastSigns Scotland: Acuity Triton &amp; AQUAFUZE ink\" \/>\n                                            <\/a>\n                    <a href=\"https:\/\/fujifilmprint.eu\/cs\/resource\/fastsigns-scotland-acuity-triton-aquafuze-ink\/\">\n                        <p class=\"cs-head\">FastSigns Skotsko: Acuity Triton a inkoust AQUAFUZE<\/p>\n                    <\/a>\n                                    <\/div>\n                            <div class=\"col-md-6\">\n                    <a href=\"https:\/\/fujifilmprint.eu\/cs\/resource\/druk-24h-revoria-pc1120-xmf-pressready\/\">\n                                                    <img decoding=\"async\" src=\"https:\/\/fujifilmprint.eu\/wp-content\/uploads\/2026\/02\/Fujifilm_GG_Owner-scaled.jpeg\" alt=\"Druk 24h: Revoria PC1120 &amp; XMF PressReady\" \/>\n                                            <\/a>\n                    <a href=\"https:\/\/fujifilmprint.eu\/cs\/resource\/druk-24h-revoria-pc1120-xmf-pressready\/\">\n                        <p class=\"cs-head\">Druk 24h: Druk Druk: Revoria PC1120 &amp; XMF PressReady<\/p>\n                    <\/a>\n                                    <\/div>\n                        <\/div>\n        <\/div>\n    <\/div>\n<\/section>\n\n<div style=\"height:80px;\">\n<\/div>\n\n<section id=\"product-grid\">\r\n<div class=\"container\">\r\n    <h1 class=\"product-gtitle\" style=\"margin: 30px 0 0 0;\">\r\n        Produkty    <\/h1>\r\n    <h3 style=\"margin-bottom: 60px;\">\r\n        Objevte na\u0161e \u0159e\u0161en\u00ed pro \u0161irokoform\u00e1tov\u00fd tisk    <\/h3>\r\n<\/div>\r\n\r\n<div class=\"container-fluid\">\r\n<div class=\"row\">\r\n<div class=\"col-md-6 Wide Format\">\r\n\t<div class=\"pgrid-inner\">\r\n\t\t<h3>Acuity Prime<\/h3>\r\n\t\t<p>Pro nejlep\u0161\u00ed kvalitu ve sv\u00e9 t\u0159\u00edd\u011b p\u0159i nejvy\u0161\u0161\u00ed produktivit\u011b na \u0161irok\u00e9 \u0161k\u00e1le pevn\u00fdch a flexibiln\u00edch m\u00e9di\u00ed<\/p>\r\n\t\t<a href=\"https:\/\/fujifilmprint.eu\/cs\/product\/acuity-prime\/\"   class=\"btn btn-outline\">Objevte v\u00edce<\/a>\r\n\t\t<img decoding=\"async\" src=\"https:\/\/fujifilmprint.eu\/wp-content\/uploads\/2022\/05\/Acuity-Prime-32-sml-2650px-for-black-bgnd.png\" \/>\r\n\t<\/div>\r\n<\/div>\r\n<div class=\"col-md-6 Wide Format\">\r\n\t<div class=\"pgrid-inner\">\r\n\t\t<h3>Acuity Ultra R2<\/h3>\r\n\t\t<p>Vysoce produktivn\u00ed super \u0161irok\u00e1 platforma poskytuj\u00edc\u00ed vynikaj\u00edc\u00ed kvalitu<\/p>\r\n\t\t<a href=\"https:\/\/fujifilmprint.eu\/cs\/product\/acuity-ultra-r2\/\"   class=\"btn btn-outline\">Objevte v\u00edce<\/a>\r\n\t\t<img decoding=\"async\" src=\"https:\/\/fujifilmprint.eu\/wp-content\/uploads\/2022\/06\/Acuity-Ultra-32-1300px-for-black-bgnd-1.png\" \/>\r\n\t<\/div>\r\n<\/div>\r\n<div class=\"col-md-6 Wide Format\">\r\n\t<div class=\"pgrid-inner\">\r\n\t\t<h3>Acuity Ultra Hybrid LED<\/h3>\r\n\t\t<p>Navr\u017eeno pro pevn\u00e1 a flexibiln\u00ed m\u00e9dia, nab\u00edz\u00ed vynikaj\u00edc\u00ed, vysoce kvalitn\u00ed tisk na 3,3m platform\u011b<\/p>\r\n\t\t<a href=\"https:\/\/fujifilmprint.eu\/cs\/product\/ultra-hybrid-led\/\"   class=\"btn btn-outline\">Objevte v\u00edce<\/a>\r\n\t\t<img decoding=\"async\" src=\"https:\/\/fujifilmprint.eu\/wp-content\/uploads\/2023\/09\/ultrahybrid-featuredimage-1000x548-1.png\" \/>\r\n\t<\/div>\r\n<\/div>\r\n<div class=\"col-md-6 Wide Format\">\r\n\t<div class=\"pgrid-inner\">\r\n\t\t<h3>Acuity Prime Hybrid<\/h3>\r\n\t\t<p>Vyhrazen\u00fd hybrid pro pevn\u00fd a rolov\u00fd tisk<\/p>\r\n\t\t<a href=\"https:\/\/fujifilmprint.eu\/cs\/product\/acuity-prime-hybrid\/\"   class=\"btn btn-outline\">Objevte v\u00edce<\/a>\r\n\t\t<img decoding=\"async\" src=\"https:\/\/fujifilmprint.eu\/wp-content\/uploads\/2023\/07\/acuityprimehybrid-featuredimage-1000x547-1.png\" \/>\r\n\t<\/div>\r\n<\/div>\r\n<div class=\"col-md-6 Wide Format\">\r\n\t<div class=\"pgrid-inner\">\r\n\t\t<h3>Acuity Ultra Hybrid Pro<\/h3>\r\n\t\t<p>Nov\u00e1 generace, vyroben\u00e1 podle pr\u016fmyslov\u00e9ho standardu a navr\u017een\u00e1 s ohledem na obsluhu.<\/p>\r\n\t\t<a href=\"https:\/\/fujifilmprint.eu\/cs\/product\/acuity-ultra-hybrid-pro\/\"   class=\"btn btn-outline\">Objevte v\u00edce<\/a>\r\n\t\t<img decoding=\"async\" src=\"https:\/\/fujifilmprint.eu\/wp-content\/uploads\/2025\/04\/FUJ01_HB90-Automation.31-1.png\" \/>\r\n\t<\/div>\r\n<\/div>\r\n<div class=\"col-md-6 Wide Format\">\r\n\t<div class=\"pgrid-inner\">\r\n\t\t<h3>Inkoust AQUAFUZE &amp; Acuity Triton<\/h3>\r\n\t\t<p>Tisk\u00e1rna Acuity Triton vyu\u017e\u00edv\u00e1 AQUAFUZE, nov\u00fd UV inkoust na vodn\u00ed b\u00e1zi. D\u00edky \ntomu poskytuje v\u00fdsledky fotografick\u00e9 kvality, kter\u00e9 se vyzna\u010duj\u00ed \u017eiv\u00fdmi barvami \na v\u00fdjime\u010dnou trvanlivost\u00ed.<\/p>\r\n\t\t<a href=\"https:\/\/fujifilmprint.eu\/cs\/product\/aquafuze-ink-acuity-triton\/\"   class=\"btn btn-outline\">Objevte v\u00edce<\/a>\r\n\t\t<img decoding=\"async\" src=\"https:\/\/fujifilmprint.eu\/wp-content\/uploads\/2025\/04\/Acuity-Triton-Product-image-e1745594527153.png\" \/>\r\n\t<\/div>\r\n<\/div>\r\n<div class=\"col-md-6 Wide Format\">\r\n\t<div class=\"pgrid-inner\">\r\n\t\t<h3>Acuity Aristo<\/h3>\r\n\t\t<p>Nov\u00e1 generace, vyroben\u00e1 podle pr\u016fmyslov\u00e9ho standardu a navr\u017een\u00e1 s ohledem na obsluhu.<\/p>\r\n\t\t<a href=\"https:\/\/fujifilmprint.eu\/cs\/product\/acuity-aristo\/\"   class=\"btn btn-outline\">Objevte v\u00edce<\/a>\r\n\t\t<img decoding=\"async\" src=\"https:\/\/fujifilmprint.eu\/wp-content\/uploads\/2025\/07\/FUJ11_Detail_FEEDER_D4-2.Dm_rxqnH_ZWPwly-e1753778697600.png\" \/>\r\n\t<\/div>\r\n<\/div>\r\n\t\t<\/div>\r\n\t<\/div>\r\n<\/sector>\n\n<div style=\"height:50px;\">\n<\/div>\n\n\n<section id=\"articles-block\">\n\t<div class=\"container\">\n\t\t<div class=\"center\">\n\t\t\t<h3>Articles<\/h3>\n\t\t\t<h2>Pod\u00edvejte se znovu na Fujifilm<\/h2>\n\t\t\t<p>Objevte, v \u010dem jsme jin\u00ed<\/p>\n\t\t<\/div>\n\t\t<div class=\"row\">\n\t\t\n\t\t<div class=\"col-md-4 d-flex flex-column\">\n\t\t\t<img decoding=\"async\" class=\"img-004\" src=\"https:\/\/fujifilmprint.eu\/wp-content\/uploads\/2025\/08\/DSC8397-350x180.jpg\" \/>\n\t\t\t<a href=\"https:\/\/fujifilmprint.eu\/cs\/resource\/the-science-behind-fujifilms-aquafuze-ink-technology\/\" class=\"flex-grow-1\" style=\"text-decoration: none;color: black;\">\n                <div class=\"btn-inner\" style=\"height: 100%\">\n                    <h4>V\u011bda za technologi\u00ed inkoustu AQUAFUZE spole\u010dnosti Fujifilm<\/h4>\n                    <img decoding=\"async\" src=\"https:\/\/fujifilmprint.eu\/wp-content\/themes\/poi\/media\/chev.svg\"\/>\n\t\t\t    <\/div>\n            <\/a>\n\t\t<\/div>\n\t\t\n\t\t<div class=\"col-md-4 d-flex flex-column\">\n\t\t\t<img decoding=\"async\" class=\"img-004\" src=\"https:\/\/fujifilmprint.eu\/wp-content\/uploads\/2025\/04\/Stickers-scaled-e1745923952383-350x180.jpeg\" \/>\n\t\t\t<a href=\"https:\/\/fujifilmprint.eu\/cs\/resource\/aquafuze-ink-technology\/\" class=\"flex-grow-1\" style=\"text-decoration: none;color: black;\">\n                <div class=\"btn-inner\" style=\"height: 100%\">\n                    <h4>Technologie inkoustu AQUAFUZE<\/h4>\n                    <img decoding=\"async\" src=\"https:\/\/fujifilmprint.eu\/wp-content\/themes\/poi\/media\/chev.svg\"\/>\n\t\t\t    <\/div>\n            <\/a>\n\t\t<\/div>\n\t\t\n\t\t<div class=\"col-md-4 d-flex flex-column\">\n\t\t\t<img decoding=\"async\" class=\"img-004\" src=\"https:\/\/fujifilmprint.eu\/wp-content\/uploads\/2024\/10\/Recycling2-scaled-e1729065014700-350x180.jpg\" \/>\n\t\t\t<a href=\"https:\/\/fujifilmprint.eu\/cs\/resource\/zero-to-landfill-certification\/\" class=\"flex-grow-1\" style=\"text-decoration: none;color: black;\">\n                <div class=\"btn-inner\" style=\"height: 100%\">\n                    <h4>\u2018Certifikace \u2019Zero to Landfill\" pro inkoustov\u00fd are\u00e1l<\/h4>\n                    <img decoding=\"async\" src=\"https:\/\/fujifilmprint.eu\/wp-content\/themes\/poi\/media\/chev.svg\"\/>\n\t\t\t    <\/div>\n            <\/a>\n\t\t<\/div>\n\t\t\t\t<\/div>\n\t\t<div class=\"center\"><a href=\"\/cs\/zdroje\/\" class=\"btn btn-purple\">More articles<\/a><\/div>\n\t<\/div>\n<\/section>\n\n<div style=\"height:80px;\">\n<\/div>\n\n<section id=\"dark-form\">\n\t<div id=\"footer-form\" class=\"container\">\n\t\t<h2>N\u011bjak\u00e9 dotazy? Kontaktujte n\u00e1s pros\u00edm n\u00ed\u017ee:<\/h2>\n\n\t\t \r\n\r\n  \r\n\r\n \r\n\r\n  \r\n\r\n \r\n\r\n  \r\n\r\n \r\n\r\n  \r\n\r\n \r\n\r\n  \r\n\r\n \r\n\r\n  \r\n\r\n \r\n\r\n  \r\n\r\n \r\n\r\n<script src=\"\/\/info.fujifilm.eu\/js\/forms2\/js\/forms2.min.js\"><\/script> <form id=\"mktoForm_5273\" action=\"\"><input type=\"hidden\" name=\"trp-form-language\" value=\"cs\"\/><\/form> <script>MktoForms2.loadForm(\"\/\/info.fujifilm.eu\", \"060-MIY-956\", 5273);<\/script> \r\n\r\n \r\n\r\n  \r\n\r\n \n\t\t<div id=\"confirmform\" style=\"visibility:hidden;\">\n                            <p><strong>\n\t\t\t\t\tD\u011bkujeme za dotaz, brzy se n\u011bkdo ozve.\t\t\t\t\t<\/strong><\/p>\n              \n        <\/div>\n\t<\/div>\n<\/section>","protected":false},"excerpt":{"rendered":"","protected":false},"author":1,"featured_media":0,"parent":0,"menu_order":0,"comment_status":"closed","ping_status":"closed","template":"","meta":{"inline_featured_image":false,"footnotes":""},"class_list":["post-5232","page","type-page","status-publish","hentry"],"acf":[],"yoast_head":"<!-- This site is optimized with the Yoast SEO plugin v22.0 - https:\/\/yoast.com\/wordpress\/plugins\/seo\/ -->\n<title>Wide Format Printing Solutions | Fujifilm Print EMEA<\/title>\n<meta name=\"description\" content=\"Click here to learn more about Fujifilm&#039;s range of wide format printers which are defining a new level of print ROI.\" \/>\n<meta name=\"robots\" content=\"index, follow, max-snippet:-1, max-image-preview:large, max-video-preview:-1\" \/>\n<link rel=\"canonical\" href=\"https:\/\/fujifilmprint.eu\/cs\/wide-format-sector\/\" \/>\n<meta property=\"og:locale\" content=\"cs_CZ\" \/>\n<meta property=\"og:type\" content=\"article\" \/>\n<meta property=\"og:title\" content=\"Wide Format Printing Solutions | Fujifilm Print EMEA\" \/>\n<meta property=\"og:description\" content=\"Click here to learn more about Fujifilm&#039;s range of wide format printers which are defining a new level of print ROI.\" \/>\n<meta property=\"og:url\" content=\"https:\/\/fujifilmprint.eu\/cs\/wide-format-sector\/\" \/>\n<meta property=\"og:site_name\" content=\"Fujifilm Print EMEA\" \/>\n<meta property=\"article:modified_time\" content=\"2025-11-20T10:34:49+00:00\" \/>\n<meta name=\"twitter:card\" content=\"summary_large_image\" \/>\n<script type=\"application\/ld+json\" class=\"yoast-schema-graph\">{\"@context\":\"https:\/\/schema.org\",\"@graph\":[{\"@type\":\"WebPage\",\"@id\":\"https:\/\/fujifilmprint.eu\/wide-format-sector\/\",\"url\":\"https:\/\/fujifilmprint.eu\/wide-format-sector\/\",\"name\":\"Wide Format Printing Solutions | Fujifilm Print EMEA\",\"isPartOf\":{\"@id\":\"https:\/\/fujifilmprint.eu\/#website\"},\"datePublished\":\"2022-06-23T10:38:06+00:00\",\"dateModified\":\"2025-11-20T10:34:49+00:00\",\"description\":\"Click here to learn more about Fujifilm's range of wide format printers which are defining a new level of print ROI.\",\"breadcrumb\":{\"@id\":\"https:\/\/fujifilmprint.eu\/wide-format-sector\/#breadcrumb\"},\"inLanguage\":\"cs\",\"potentialAction\":[{\"@type\":\"ReadAction\",\"target\":[\"https:\/\/fujifilmprint.eu\/wide-format-sector\/\"]}]},{\"@type\":\"BreadcrumbList\",\"@id\":\"https:\/\/fujifilmprint.eu\/wide-format-sector\/#breadcrumb\",\"itemListElement\":[{\"@type\":\"ListItem\",\"position\":1,\"name\":\"Home\",\"item\":\"https:\/\/fujifilmprint.eu\/\"},{\"@type\":\"ListItem\",\"position\":2,\"name\":\"Wide Format Printing Solutions\"}]},{\"@type\":\"WebSite\",\"@id\":\"https:\/\/fujifilmprint.eu\/#website\",\"url\":\"https:\/\/fujifilmprint.eu\/\",\"name\":\"Fujifilm Print EMEA\",\"description\":\"\",\"publisher\":{\"@id\":\"https:\/\/fujifilmprint.eu\/#organization\"},\"potentialAction\":[{\"@type\":\"SearchAction\",\"target\":{\"@type\":\"EntryPoint\",\"urlTemplate\":\"https:\/\/fujifilmprint.eu\/?s={search_term_string}\"},\"query-input\":\"required name=search_term_string\"}],\"inLanguage\":\"cs\"},{\"@type\":\"Organization\",\"@id\":\"https:\/\/fujifilmprint.eu\/#organization\",\"name\":\"Fujifilm Print EMEA\",\"url\":\"https:\/\/fujifilmprint.eu\/\",\"logo\":{\"@type\":\"ImageObject\",\"inLanguage\":\"cs\",\"@id\":\"https:\/\/fujifilmprint.eu\/#\/schema\/logo\/image\/\",\"url\":\"https:\/\/fujifilmprint.eu\/wp-content\/uploads\/2022\/07\/fujifilm-1.png\",\"contentUrl\":\"https:\/\/fujifilmprint.eu\/wp-content\/uploads\/2022\/07\/fujifilm-1.png\",\"width\":416,\"height\":70,\"caption\":\"Fujifilm Print EMEA\"},\"image\":{\"@id\":\"https:\/\/fujifilmprint.eu\/#\/schema\/logo\/image\/\"}}]}<\/script>\n<!-- \/ Yoast SEO plugin. -->","yoast_head_json":{"title":"Velkoform\u00e1tov\u00e1 tiskov\u00e1 \u0159e\u0161en\u00ed | Fujifilm Print EMEA","description":"Kliknut\u00edm sem se dozv\u00edte v\u00edce o \u0159ad\u011b velkoform\u00e1tov\u00fdch tisk\u00e1ren Fujifilm, kter\u00e9 definuj\u00ed novou \u00farove\u0148 n\u00e1vratnosti investic do tisku.","robots":{"index":"index","follow":"follow","max-snippet":"max-snippet:-1","max-image-preview":"max-image-preview:large","max-video-preview":"max-video-preview:-1"},"canonical":"https:\/\/fujifilmprint.eu\/cs\/wide-format-sector\/","og_locale":"cs_CZ","og_type":"article","og_title":"Wide Format Printing Solutions | Fujifilm Print EMEA","og_description":"Click here to learn more about Fujifilm's range of wide format printers which are defining a new level of print ROI.","og_url":"https:\/\/fujifilmprint.eu\/cs\/wide-format-sector\/","og_site_name":"Fujifilm Print EMEA","article_modified_time":"2025-11-20T10:34:49+00:00","twitter_card":"summary_large_image","schema":{"@context":"https:\/\/schema.org","@graph":[{"@type":"WebPage","@id":"https:\/\/fujifilmprint.eu\/wide-format-sector\/","url":"https:\/\/fujifilmprint.eu\/wide-format-sector\/","name":"Velkoform\u00e1tov\u00e1 tiskov\u00e1 \u0159e\u0161en\u00ed | Fujifilm Print EMEA","isPartOf":{"@id":"https:\/\/fujifilmprint.eu\/#website"},"datePublished":"2022-06-23T10:38:06+00:00","dateModified":"2025-11-20T10:34:49+00:00","description":"Kliknut\u00edm sem se dozv\u00edte v\u00edce o \u0159ad\u011b velkoform\u00e1tov\u00fdch tisk\u00e1ren Fujifilm, kter\u00e9 definuj\u00ed novou \u00farove\u0148 n\u00e1vratnosti investic do tisku.","breadcrumb":{"@id":"https:\/\/fujifilmprint.eu\/wide-format-sector\/#breadcrumb"},"inLanguage":"cs","potentialAction":[{"@type":"ReadAction","target":["https:\/\/fujifilmprint.eu\/wide-format-sector\/"]}]},{"@type":"BreadcrumbList","@id":"https:\/\/fujifilmprint.eu\/wide-format-sector\/#breadcrumb","itemListElement":[{"@type":"ListItem","position":1,"name":"Home","item":"https:\/\/fujifilmprint.eu\/"},{"@type":"ListItem","position":2,"name":"Wide Format Printing Solutions"}]},{"@type":"WebSite","@id":"https:\/\/fujifilmprint.eu\/#website","url":"https:\/\/fujifilmprint.eu\/","name":"Fujifilm Print EMEA","description":"","publisher":{"@id":"https:\/\/fujifilmprint.eu\/#organization"},"potentialAction":[{"@type":"SearchAction","target":{"@type":"EntryPoint","urlTemplate":"https:\/\/fujifilmprint.eu\/?s={search_term_string}"},"query-input":"required name=search_term_string"}],"inLanguage":"cs"},{"@type":"Organization","@id":"https:\/\/fujifilmprint.eu\/#organization","name":"Fujifilm Print EMEA","url":"https:\/\/fujifilmprint.eu\/","logo":{"@type":"ImageObject","inLanguage":"cs","@id":"https:\/\/fujifilmprint.eu\/#\/schema\/logo\/image\/","url":"https:\/\/fujifilmprint.eu\/wp-content\/uploads\/2022\/07\/fujifilm-1.png","contentUrl":"https:\/\/fujifilmprint.eu\/wp-content\/uploads\/2022\/07\/fujifilm-1.png","width":416,"height":70,"caption":"Fujifilm Print EMEA"},"image":{"@id":"https:\/\/fujifilmprint.eu\/#\/schema\/logo\/image\/"}}]}},"_links":{"self":[{"href":"https:\/\/fujifilmprint.eu\/cs\/wp-json\/wp\/v2\/pages\/5232","targetHints":{"allow":["GET"]}}],"collection":[{"href":"https:\/\/fujifilmprint.eu\/cs\/wp-json\/wp\/v2\/pages"}],"about":[{"href":"https:\/\/fujifilmprint.eu\/cs\/wp-json\/wp\/v2\/types\/page"}],"author":[{"embeddable":true,"href":"https:\/\/fujifilmprint.eu\/cs\/wp-json\/wp\/v2\/users\/1"}],"replies":[{"embeddable":true,"href":"https:\/\/fujifilmprint.eu\/cs\/wp-json\/wp\/v2\/comments?post=5232"}],"version-history":[{"count":85,"href":"https:\/\/fujifilmprint.eu\/cs\/wp-json\/wp\/v2\/pages\/5232\/revisions"}],"predecessor-version":[{"id":21177,"href":"https:\/\/fujifilmprint.eu\/cs\/wp-json\/wp\/v2\/pages\/5232\/revisions\/21177"}],"wp:attachment":[{"href":"https:\/\/fujifilmprint.eu\/cs\/wp-json\/wp\/v2\/media?parent=5232"}],"curies":[{"name":"wp","href":"https:\/\/api.w.org\/{rel}","templated":true}]}}