{"id":21038,"date":"2025-10-23T14:30:04","date_gmt":"2025-10-23T13:30:04","guid":{"rendered":"https:\/\/staging.fujifilmprint.eu\/?page_id=21038"},"modified":"2025-11-13T12:32:01","modified_gmt":"2025-11-13T11:32:01","slug":"collection-services","status":"publish","type":"page","link":"https:\/\/fujifilmprint.eu\/cs\/collection-services\/","title":{"rendered":"Sb\u011brn\u00e9 slu\u017eby"},"content":{"rendered":"<section id=\"black-header\">\n\t<div class=\"container-fluid black-pt\" style=\"background-image: url('https:\/\/fujifilmprint.eu\/wp-content\/uploads\/2025\/10\/Flower-sustainabilityAdobeStock_585179623-e1755096172888.jpg');background-size: cover;padding: 0;\">\n\t<div class=\"overlay\" style=\"padding: 200px 0;\">\t\t<div class=\"container\">\n\t\t\t<h2 style=\"line-height: 80px;\">\n\t\t\t\tSb\u011brn\u00e9 slu\u017eby\t\t\t<\/h2>\n\t\t\t<h3>\n\t\t\t\tSb\u011br, op\u011btovn\u00e9 pou\u017eit\u00ed a recyklace: kruhov\u00fd p\u0159\u00edstup spole\u010dnosti Fujifilm\t\t\t<\/h3>\n\t\t<\/div>\n\t<\/div>\t<\/div>\n<\/section>\n\n<div style=\"height:50px;\">\n<\/div>\n\n<section id=\"txt-header\">\n\t<div class=\"container block-text-header\">\n\t\t<h3><\/h3>\n\t\t<h2>Podpora ob\u011bhu zdroj\u016f<\/h2>\n\t\t<p><p>Spole\u010dnost Fujifilm zavedla od roku 1995 politiku recyklace, jej\u00edm\u017e c\u00edlem je \u2018nulov\u00fd odpad\u2019 a podpora ob\u011bhu zdroj\u016f, kter\u00e1 zahrnuje sb\u011br, op\u011btovn\u00e9 pou\u017eit\u00ed a recyklaci spot\u0159ebovan\u00e9ho za\u0159\u00edzen\u00ed a v\u00fdrobk\u016f od z\u00e1kazn\u00edk\u016f. Tato politika se zam\u011b\u0159uje na sn\u00ed\u017een\u00ed vyu\u017e\u00edv\u00e1n\u00ed nov\u00fdch zdroj\u016f a podporu ob\u011bhu zdroj\u016f op\u011btovn\u00fdm vyu\u017eit\u00edm d\u00edl\u016f odebran\u00fdch ze shrom\u00e1\u017ed\u011bn\u00fdch pou\u017eit\u00fdch v\u00fdrobk\u016f.<\/p>\n<p><img loading=\"lazy\" decoding=\"async\" class=\"alignright\" src=\"https:\/\/office-staging.fujifilmprint.eu\/wp-content\/uploads\/2025\/09\/Circular-Manufacturing-Center-building-1024x731.jpg\" alt=\"\" width=\"585\" height=\"418\" \/><\/p>\n<p>V roce 2024 spole\u010dnost Fujifilm ozn\u00e1mila zalo\u017een\u00ed centra pro kruhovou v\u00fdrobu v nizozemsk\u00e9m z\u00e1vod\u011b FUJIFILM Manufacturing Europe B.V., kter\u00e9 m\u00e1 podpo\u0159it ob\u011bh zdroj\u016f v Evrop\u011b. V prvn\u00edm kroku se nov\u00e9 v\u00fdrobn\u00ed centrum zam\u011b\u0159uje na sb\u011br pou\u017eit\u00fdch tonerov\u00fdch kazet, p\u0159i\u010dem\u017e po sb\u011bru jsou tyto kazety rozebr\u00e1ny, vy\u010di\u0161t\u011bny a zkontrolov\u00e1ny a n\u00e1sledn\u011b znovu vyrobeny jako nov\u00e9 tonerov\u00e9 kazety pro expedici v r\u00e1mci evropsk\u00e9ho regionu. V budoucnu pl\u00e1nuje spole\u010dnost Fujifilm roz\u0161\u00ed\u0159it tyto procesy repasov\u00e1n\u00ed na dal\u0161\u00ed produkty, jako jsou repasovan\u00e9 multifunk\u010dn\u00ed tisk\u00e1rny a n\u00e1hradn\u00ed d\u00edly pro produk\u010dn\u00ed tisk\u00e1rny.<\/p>\n<h6 class=\"s8\"><\/h6>\n<\/p>\n\t<\/div>\n<\/section>\n\n<div style=\"height:20px;\">\n<\/div>\n\n<section id=\"txt-header\">\n\t<div class=\"container block-text-header\">\n\t\t<h3><\/h3>\n\t\t<h2><\/h2>\n\t\t<p><p><img loading=\"lazy\" decoding=\"async\" class=\"alignleft wp-image-21437\" style=\"font-family: Poppins, sans-serif; font-size: 18px;\" src=\"https:\/\/office-staging.fujifilmprint.eu\/wp-content\/uploads\/2025\/09\/Circular-Manufacturing-Center-toner-731x1024.jpg\" alt=\"\" width=\"351\" height=\"491\" \/><\/p>\n<p>Krom\u011b toho spole\u010dnost FUJIFILM Manufacturing Europe B.V. dod\u00e1v\u00e1 ve\u0161kerou vlastn\u00ed elektrickou energii z v\u011btrn\u00e9 elektr\u00e1rny na m\u00edst\u011b a od zakoupen\u00e9 spole\u010dnosti vyr\u00e1b\u011bj\u00edc\u00ed v\u011btrnou energii. Proto m\u016f\u017ee nov\u011b z\u0159\u00edzen\u00e9 centrum kruhov\u00e9 v\u00fdroby dos\u00e1hnout prakticky nulov\u00fdch emis\u00ed CO2 i z elekt\u0159iny, kterou vyu\u017e\u00edv\u00e1. Spole\u010dnost FUJIFILM Manufacturing Europe B.V., m\u00e1 v\u00edce ne\u017e 40letou historii v\u00fdroby r\u016fzn\u00fdch produkt\u016f Fujifilm a d\u00edky sv\u00e9mu um\u00edst\u011bn\u00ed v Nizozemsku m\u00e1 dobrou pozici pro efektivn\u00ed p\u0159epravu produkt\u016f po cel\u00e9m evropsk\u00e9m kontinentu.<\/p>\n<p>Otev\u0159en\u00edm centra pro ob\u011bhovou v\u00fdrobu v Evrop\u011b se spole\u010dnost Fujifilm chyst\u00e1 pos\u00edlit sv\u00e9 aktivity v oblasti ob\u011bhu zdroj\u016f a p\u0159isp\u011bt tak k podpo\u0159e ob\u011bhov\u00e9ho hospod\u00e1\u0159stv\u00ed.<\/p>\n<h6 class=\"s8\"><span class=\"s7\">Za\u0159\u00edzen\u00ed MFP jsou repasov\u00e1na z pou\u017eit\u00fdch v\u00fdrobk\u016f, kter\u00e9 jsou z\u00edsk\u00e1v\u00e1ny od z\u00e1kazn\u00edk\u016f. V\u00fdrobky jsou rozebr\u00e1ny, vy\u010di\u0161t\u011bny a zkontrolov\u00e1ny a v\u0161echny d\u00edly, kter\u00e9 nespl\u0148uj\u00ed ur\u010dit\u00fd standard kvality, jsou vym\u011bn\u011bny.<\/span><\/h6>\n<\/p>\n\t<\/div>\n<\/section>\n\n<div style=\"height:100px;\">\n<\/div>\n\n\n\n\n<div style=\"height:80px;\">\n<\/div>\n\n<section id=\"dark-form\">\n\t<div id=\"footer-form\" class=\"container\">\n\t\t<h2>N\u011bjak\u00e9 dotazy? Kontaktujte n\u00e1s pros\u00edm n\u00ed\u017ee:<\/h2>\n\n\t\t \r\n\r\n  \r\n\r\n \r\n\r\n  \r\n\r\n \r\n\r\n  \r\n\r\n \r\n\r\n  \r\n\r\n \r\n\r\n  \r\n\r\n \r\n\r\n  \r\n\r\n \r\n\r\n  \r\n\r\n \r\n\r\n<script src=\"\/\/info.fujifilm.eu\/js\/forms2\/js\/forms2.min.js\"><\/script> <form id=\"mktoForm_5273\" action=\"\"><input type=\"hidden\" name=\"trp-form-language\" value=\"cs\"\/><\/form> <script>MktoForms2.loadForm(\"\/\/info.fujifilm.eu\", \"060-MIY-956\", 5273);<\/script> \r\n\r\n \r\n\r\n  \r\n\r\n \n\t\t<div id=\"confirmform\" style=\"visibility:hidden;\">\n                            <p><strong>\n\t\t\t\t\tD\u011bkujeme za dotaz, brzy se n\u011bkdo ozve.\t\t\t\t\t<\/strong><\/p>\n              \n        <\/div>\n\t<\/div>\n<\/section>","protected":false},"excerpt":{"rendered":"","protected":false},"author":12,"featured_media":0,"parent":0,"menu_order":0,"comment_status":"closed","ping_status":"closed","template":"","meta":{"inline_featured_image":false,"footnotes":""},"class_list":["post-21038","page","type-page","status-publish","hentry"],"acf":[],"yoast_head":"<!-- This site is optimized with the Yoast SEO plugin v22.0 - https:\/\/yoast.com\/wordpress\/plugins\/seo\/ -->\n<title>Collection Services - Fujifilm Print EMEA<\/title>\n<meta name=\"robots\" content=\"index, follow, max-snippet:-1, max-image-preview:large, max-video-preview:-1\" \/>\n<link rel=\"canonical\" href=\"https:\/\/fujifilmprint.eu\/cs\/collection-services\/\" \/>\n<meta property=\"og:locale\" content=\"cs_CZ\" \/>\n<meta property=\"og:type\" content=\"article\" \/>\n<meta property=\"og:title\" content=\"Collection Services - Fujifilm Print EMEA\" \/>\n<meta property=\"og:url\" content=\"https:\/\/fujifilmprint.eu\/cs\/collection-services\/\" \/>\n<meta property=\"og:site_name\" content=\"Fujifilm Print EMEA\" \/>\n<meta property=\"article:modified_time\" content=\"2025-11-13T11:32:01+00:00\" \/>\n<meta name=\"twitter:card\" content=\"summary_large_image\" \/>\n<meta name=\"twitter:label1\" content=\"Odhadovan\u00e1 doba \u010dten\u00ed\" \/>\n\t<meta name=\"twitter:data1\" content=\"1 minuta\" \/>\n<script type=\"application\/ld+json\" class=\"yoast-schema-graph\">{\"@context\":\"https:\/\/schema.org\",\"@graph\":[{\"@type\":\"WebPage\",\"@id\":\"https:\/\/fujifilmprint.eu\/collection-services\/\",\"url\":\"https:\/\/fujifilmprint.eu\/collection-services\/\",\"name\":\"Collection Services - Fujifilm Print EMEA\",\"isPartOf\":{\"@id\":\"https:\/\/fujifilmprint.eu\/#website\"},\"datePublished\":\"2025-10-23T13:30:04+00:00\",\"dateModified\":\"2025-11-13T11:32:01+00:00\",\"breadcrumb\":{\"@id\":\"https:\/\/fujifilmprint.eu\/collection-services\/#breadcrumb\"},\"inLanguage\":\"cs\",\"potentialAction\":[{\"@type\":\"ReadAction\",\"target\":[\"https:\/\/fujifilmprint.eu\/collection-services\/\"]}]},{\"@type\":\"BreadcrumbList\",\"@id\":\"https:\/\/fujifilmprint.eu\/collection-services\/#breadcrumb\",\"itemListElement\":[{\"@type\":\"ListItem\",\"position\":1,\"name\":\"Home\",\"item\":\"https:\/\/fujifilmprint.eu\/\"},{\"@type\":\"ListItem\",\"position\":2,\"name\":\"Collection Services\"}]},{\"@type\":\"WebSite\",\"@id\":\"https:\/\/fujifilmprint.eu\/#website\",\"url\":\"https:\/\/fujifilmprint.eu\/\",\"name\":\"Fujifilm Print EMEA\",\"description\":\"\",\"publisher\":{\"@id\":\"https:\/\/fujifilmprint.eu\/#organization\"},\"potentialAction\":[{\"@type\":\"SearchAction\",\"target\":{\"@type\":\"EntryPoint\",\"urlTemplate\":\"https:\/\/fujifilmprint.eu\/?s={search_term_string}\"},\"query-input\":\"required name=search_term_string\"}],\"inLanguage\":\"cs\"},{\"@type\":\"Organization\",\"@id\":\"https:\/\/fujifilmprint.eu\/#organization\",\"name\":\"Fujifilm Print EMEA\",\"url\":\"https:\/\/fujifilmprint.eu\/\",\"logo\":{\"@type\":\"ImageObject\",\"inLanguage\":\"cs\",\"@id\":\"https:\/\/fujifilmprint.eu\/#\/schema\/logo\/image\/\",\"url\":\"https:\/\/fujifilmprint.eu\/wp-content\/uploads\/2022\/07\/fujifilm-1.png\",\"contentUrl\":\"https:\/\/fujifilmprint.eu\/wp-content\/uploads\/2022\/07\/fujifilm-1.png\",\"width\":416,\"height\":70,\"caption\":\"Fujifilm Print EMEA\"},\"image\":{\"@id\":\"https:\/\/fujifilmprint.eu\/#\/schema\/logo\/image\/\"}}]}<\/script>\n<!-- \/ Yoast SEO plugin. -->","yoast_head_json":{"title":"Sb\u011brn\u00e9 slu\u017eby - Fujifilm Tisk EMEA","robots":{"index":"index","follow":"follow","max-snippet":"max-snippet:-1","max-image-preview":"max-image-preview:large","max-video-preview":"max-video-preview:-1"},"canonical":"https:\/\/fujifilmprint.eu\/cs\/collection-services\/","og_locale":"cs_CZ","og_type":"article","og_title":"Collection Services - Fujifilm Print EMEA","og_url":"https:\/\/fujifilmprint.eu\/cs\/collection-services\/","og_site_name":"Fujifilm Print EMEA","article_modified_time":"2025-11-13T11:32:01+00:00","twitter_card":"summary_large_image","twitter_misc":{"Odhadovan\u00e1 doba \u010dten\u00ed":"1 minuta"},"schema":{"@context":"https:\/\/schema.org","@graph":[{"@type":"WebPage","@id":"https:\/\/fujifilmprint.eu\/collection-services\/","url":"https:\/\/fujifilmprint.eu\/collection-services\/","name":"Sb\u011brn\u00e9 slu\u017eby - Fujifilm Tisk EMEA","isPartOf":{"@id":"https:\/\/fujifilmprint.eu\/#website"},"datePublished":"2025-10-23T13:30:04+00:00","dateModified":"2025-11-13T11:32:01+00:00","breadcrumb":{"@id":"https:\/\/fujifilmprint.eu\/collection-services\/#breadcrumb"},"inLanguage":"cs","potentialAction":[{"@type":"ReadAction","target":["https:\/\/fujifilmprint.eu\/collection-services\/"]}]},{"@type":"BreadcrumbList","@id":"https:\/\/fujifilmprint.eu\/collection-services\/#breadcrumb","itemListElement":[{"@type":"ListItem","position":1,"name":"Home","item":"https:\/\/fujifilmprint.eu\/"},{"@type":"ListItem","position":2,"name":"Collection Services"}]},{"@type":"WebSite","@id":"https:\/\/fujifilmprint.eu\/#website","url":"https:\/\/fujifilmprint.eu\/","name":"Fujifilm Print EMEA","description":"","publisher":{"@id":"https:\/\/fujifilmprint.eu\/#organization"},"potentialAction":[{"@type":"SearchAction","target":{"@type":"EntryPoint","urlTemplate":"https:\/\/fujifilmprint.eu\/?s={search_term_string}"},"query-input":"required name=search_term_string"}],"inLanguage":"cs"},{"@type":"Organization","@id":"https:\/\/fujifilmprint.eu\/#organization","name":"Fujifilm Print EMEA","url":"https:\/\/fujifilmprint.eu\/","logo":{"@type":"ImageObject","inLanguage":"cs","@id":"https:\/\/fujifilmprint.eu\/#\/schema\/logo\/image\/","url":"https:\/\/fujifilmprint.eu\/wp-content\/uploads\/2022\/07\/fujifilm-1.png","contentUrl":"https:\/\/fujifilmprint.eu\/wp-content\/uploads\/2022\/07\/fujifilm-1.png","width":416,"height":70,"caption":"Fujifilm Print EMEA"},"image":{"@id":"https:\/\/fujifilmprint.eu\/#\/schema\/logo\/image\/"}}]}},"_links":{"self":[{"href":"https:\/\/fujifilmprint.eu\/cs\/wp-json\/wp\/v2\/pages\/21038","targetHints":{"allow":["GET"]}}],"collection":[{"href":"https:\/\/fujifilmprint.eu\/cs\/wp-json\/wp\/v2\/pages"}],"about":[{"href":"https:\/\/fujifilmprint.eu\/cs\/wp-json\/wp\/v2\/types\/page"}],"author":[{"embeddable":true,"href":"https:\/\/fujifilmprint.eu\/cs\/wp-json\/wp\/v2\/users\/12"}],"replies":[{"embeddable":true,"href":"https:\/\/fujifilmprint.eu\/cs\/wp-json\/wp\/v2\/comments?post=21038"}],"version-history":[{"count":21,"href":"https:\/\/fujifilmprint.eu\/cs\/wp-json\/wp\/v2\/pages\/21038\/revisions"}],"predecessor-version":[{"id":21131,"href":"https:\/\/fujifilmprint.eu\/cs\/wp-json\/wp\/v2\/pages\/21038\/revisions\/21131"}],"wp:attachment":[{"href":"https:\/\/fujifilmprint.eu\/cs\/wp-json\/wp\/v2\/media?parent=21038"}],"curies":[{"name":"wp","href":"https:\/\/api.w.org\/{rel}","templated":true}]}}