{"id":1767,"date":"2022-09-06T14:21:28","date_gmt":"2022-09-06T14:21:28","guid":{"rendered":"https:\/\/fujifilmprint.eu\/?page_id=1767"},"modified":"2025-03-20T15:26:25","modified_gmt":"2025-03-20T14:26:25","slug":"udrzitelnost","status":"publish","type":"page","link":"https:\/\/fujifilmprint.eu\/cs\/udrzitelnost\/","title":{"rendered":"Udr\u017eitelnost"},"content":{"rendered":"<section id=\"black-header\">\n\t<div class=\"container-fluid black-pt\" style=\"background-image: url('https:\/\/fujifilmprint.eu\/wp-content\/uploads\/2024\/03\/revoriagc12500-sustainabilitybanner-2500x800-2.jpg');background-size: cover;padding: 0;\">\n\t<div class=\"overlay\" style=\"padding: 200px 0;\">\t\t<div class=\"container\">\n\t\t\t<h2 style=\"line-height: 80px;\">\n\t\t\t\tUdr\u017eitelnost\t\t\t<\/h2>\n\t\t\t<h3>\n\t\t\t\tZam\u011b\u0159en\u00ed na zelen\u011bj\u0161\u00ed budoucnost\t\t\t<\/h3>\n\t\t<\/div>\n\t<\/div>\t<\/div>\n<\/section>\n\n<div style=\"height:80px;\">\n<\/div>\n\n<section id=\"txt-header\">\n\t<div class=\"container block-text-header\">\n\t\t<h3>Zam\u011b\u0159en\u00ed na zelen\u011bj\u0161\u00ed budoucnost<\/h3>\n\t\t<h2>Kl\u00ed\u010dov\u00e9 c\u00edle<\/h2>\n\t\t<p><\/p>\n\t<\/div>\n<\/section>\n\n\n<section id=\"txt-media\">\n\t<div class=\"container\">\n\t\t<div class=\"row\">\n\t\t\t<div class=\"col-md-12 my-auto order-md-2\">\n\n\t\t\t\t\n\t\t\t\t<div >\n\t\t\t\t\t<p>Tento pl\u00e1n, jeho\u017e dlouhodob\u00fdm c\u00edlem je fisk\u00e1ln\u00ed rok 2030, pokl\u00e1d\u00e1 z\u00e1klady strategi\u00ed obchodn\u00edho \u0159\u00edzen\u00ed skupiny Fujifilm pro udr\u017eiteln\u00fd r\u016fst. V tomto pl\u00e1nu jsme si stanovili c\u00edle v n\u00e1sleduj\u00edc\u00edch \u010dty\u0159ech prioritn\u00edch oblastech, jako\u017e i v dodavatelsk\u00e9m \u0159et\u011bzci a spr\u00e1v\u011b, kter\u00e9 tvo\u0159\u00ed z\u00e1klad na\u0161ich obchodn\u00edch aktivit.<\/p>\n\t\t\t\t\t\t\t\t\t<\/div>\n\n\t\t\t<\/div>\n\t\t\t\t\t<\/div>\n\t<\/div>\n<\/section>\n\n<section id=\"tc-icons\">\n\t<div class=\"container block-three-column-icons\">\n\t\t<h2><\/h2>\n\t\t<div class=\"row\">\n\t\t\t\t\t\t\t\t\t\t\t\t<div class=\"col-sm\">\n\t\t\t\t\t\t\t<div class=\"poi-icons\" style=\"\">\n\t\t\t\t\t\t\t\t<img decoding=\"async\" src=\"\/wp-content\/themes\/poi\/media\/icons\/Envorinment.svg\" style=\"filter: brightness(0);\" \/>\n\t\t\t\t\t\t\t<\/div>\n\t\t\t\t\t\t<p>\n\t\t\t\t\t\t\t<strong>\u017eivotn\u00ed prost\u0159ed\u00ed <\/strong>\n\t\t\t\t\t\t<\/p>\n\t\t\t\t\t\t\t<p style=\"padding: 0 15px;\">P\u0159isp\u011bjte k \u0159e\u0161en\u00ed probl\u00e9m\u016f \u017eivotn\u00edho prost\u0159ed\u00ed prost\u0159ednictv\u00edm sn\u00ed\u017een\u00ed na\u0161eho glob\u00e1ln\u00edho dopadu na \u017eivotn\u00ed prost\u0159ed\u00ed<\/p>\n\t\t\t\t\t<\/div>\n\t\t\t\t\t\t\t\t\t<div class=\"col-sm\">\n\t\t\t\t\t\t\t<div class=\"poi-icons\" style=\"\">\n\t\t\t\t\t\t\t\t<img decoding=\"async\" src=\"\/wp-content\/themes\/poi\/media\/icons\/Health.svg\" style=\"filter: brightness(0);\" \/>\n\t\t\t\t\t\t\t<\/div>\n\t\t\t\t\t\t<p>\n\t\t\t\t\t\t\t<strong>Zdrav\u00ed<\/strong>\n\t\t\t\t\t\t<\/p>\n\t\t\t\t\t\t\t<p style=\"padding: 0 15px;\">Vytvo\u0159it zdrav\u011bj\u0161\u00ed spole\u010dnost prost\u0159ednictv\u00edm proces\u016f prevence, diagnostiky a l\u00e9\u010dby ve slu\u017eb\u00e1ch zdravotnictv\u00ed<\/p>\n\t\t\t\t\t<\/div>\n\t\t\t\t\t\t\t\t\t<\/div>\n\t<\/div>\n<\/section>\n\n\n\n<section id=\"tc-icons\">\n\t<div class=\"container block-three-column-icons\">\n\t\t<h2><\/h2>\n\t\t<div class=\"row\">\n\t\t\t\t\t\t\t\t\t\t\t\t<div class=\"col-sm\">\n\t\t\t\t\t\t\t<div class=\"poi-icons\" style=\"\">\n\t\t\t\t\t\t\t\t<img decoding=\"async\" src=\"\/wp-content\/themes\/poi\/media\/icons\/Daily_Life.svg\" style=\"filter: brightness(0);\" \/>\n\t\t\t\t\t\t\t<\/div>\n\t\t\t\t\t\t<p>\n\t\t\t\t\t\t\t<strong>Ka\u017edodenn\u00ed \u017eivot<\/strong>\n\t\t\t\t\t\t<\/p>\n\t\t\t\t\t\t\t<p style=\"padding: 0 15px;\">Podporujte hmotn\u00e9 i nehmotn\u00e9 aspekty soci\u00e1ln\u00ed infrastruktury prost\u0159ednictv\u00edm na\u0161ich produkt\u016f, slu\u017eeb a technologi\u00ed<\/p>\n\t\t\t\t\t<\/div>\n\t\t\t\t\t\t\t\t\t<div class=\"col-sm\">\n\t\t\t\t\t\t\t<div class=\"poi-icons\" style=\"\">\n\t\t\t\t\t\t\t\t<img decoding=\"async\" src=\"\/wp-content\/themes\/poi\/media\/icons\/Work_Style.svg\" style=\"filter: brightness(0);\" \/>\n\t\t\t\t\t\t\t<\/div>\n\t\t\t\t\t\t<p>\n\t\t\t\t\t\t\t<strong>Pracovn\u00ed styl<\/strong>\n\t\t\t\t\t\t<\/p>\n\t\t\t\t\t\t\t<p style=\"padding: 0 15px;\">Propagujte soci\u00e1ln\u00ed zm\u011bny za \u00fa\u010delem zlep\u0161en\u00ed motivace na pracovi\u0161ti roz\u0161\u00ed\u0159en\u00edm na\u0161\u00ed intern\u00ed reformy pracovn\u00edho stylu<\/p>\n\t\t\t\t\t<\/div>\n\t\t\t\t\t\t\t\t\t<\/div>\n\t<\/div>\n<\/section>\n\n\n\n\n<section id=\"txt-media\">\n\t<div class=\"container\">\n\t\t<div class=\"row\">\n\t\t\t<div class=\"col-md-12 my-auto order-md-2\">\n\n\t\t\t\t\n\t\t\t\t<div >\n\t\t\t\t\t<p>Tyto c\u00edle slou\u017e\u00ed jako vod\u00edtka k na\u0161emu c\u00edli p\u0159isp\u00edvat k realizaci udr\u017eiteln\u00e9 spole\u010dnosti prost\u0159ednictv\u00edm dvoj\u00edch hledisek \u0159e\u0161en\u00ed soci\u00e1ln\u00edch probl\u00e9m\u016f prost\u0159ednictv\u00edm na\u0161ich obchodn\u00edch aktivit a zohled\u0148ov\u00e1n\u00ed spole\u010dnosti a \u017eivotn\u00edho prost\u0159ed\u00ed v na\u0161ich obchodn\u00edch procesech.<\/p>\n\t\t\t\t\t\t\t\t\t<\/div>\n\n\t\t\t<\/div>\n\t\t\t\t\t<\/div>\n\t<\/div>\n<\/section>\n\n<div style=\"height:50px;\">\n<\/div>\n\n<section id=\"sus-block\">\r\n    <div class=\"container-fluid\">\r\n        <div class=\"container\">\r\n            <h3>Udr\u017eitelnost<\/h3>\r\n            <div class=\"row\">\r\n                <div class=\"col-md-9\">\r\n                <h2 class=\"fh2\">Technologie digit\u00e1ln\u00edho tisku pro cirkul\u00e1rn\u00ed ekonomiku<\/h2>\r\n                <\/div>\r\n                <div class=\"col-md-3\">\r\n                <img decoding=\"async\" src=\"https:\/\/print-emea.fujifilm.com\/wp-content\/uploads\/2022\/07\/ecology.png\" \/>\r\n                <\/div>\r\n            <\/div>\r\n            \r\n            <h2 class=\"sh2\">Zjist\u011bte, jak m\u016f\u017ee b\u00fdt tisk udr\u017eiteln\u011bj\u0161\u00ed ve v\u011bku zv\u00fd\u0161en\u00fdch obav o \u017eivotn\u00ed prost\u0159ed\u00ed a c\u00edl\u016f \u201enulov\u00e9 \u010dist\u00e9\u201c emise uhl\u00edku<\/h2>\r\n            <a class=\"btn btn-outline-dark\" href=\"https:\/\/fujifilmprint.eu\/cs\/resource\/digital-print-for-a-circular-economy\/\">P\u0159e\u010dt\u011bte si b\u00edlou knihu<\/a>\r\n        <\/div>\r\n    <\/div>\r\n<\/section>\n\n<div style=\"height:50px;\">\n<\/div>\n\n<section id=\"small-cta\">\n\n<!-- Standard Block -->\n    <div class=\"container\">\n        <div class=\"row\">\n            <div class=\"col-md-6 img-bg\" style=\"background-image: url(https:\/\/fujifilmprint.eu\/wp-content\/uploads\/2022\/10\/sustainability_brochure_image.jpg);\">\n            <\/div>\n            <div class=\"col-md-6 green\">\n                <h3>Zpr\u00e1va o udr\u017eitelnosti<\/h3>\n                <p>Zjist\u011bte v\u00edce o z\u00e1vazku spole\u010dnosti Fujifilm k zelen\u011bj\u0161\u00ed budoucnosti<\/p>\n                                    <a href=\"https:\/\/fujifilmprint.eu\/wp-content\/uploads\/2022\/10\/sustainabilityreport2022_en.pdf\" id=\"btnOpenForm\" class=\"btn btn-purple\" style=\"margin: 0\">Stahujte zde<\/a>\n                            <\/div>\n        <\/div>\n    <\/div>\n\t\n\n<\/section>\n\n\n\n<!-- Single Pop-up -->\n<div id=\"popup-\" class=\"popup\">\n\t<div class=\"popup-content dark-form\" id=\"dark-form\">\n\t\t<div class=\"event-header\">\n\t\t\t<h2>\n\t\t\t\t\t\t\t\n\t\t\t\t\t\t\t<\/h2>\n\t\t<\/div>\n\t\t\n\t\t\t\t<div id=\"confirmform\" style=\"visibility:hidden;\">\n\t\t\t\t\t\t\t<p><strong>D\u011bkujeme za dotaz, brzy se n\u011bkdo ozve.<\/strong><\/p>\n\t\t\t\t\t<\/div>\n\t\t\t\t\n\t\t<span class=\"fade-out main-btn-circle\">\u2573<\/span>\n\t<\/div>\n<\/div>\n\t\n\n\n<div style=\"height:50px;\">\n<\/div>\n\n\n<section id=\"articles-block\">\n\t<div class=\"container\">\n\t\t<div class=\"center\">\n\t\t\t<h3>Articles<\/h3>\n\t\t\t<h2>Pod\u00edvejte se znovu na Fujifilm<\/h2>\n\t\t\t<p>Objevte, v \u010dem jsme jin\u00ed<\/p>\n\t\t<\/div>\n\t\t<div class=\"row\">\n\t\t\n\t\t<div class=\"col-md-4 d-flex flex-column\">\n\t\t\t<img decoding=\"async\" class=\"img-004\" src=\"https:\/\/fujifilmprint.eu\/wp-content\/uploads\/2024\/10\/Recycling2-scaled-e1729065014700-350x180.jpg\" \/>\n\t\t\t<a href=\"https:\/\/fujifilmprint.eu\/cs\/resource\/zero-to-landfill-certification\/\" class=\"flex-grow-1\" style=\"text-decoration: none;color: black;\">\n                <div class=\"btn-inner\" style=\"height: 100%\">\n                    <h4>\u2018Certifikace \u2019Zero to Landfill\" pro inkoustov\u00fd are\u00e1l<\/h4>\n                    <img decoding=\"async\" src=\"https:\/\/fujifilmprint.eu\/wp-content\/themes\/poi\/media\/chev.svg\"\/>\n\t\t\t    <\/div>\n            <\/a>\n\t\t<\/div>\n\t\t\n\t\t<div class=\"col-md-4 d-flex flex-column\">\n\t\t\t<img decoding=\"async\" class=\"img-004\" src=\"https:\/\/fujifilmprint.eu\/wp-content\/uploads\/2023\/05\/potwasharticle-featured-1000x563-1-350x180.jpg\" \/>\n\t\t\t<a href=\"https:\/\/fujifilmprint.eu\/cs\/resource\/first-potwash-at-broadstairs-site\/\" class=\"flex-grow-1\" style=\"text-decoration: none;color: black;\">\n                <div class=\"btn-inner\" style=\"height: 100%\">\n                    <h4>Sv\u011btov\u00e1 jedni\u010dka: Udr\u017eiteln\u00fd \u010distic\u00ed roztok<\/h4>\n                    <img decoding=\"async\" src=\"https:\/\/fujifilmprint.eu\/wp-content\/themes\/poi\/media\/chev.svg\"\/>\n\t\t\t    <\/div>\n            <\/a>\n\t\t<\/div>\n\t\t\n\t\t<div class=\"col-md-4 d-flex flex-column\">\n\t\t\t<img decoding=\"async\" class=\"img-004\" src=\"https:\/\/fujifilmprint.eu\/wp-content\/uploads\/2023\/03\/ebro-featured-1000x563-1-350x180.jpg\" \/>\n\t\t\t<a href=\"https:\/\/fujifilmprint.eu\/cs\/resource\/ebro-jetpress\/\" class=\"flex-grow-1\" style=\"text-decoration: none;color: black;\">\n                <div class=\"btn-inner\" style=\"height: 100%\">\n                    <h4>Barva Ebro \u2013 Jet Press 750S HSM &amp; 720S<\/h4>\n                    <img decoding=\"async\" src=\"https:\/\/fujifilmprint.eu\/wp-content\/themes\/poi\/media\/chev.svg\"\/>\n\t\t\t    <\/div>\n            <\/a>\n\t\t<\/div>\n\t\t\t\t<\/div>\n\t\t<div class=\"center\"><a href=\"\/cs\/zdroje\/\" class=\"btn btn-purple\">More articles<\/a><\/div>\n\t<\/div>\n<\/section>\n\n<div style=\"height:80px;\">\n<\/div>\n\n<section id=\"cs-grid\">\n    <div class=\"container-fluid\">\n        <div class=\"container\">\n            <h2>Case Studies<\/h2>\n\n            <div class=\"row\">\n                            <div class=\"col-md-6\">\n                    <a href=\"https:\/\/fujifilmprint.eu\/cs\/resource\/fastsigns-scotland-acuity-triton-aquafuze-ink\/\">\n                                                    <img decoding=\"async\" src=\"https:\/\/fujifilmprint.eu\/wp-content\/uploads\/2026\/01\/Rob-Lambie-close.jpg\" alt=\"FastSigns Scotland: Acuity Triton &amp; AQUAFUZE ink\" \/>\n                                            <\/a>\n                    <a href=\"https:\/\/fujifilmprint.eu\/cs\/resource\/fastsigns-scotland-acuity-triton-aquafuze-ink\/\">\n                        <p class=\"cs-head\">FastSigns Skotsko: Acuity Triton a inkoust AQUAFUZE<\/p>\n                    <\/a>\n                                    <\/div>\n                            <div class=\"col-md-6\">\n                    <a href=\"https:\/\/fujifilmprint.eu\/cs\/resource\/druk-24h-revoria-pc1120-xmf-pressready\/\">\n                                                    <img decoding=\"async\" src=\"https:\/\/fujifilmprint.eu\/wp-content\/uploads\/2026\/02\/Fujifilm_GG_Owner-scaled.jpeg\" alt=\"Druk 24h: Revoria PC1120 &amp; XMF PressReady\" \/>\n                                            <\/a>\n                    <a href=\"https:\/\/fujifilmprint.eu\/cs\/resource\/druk-24h-revoria-pc1120-xmf-pressready\/\">\n                        <p class=\"cs-head\">Druk 24h: Druk Druk: Revoria PC1120 &amp; XMF PressReady<\/p>\n                    <\/a>\n                                    <\/div>\n                        <\/div>\n        <\/div>\n    <\/div>\n<\/section>\n\n<div style=\"height:80px;\">\n<\/div>\n\n<section id=\"dark-form\">\n\t<div id=\"footer-form\" class=\"container\">\n\t\t<h2>N\u011bjak\u00e9 dotazy? Kontaktujte n\u00e1s pros\u00edm n\u00ed\u017ee:<\/h2>\n\n\t\t \r\n\r\n  \r\n\r\n \r\n\r\n  \r\n\r\n \r\n\r\n  \r\n\r\n \r\n\r\n  \r\n\r\n \r\n\r\n  \r\n\r\n \r\n\r\n  \r\n\r\n \r\n\r\n  \r\n\r\n \r\n\r\n<script src=\"\/\/info.fujifilm.eu\/js\/forms2\/js\/forms2.min.js\"><\/script> <form id=\"mktoForm_5273\" action=\"\"><input type=\"hidden\" name=\"trp-form-language\" value=\"cs\"\/><\/form> <script>MktoForms2.loadForm(\"\/\/info.fujifilm.eu\", \"060-MIY-956\", 5273);<\/script> \r\n\r\n \r\n\r\n  \r\n\r\n \n\t\t<div id=\"confirmform\" style=\"visibility:hidden;\">\n                            <p><strong>\n\t\t\t\t\tD\u011bkujeme za dotaz, brzy se n\u011bkdo ozve.\t\t\t\t\t<\/strong><\/p>\n              \n        <\/div>\n\t<\/div>\n<\/section>","protected":false},"excerpt":{"rendered":"","protected":false},"author":1,"featured_media":0,"parent":0,"menu_order":0,"comment_status":"closed","ping_status":"closed","template":"","meta":{"inline_featured_image":false,"footnotes":""},"class_list":["post-1767","page","type-page","status-publish","hentry"],"acf":[],"yoast_head":"<!-- This site is optimized with the Yoast SEO plugin v22.0 - https:\/\/yoast.com\/wordpress\/plugins\/seo\/ -->\n<title>Sustainability | Sustainable Printing | Fujifilm EMEA<\/title>\n<meta name=\"description\" content=\"In an age of heightened environmental concerns and \u2018net zero\u2019 carbon reduction targets, find out how print can be more sustainable. Read more here\" \/>\n<meta name=\"robots\" content=\"index, follow, max-snippet:-1, max-image-preview:large, max-video-preview:-1\" \/>\n<link rel=\"canonical\" href=\"https:\/\/fujifilmprint.eu\/cs\/udrzitelnost\/\" \/>\n<meta property=\"og:locale\" content=\"cs_CZ\" \/>\n<meta property=\"og:type\" content=\"article\" \/>\n<meta property=\"og:title\" content=\"Sustainability | Sustainable Printing | Fujifilm EMEA\" \/>\n<meta property=\"og:description\" content=\"In an age of heightened environmental concerns and \u2018net zero\u2019 carbon reduction targets, find out how print can be more sustainable. Read more here\" \/>\n<meta property=\"og:url\" content=\"https:\/\/fujifilmprint.eu\/cs\/udrzitelnost\/\" \/>\n<meta property=\"og:site_name\" content=\"Fujifilm Print EMEA\" \/>\n<meta property=\"article:modified_time\" content=\"2025-03-20T14:26:25+00:00\" \/>\n<meta name=\"twitter:card\" content=\"summary_large_image\" \/>\n<script type=\"application\/ld+json\" class=\"yoast-schema-graph\">{\"@context\":\"https:\/\/schema.org\",\"@graph\":[{\"@type\":\"WebPage\",\"@id\":\"https:\/\/fujifilmprint.eu\/sustainability\/\",\"url\":\"https:\/\/fujifilmprint.eu\/sustainability\/\",\"name\":\"Sustainability | Sustainable Printing | Fujifilm EMEA\",\"isPartOf\":{\"@id\":\"https:\/\/fujifilmprint.eu\/#website\"},\"datePublished\":\"2022-09-06T14:21:28+00:00\",\"dateModified\":\"2025-03-20T14:26:25+00:00\",\"description\":\"In an age of heightened environmental concerns and \u2018net zero\u2019 carbon reduction targets, find out how print can be more sustainable. Read more here\",\"breadcrumb\":{\"@id\":\"https:\/\/fujifilmprint.eu\/sustainability\/#breadcrumb\"},\"inLanguage\":\"cs\",\"potentialAction\":[{\"@type\":\"ReadAction\",\"target\":[\"https:\/\/fujifilmprint.eu\/sustainability\/\"]}]},{\"@type\":\"BreadcrumbList\",\"@id\":\"https:\/\/fujifilmprint.eu\/sustainability\/#breadcrumb\",\"itemListElement\":[{\"@type\":\"ListItem\",\"position\":1,\"name\":\"Home\",\"item\":\"https:\/\/fujifilmprint.eu\/\"},{\"@type\":\"ListItem\",\"position\":2,\"name\":\"Sustainability\"}]},{\"@type\":\"WebSite\",\"@id\":\"https:\/\/fujifilmprint.eu\/#website\",\"url\":\"https:\/\/fujifilmprint.eu\/\",\"name\":\"Fujifilm Print EMEA\",\"description\":\"\",\"publisher\":{\"@id\":\"https:\/\/fujifilmprint.eu\/#organization\"},\"potentialAction\":[{\"@type\":\"SearchAction\",\"target\":{\"@type\":\"EntryPoint\",\"urlTemplate\":\"https:\/\/fujifilmprint.eu\/?s={search_term_string}\"},\"query-input\":\"required name=search_term_string\"}],\"inLanguage\":\"cs\"},{\"@type\":\"Organization\",\"@id\":\"https:\/\/fujifilmprint.eu\/#organization\",\"name\":\"Fujifilm Print EMEA\",\"url\":\"https:\/\/fujifilmprint.eu\/\",\"logo\":{\"@type\":\"ImageObject\",\"inLanguage\":\"cs\",\"@id\":\"https:\/\/fujifilmprint.eu\/#\/schema\/logo\/image\/\",\"url\":\"https:\/\/fujifilmprint.eu\/wp-content\/uploads\/2022\/07\/fujifilm-1.png\",\"contentUrl\":\"https:\/\/fujifilmprint.eu\/wp-content\/uploads\/2022\/07\/fujifilm-1.png\",\"width\":416,\"height\":70,\"caption\":\"Fujifilm Print EMEA\"},\"image\":{\"@id\":\"https:\/\/fujifilmprint.eu\/#\/schema\/logo\/image\/\"}}]}<\/script>\n<!-- \/ Yoast SEO plugin. -->","yoast_head_json":{"title":"Udr\u017eitelnost | Udr\u017eiteln\u00fd tisk | Fujifilm EMEA","description":"Zjist\u011bte, jak m\u016f\u017ee b\u00fdt tisk udr\u017eiteln\u011bj\u0161\u00ed ve v\u011bku zv\u00fd\u0161en\u00fdch obav o \u017eivotn\u00ed prost\u0159ed\u00ed a c\u00edl\u016f \u201enulov\u00e9 \u010dist\u00e9\u201c emise uhl\u00edku. P\u0159e\u010dt\u011bte si v\u00edce zde","robots":{"index":"index","follow":"follow","max-snippet":"max-snippet:-1","max-image-preview":"max-image-preview:large","max-video-preview":"max-video-preview:-1"},"canonical":"https:\/\/fujifilmprint.eu\/cs\/udrzitelnost\/","og_locale":"cs_CZ","og_type":"article","og_title":"Sustainability | Sustainable Printing | Fujifilm EMEA","og_description":"In an age of heightened environmental concerns and \u2018net zero\u2019 carbon reduction targets, find out how print can be more sustainable. Read more here","og_url":"https:\/\/fujifilmprint.eu\/cs\/udrzitelnost\/","og_site_name":"Fujifilm Print EMEA","article_modified_time":"2025-03-20T14:26:25+00:00","twitter_card":"summary_large_image","schema":{"@context":"https:\/\/schema.org","@graph":[{"@type":"WebPage","@id":"https:\/\/fujifilmprint.eu\/sustainability\/","url":"https:\/\/fujifilmprint.eu\/sustainability\/","name":"Udr\u017eitelnost | Udr\u017eiteln\u00fd tisk | Fujifilm EMEA","isPartOf":{"@id":"https:\/\/fujifilmprint.eu\/#website"},"datePublished":"2022-09-06T14:21:28+00:00","dateModified":"2025-03-20T14:26:25+00:00","description":"Zjist\u011bte, jak m\u016f\u017ee b\u00fdt tisk udr\u017eiteln\u011bj\u0161\u00ed ve v\u011bku zv\u00fd\u0161en\u00fdch obav o \u017eivotn\u00ed prost\u0159ed\u00ed a c\u00edl\u016f \u201enulov\u00e9 \u010dist\u00e9\u201c emise uhl\u00edku. P\u0159e\u010dt\u011bte si v\u00edce zde","breadcrumb":{"@id":"https:\/\/fujifilmprint.eu\/sustainability\/#breadcrumb"},"inLanguage":"cs","potentialAction":[{"@type":"ReadAction","target":["https:\/\/fujifilmprint.eu\/sustainability\/"]}]},{"@type":"BreadcrumbList","@id":"https:\/\/fujifilmprint.eu\/sustainability\/#breadcrumb","itemListElement":[{"@type":"ListItem","position":1,"name":"Home","item":"https:\/\/fujifilmprint.eu\/"},{"@type":"ListItem","position":2,"name":"Sustainability"}]},{"@type":"WebSite","@id":"https:\/\/fujifilmprint.eu\/#website","url":"https:\/\/fujifilmprint.eu\/","name":"Fujifilm Print EMEA","description":"","publisher":{"@id":"https:\/\/fujifilmprint.eu\/#organization"},"potentialAction":[{"@type":"SearchAction","target":{"@type":"EntryPoint","urlTemplate":"https:\/\/fujifilmprint.eu\/?s={search_term_string}"},"query-input":"required name=search_term_string"}],"inLanguage":"cs"},{"@type":"Organization","@id":"https:\/\/fujifilmprint.eu\/#organization","name":"Fujifilm Print EMEA","url":"https:\/\/fujifilmprint.eu\/","logo":{"@type":"ImageObject","inLanguage":"cs","@id":"https:\/\/fujifilmprint.eu\/#\/schema\/logo\/image\/","url":"https:\/\/fujifilmprint.eu\/wp-content\/uploads\/2022\/07\/fujifilm-1.png","contentUrl":"https:\/\/fujifilmprint.eu\/wp-content\/uploads\/2022\/07\/fujifilm-1.png","width":416,"height":70,"caption":"Fujifilm Print EMEA"},"image":{"@id":"https:\/\/fujifilmprint.eu\/#\/schema\/logo\/image\/"}}]}},"_links":{"self":[{"href":"https:\/\/fujifilmprint.eu\/cs\/wp-json\/wp\/v2\/pages\/1767","targetHints":{"allow":["GET"]}}],"collection":[{"href":"https:\/\/fujifilmprint.eu\/cs\/wp-json\/wp\/v2\/pages"}],"about":[{"href":"https:\/\/fujifilmprint.eu\/cs\/wp-json\/wp\/v2\/types\/page"}],"author":[{"embeddable":true,"href":"https:\/\/fujifilmprint.eu\/cs\/wp-json\/wp\/v2\/users\/1"}],"replies":[{"embeddable":true,"href":"https:\/\/fujifilmprint.eu\/cs\/wp-json\/wp\/v2\/comments?post=1767"}],"version-history":[{"count":109,"href":"https:\/\/fujifilmprint.eu\/cs\/wp-json\/wp\/v2\/pages\/1767\/revisions"}],"predecessor-version":[{"id":20007,"href":"https:\/\/fujifilmprint.eu\/cs\/wp-json\/wp\/v2\/pages\/1767\/revisions\/20007"}],"wp:attachment":[{"href":"https:\/\/fujifilmprint.eu\/cs\/wp-json\/wp\/v2\/media?parent=1767"}],"curies":[{"name":"wp","href":"https:\/\/api.w.org\/{rel}","templated":true}]}}